{"id":1011,"date":"2023-11-23T20:42:16","date_gmt":"2023-11-23T23:42:16","guid":{"rendered":"https:\/\/portal.uern.br\/assu\/letraslinguaportuguesa\/?page_id=1011"},"modified":"2023-12-06T19:41:51","modified_gmt":"2023-12-06T22:41:51","slug":"tcc","status":"publish","type":"page","link":"https:\/\/portal.uern.br\/assu\/letraslinguaportuguesa\/tcc\/","title":{"rendered":"TCC 2016"},"content":{"rendered":"<p>&nbsp;<\/p>\n<p>&nbsp;<\/p>\n<table style=\"border-collapse: collapse;width: 100%;height: 316px\">\n<tbody>\n<tr style=\"height: 24px\">\n<td style=\"width: 100%;text-align: center;height: 24px\" colspan=\"3\"><strong><span style=\"font-family: arial, helvetica, sans-serif\">MONOGRAFIAS &#8211; ANO 2016<\/span><\/strong><\/td>\n<\/tr>\n<tr style=\"height: 24px\">\n<td style=\"width: 33.1325%;text-align: center;height: 24px\"><strong><span style=\"font-family: arial, helvetica, sans-serif\">AUTOR(A)<\/span><\/strong><\/td>\n<td style=\"width: 33.1326%;text-align: center;height: 24px\"><strong><span style=\"font-family: arial, helvetica, sans-serif\">ORIENTADOR(A)<\/span><\/strong><\/td>\n<td style=\"width: 33.7349%;text-align: center;height: 24px\"><strong><span style=\"font-family: arial, helvetica, sans-serif\">MONOGRAFIA<\/span><\/strong><\/td>\n<\/tr>\n<tr style=\"height: 72px\">\n<td style=\"width: 33.1325%;text-align: center;height: 72px\"><span style=\"font-family: arial, helvetica, sans-serif\">M\u00edriam Alves de Andrade<\/span><\/td>\n<td style=\"width: 33.1326%;text-align: center;height: 72px\"><span style=\"font-family: arial, helvetica, sans-serif\">Prof.\u00aa Esp. Maria Luzinete Cabral<\/span><\/td>\n<td style=\"width: 33.7349%;text-align: center;height: 72px\"><span style=\"color: #993300\"><a style=\"color: #993300\" href=\"https:\/\/drive.google.com\/file\/d\/1N6kFH51vP4hrfGxT0MsQxqztTcy8xQ69\/view\" target=\"_blank\" rel=\"noopener\"><span style=\"font-family: arial, helvetica, sans-serif\">A PR\u00c1TICA DE LEITURA NO ENSINO FUNDAMENTAL: reflex\u00f5es e proposi\u00e7\u00f5es did\u00e1ticas no ensino de L\u00edngua Portuguesa<\/span><\/a><\/span><\/td>\n<\/tr>\n<tr style=\"height: 48px\">\n<td style=\"width: 33.1325%;text-align: center;height: 48px\"><span style=\"font-family: arial, helvetica, sans-serif\">Maria Adeilza Flor\u00eancio<\/span><\/td>\n<td style=\"width: 33.1326%;text-align: center;height: 48px\"><span style=\"font-family: arial, helvetica, sans-serif\">Prof.\u00aa Dr.\u00aa Maria da Concei\u00e7\u00e3o Silva Dantas Monteiro<br \/>\n<\/span><\/td>\n<td style=\"width: 33.7349%;text-align: center;height: 48px\"><span style=\"font-family: arial, helvetica, sans-serif\">A constru\u00e7\u00e3o do eldorado: uma leitura da obra \u00d3rf\u00e3o do Eldorado.<\/span><\/td>\n<\/tr>\n<tr style=\"height: 124px\">\n<td style=\"width: 33.1325%;text-align: center;height: 124px\"><span style=\"font-family: arial, helvetica, sans-serif\">Antonio da Silva Arruda<\/span><\/td>\n<td style=\"width: 33.1326%;text-align: center;height: 124px\"><span style=\"font-family: arial, helvetica, sans-serif\"> Prof.\u00aa Dr.\u00aa C\u00e1ssia de F\u00e1tima Matos<br \/>\ndos Santos<\/span><\/td>\n<td style=\"width: 33.7349%;text-align: center;height: 124px\"><span style=\"color: #993300\"><a style=\"color: #993300\" href=\"https:\/\/drive.google.com\/file\/d\/1kieGdc8hq0m342nK-EBaqe_3nrTNgHd6\/view\" target=\"_blank\" rel=\"noopener\">FORMA\u00c7\u00c3O DA LITERATURA BRASILEIRA: Compreens\u00e3o do conceito de sistema liter\u00e1rio nacional por estudantes de gradua\u00e7\u00e3o em Letras<\/a><\/span><\/td>\n<\/tr>\n<tr style=\"height: 24px\">\n<td style=\"width: 33.1325%;text-align: center;height: 24px\"><span style=\"font-family: arial, helvetica, sans-serif\">Juliana Fernandes Gon\u00e7alves<\/span><\/td>\n<td style=\"width: 33.1326%;text-align: center;height: 24px\"><span style=\"font-family: arial, helvetica, sans-serif\"> Prof. Dr. Francisco Afr\u00e2nio C\u00e2mara-<br \/>\nPereira<\/span><\/td>\n<td style=\"width: 33.7349%;text-align: center;height: 24px\"><span style=\"color: #993300\"><a style=\"color: #993300\" href=\"https:\/\/drive.google.com\/file\/d\/1m5kiiIaAUZxAATQ83lXWMpL6WKdrME2I\/view\">LUC\u00cdOLA E AM\u00c9LIA: MULHERES DE VERDADE, DUAS HERO\u00cdNAS ROM\u00c2NTICAS EM DESACORDO COM O SEU TEMPO<\/a><\/span><\/td>\n<\/tr>\n<tr>\n<td style=\"width: 33.1325%;text-align: center\"><span style=\"font-family: arial, helvetica, sans-serif\">Andr\u00e9a Naudiclea da Silva Palhares<\/span><\/td>\n<td style=\"width: 33.1326%;text-align: center\"><span style=\"font-family: arial, helvetica, sans-serif\">Pof.\u00aa Ma. Keynesiana Mac\u00eado Souza<\/span><\/td>\n<td style=\"width: 33.7349%;text-align: center\"><span style=\"color: #993300\"><a style=\"color: #993300\" href=\"https:\/\/drive.google.com\/file\/d\/1m8RUxWDLE3aKzMmocFVIVAfM74l3nPrz\/view\">MULHERES EM FOCO: a representa\u00e7\u00e3o do feminino nas obras O Quinze, de Rachel de Queiroz e S. Bernardo, de Graciliano Ramos<\/a><\/span><\/td>\n<\/tr>\n<tr>\n<td style=\"width: 33.1325%;text-align: center\"><span style=\"font-family: arial, helvetica, sans-serif\">Edna lucena de Sousa<\/span><\/td>\n<td style=\"width: 33.1326%;text-align: center\"><span style=\"font-family: arial, helvetica, sans-serif\"> Prof.\u00aa Dr.\u00aa Maria da Concei\u00e7\u00e3o Silva Dantas Monteiro<\/span><\/td>\n<td style=\"width: 33.7349%;text-align: center\"><span style=\"color: #993300\"><a style=\"color: #993300\" href=\"https:\/\/drive.google.com\/file\/d\/1WRIzOTmj96StLRJA0OnIPoVRyiZ_kKEL\/view\">UMA LEITURA DO ROMANCE AS PELEJAS DE OJUARA, DE NEI LEANDRO DE CASTRO<\/a><\/span><\/td>\n<\/tr>\n<tr>\n<td style=\"width: 33.1325%;text-align: center\"><span style=\"font-family: arial, helvetica, sans-serif\">\u00a0<\/span><\/td>\n<td style=\"width: 33.1326%;text-align: center\"><span style=\"font-family: arial, helvetica, sans-serif\">\u00a0<\/span><\/td>\n<td style=\"width: 33.7349%;text-align: center\"><span style=\"font-family: arial, helvetica, sans-serif\">\u00a0<\/span><\/td>\n<\/tr>\n<tr>\n<td style=\"width: 33.1325%;text-align: center\"><span style=\"font-family: arial, helvetica, sans-serif\">\u00a0<\/span><\/td>\n<td style=\"width: 33.1326%;text-align: center\"><span style=\"font-family: arial, helvetica, sans-serif\">\u00a0<\/span><\/td>\n<td style=\"width: 33.7349%;text-align: center\"><span style=\"font-family: arial, helvetica, sans-serif\">\u00a0<\/span><\/td>\n<\/tr>\n<\/tbody>\n<\/table>\n","protected":false},"excerpt":{"rendered":"<p>&nbsp; &nbsp; MONOGRAFIAS &#8211; ANO 2016 AUTOR(A) ORIENTADOR(A) MONOGRAFIA M\u00edriam Alves de Andrade Prof.\u00aa Esp. Maria Luzinete Cabral A PR\u00c1TICA DE LEITURA NO ENSINO FUNDAMENTAL: reflex\u00f5es e proposi\u00e7\u00f5es did\u00e1ticas no ensino de L\u00edngua Portuguesa Maria Adeilza Flor\u00eancio Prof.\u00aa Dr.\u00aa Maria da Concei\u00e7\u00e3o Silva Dantas Monteiro A constru\u00e7\u00e3o do eldorado: uma leitura da obra \u00d3rf\u00e3o do [&hellip;]<\/p>\n","protected":false},"author":8,"featured_media":0,"parent":0,"menu_order":0,"comment_status":"closed","ping_status":"closed","template":"","meta":{"footnotes":""},"class_list":["post-1011","page","type-page","status-publish","hentry"],"_links":{"self":[{"href":"https:\/\/portal.uern.br\/assu\/letraslinguaportuguesa\/wp-json\/wp\/v2\/pages\/1011","targetHints":{"allow":["GET"]}}],"collection":[{"href":"https:\/\/portal.uern.br\/assu\/letraslinguaportuguesa\/wp-json\/wp\/v2\/pages"}],"about":[{"href":"https:\/\/portal.uern.br\/assu\/letraslinguaportuguesa\/wp-json\/wp\/v2\/types\/page"}],"author":[{"embeddable":true,"href":"https:\/\/portal.uern.br\/assu\/letraslinguaportuguesa\/wp-json\/wp\/v2\/users\/8"}],"replies":[{"embeddable":true,"href":"https:\/\/portal.uern.br\/assu\/letraslinguaportuguesa\/wp-json\/wp\/v2\/comments?post=1011"}],"version-history":[{"count":12,"href":"https:\/\/portal.uern.br\/assu\/letraslinguaportuguesa\/wp-json\/wp\/v2\/pages\/1011\/revisions"}],"predecessor-version":[{"id":1108,"href":"https:\/\/portal.uern.br\/assu\/letraslinguaportuguesa\/wp-json\/wp\/v2\/pages\/1011\/revisions\/1108"}],"wp:attachment":[{"href":"https:\/\/portal.uern.br\/assu\/letraslinguaportuguesa\/wp-json\/wp\/v2\/media?parent=1011"}],"curies":[{"name":"wp","href":"https:\/\/api.w.org\/{rel}","templated":true}]}}