{"id":839,"date":"2024-01-23T11:26:27","date_gmt":"2024-01-23T14:26:27","guid":{"rendered":"https:\/\/portal.uern.br\/assu\/dle\/?page_id=839"},"modified":"2025-09-29T16:34:27","modified_gmt":"2025-09-29T19:34:27","slug":"extensao","status":"publish","type":"page","link":"https:\/\/portal.uern.br\/assu\/dle\/extensao\/","title":{"rendered":"Extens\u00e3o"},"content":{"rendered":"<ul>\n<li>A Extens\u00e3o na Educa\u00e7\u00e3o Superior Brasileira \u00e9 a atividade que se integra \u00e0 matriz curricular e \u00e0 organiza\u00e7\u00e3o da pesquisa, constituindo-se em processo interdisciplinar, pol\u00edtico educacional, cultural, cient\u00edfico, tecnol\u00f3gico, que promove a intera\u00e7\u00e3o transformadora entre as institui\u00e7\u00f5es de ensino superior e os outros setores da sociedade, por meio da produ\u00e7\u00e3o e da aplica\u00e7\u00e3o do conhecimento, em articula\u00e7\u00e3o permanente com o ensino, a pesquisa e a extens\u00e3o entre as institui\u00e7\u00f5es de ensino superior e os outros setores da sociedade, por meio da produ\u00e7\u00e3o e da aplica\u00e7\u00e3o do conhecimento, em conson\u00e2ncia com os eixos de ensino e da pesquisa. (Art. 3.\u00ba p. 2).<\/li>\n<li>A partir de Fevereiro de 2026 o DLE ser\u00e1 o coordenador do projeto de Extens\u00e3o UERN no AR que tem as atividades de UCE relacionadas a tal projeto atrav\u00e9s do programa FM in English, sob a coordena\u00e7\u00e3o do professor Akailson Soares.<\/li>\n<li>As atividades de extens\u00e3o de que trata a Resolu\u00e7\u00e3o n\u00ba 25\/2017 \u2013 CONSEPE s\u00e3o organizadas a partir do Componente Curricular denominado Unidade Curricular de Extens\u00e3o &#8211; UCE. As referidas atividades dever\u00e3o ser desenvolvidas atrav\u00e9s de componente denominado genericamente de Unidade Curricular de Extens\u00e3o &#8211; UCE, com carga hor\u00e1ria m\u00ednima de 30 h\/a, em conson\u00e2ncia com o que preceitua a Instru\u00e7\u00e3o Normativa n\u00ba 1\/2018 \u2013 PROEX\/PROEG\/UERN (Artigo 6\u00ba).<\/li>\n<li>A Resolu\u00e7\u00e3o n\u00ba 25\/2017 \u2013 CONSEPE estabelece que uma UCE \u00e9 um \u201cComponente Curricular obrigat\u00f3rio, aut\u00f4nomo, constante da matriz curricular do Curso de Gradua\u00e7\u00e3o\u201d. Em rela\u00e7\u00e3o ao quantitativo de horas, a referida resolu\u00e7\u00e3o estabelece que \u201ca carga hor\u00e1ria total de atividades de extens\u00e3o de que trata esta Resolu\u00e7\u00e3o, ser\u00e1 organizada e ofertada em, no m\u00ednimo, duas UCEs\u201d.<\/li>\n<li>No que concerne \u00e0 oferta das UCEs, uma UCE deve ser ofertada, obrigatoriamente, em conson\u00e2ncia com sua vincula\u00e7\u00e3o \u201ccom Programas e\/ou Projetos institucionalizados na Pr\u00f3-Reitoria de Extens\u00e3o da UERN, respeitados os tr\u00e2mites ordin\u00e1rios previstos na legisla\u00e7\u00e3o vigente\u201d.<\/li>\n<li>O modo de avalia\u00e7\u00e3o das UCEs ser\u00e1 por conceito, ou seja, ao final da disciplina, o docente atribuir\u00e1 ao discente o conceito <strong>satisfat\u00f3rio<\/strong> ou <strong>n\u00e3o satisfat\u00f3rio<\/strong>, e n\u00e3o constar\u00e1 no sistema o registro espec\u00edfico de faltas.<\/li>\n<li>As UCEs do Curso de Letras &#8211; L\u00edngua Inglesa tem uma carga hor\u00e1ria total de 360 horas, o que corresponde a aproximadamente 10,03% (dez v\u00edrgula zero tr\u00eas por cento) da carga hor\u00e1ria total do curso (3710) horas. Essas horas s\u00e3o distribu\u00eddas em quatro disciplinas de UCE e s\u00e3o ofertadas entre o 2\u00ba e o 5\u00ba per\u00edodos, de acordo com o que est\u00e1 exposto no quadro a seguir.<\/li>\n<\/ul>\n","protected":false},"excerpt":{"rendered":"<p>A Extens\u00e3o na Educa\u00e7\u00e3o Superior Brasileira \u00e9 a atividade que se integra \u00e0 matriz curricular e \u00e0 organiza\u00e7\u00e3o da pesquisa, constituindo-se em processo interdisciplinar, pol\u00edtico educacional, cultural, cient\u00edfico, tecnol\u00f3gico, que promove a intera\u00e7\u00e3o transformadora entre as institui\u00e7\u00f5es de ensino superior e os outros setores da sociedade, por meio da produ\u00e7\u00e3o e da aplica\u00e7\u00e3o do conhecimento, [&hellip;]<\/p>\n","protected":false},"author":11,"featured_media":0,"parent":0,"menu_order":0,"comment_status":"closed","ping_status":"closed","template":"","meta":{"footnotes":""},"class_list":["post-839","page","type-page","status-publish","hentry"],"_links":{"self":[{"href":"https:\/\/portal.uern.br\/assu\/dle\/wp-json\/wp\/v2\/pages\/839","targetHints":{"allow":["GET"]}}],"collection":[{"href":"https:\/\/portal.uern.br\/assu\/dle\/wp-json\/wp\/v2\/pages"}],"about":[{"href":"https:\/\/portal.uern.br\/assu\/dle\/wp-json\/wp\/v2\/types\/page"}],"author":[{"embeddable":true,"href":"https:\/\/portal.uern.br\/assu\/dle\/wp-json\/wp\/v2\/users\/11"}],"replies":[{"embeddable":true,"href":"https:\/\/portal.uern.br\/assu\/dle\/wp-json\/wp\/v2\/comments?post=839"}],"version-history":[{"count":4,"href":"https:\/\/portal.uern.br\/assu\/dle\/wp-json\/wp\/v2\/pages\/839\/revisions"}],"predecessor-version":[{"id":992,"href":"https:\/\/portal.uern.br\/assu\/dle\/wp-json\/wp\/v2\/pages\/839\/revisions\/992"}],"wp:attachment":[{"href":"https:\/\/portal.uern.br\/assu\/dle\/wp-json\/wp\/v2\/media?parent=839"}],"curies":[{"name":"wp","href":"https:\/\/api.w.org\/{rel}","templated":true}]}}