{"id":824,"date":"2024-01-23T10:38:40","date_gmt":"2024-01-23T13:38:40","guid":{"rendered":"https:\/\/portal.uern.br\/assu\/dle\/?page_id=824"},"modified":"2024-01-23T10:38:40","modified_gmt":"2024-01-23T13:38:40","slug":"pibid-programa-institucional-de-bolsa-de-iniciacao-a-docencia","status":"publish","type":"page","link":"https:\/\/portal.uern.br\/assu\/dle\/pibid-programa-institucional-de-bolsa-de-iniciacao-a-docencia\/","title":{"rendered":"PIBID &#8211; Programa Institucional de Bolsa de Inicia\u00e7\u00e3o \u00e0 Doc\u00eancia"},"content":{"rendered":"","protected":false},"excerpt":{"rendered":"","protected":false},"author":11,"featured_media":0,"parent":0,"menu_order":0,"comment_status":"closed","ping_status":"closed","template":"","meta":{"footnotes":""},"class_list":["post-824","page","type-page","status-publish","hentry"],"_links":{"self":[{"href":"https:\/\/portal.uern.br\/assu\/dle\/wp-json\/wp\/v2\/pages\/824","targetHints":{"allow":["GET"]}}],"collection":[{"href":"https:\/\/portal.uern.br\/assu\/dle\/wp-json\/wp\/v2\/pages"}],"about":[{"href":"https:\/\/portal.uern.br\/assu\/dle\/wp-json\/wp\/v2\/types\/page"}],"author":[{"embeddable":true,"href":"https:\/\/portal.uern.br\/assu\/dle\/wp-json\/wp\/v2\/users\/11"}],"replies":[{"embeddable":true,"href":"https:\/\/portal.uern.br\/assu\/dle\/wp-json\/wp\/v2\/comments?post=824"}],"version-history":[{"count":1,"href":"https:\/\/portal.uern.br\/assu\/dle\/wp-json\/wp\/v2\/pages\/824\/revisions"}],"predecessor-version":[{"id":825,"href":"https:\/\/portal.uern.br\/assu\/dle\/wp-json\/wp\/v2\/pages\/824\/revisions\/825"}],"wp:attachment":[{"href":"https:\/\/portal.uern.br\/assu\/dle\/wp-json\/wp\/v2\/media?parent=824"}],"curies":[{"name":"wp","href":"https:\/\/api.w.org\/{rel}","templated":true}]}}