{"id":813,"date":"2025-10-27T08:00:33","date_gmt":"2025-10-27T11:00:33","guid":{"rendered":"https:\/\/portal.uern.br\/assu\/dle\/?page_id=813"},"modified":"2025-10-26T17:58:37","modified_gmt":"2025-10-26T20:58:37","slug":"orientacao-academica","status":"publish","type":"page","link":"https:\/\/portal.uern.br\/assu\/dle\/orientacao-academica\/","title":{"rendered":"Orienta\u00e7\u00e3o Acad\u00eamica"},"content":{"rendered":"<table style=\"border-collapse: collapse;width: 100%\">\n<tbody>\n<tr>\n<td style=\"width: 34.0652%;text-align: center\"><strong>Orientador Acad\u00eamico &#8211; Letras L\u00edngua Inglesa<\/strong><\/td>\n<td style=\"width: 15.9348%;text-align: center\"><strong>Portaria<\/strong><\/td>\n<td style=\"width: 25%;text-align: center\"><strong>Validade<\/strong><\/td>\n<td style=\"width: 25%;text-align: center\"><strong>Contato<\/strong><\/td>\n<\/tr>\n<tr>\n<td style=\"width: 34.0652%;text-align: center\">Prof. Akailson Lennon Soares<\/td>\n<td style=\"width: 15.9348%;text-align: center\">No 235, DE 23 DE ABRIL DE 2025.<\/td>\n<td style=\"width: 25%;text-align: center\">\u00a023 DE ABRIL DE 2027.<\/td>\n<td style=\"width: 25%;text-align: center\">akailsonsoares@uern.br<\/td>\n<\/tr>\n<\/tbody>\n<\/table>\n<p>De acordo com o Art.63 do\u00a0<a href=\"https:\/\/drive.google.com\/file\/d\/1qvJRAQMF2NiIwkGzCoCE5PdVITEEzYW3\/view?usp=drive_link\">Regulamento dos Cursos de Gradua\u00e7\u00e3o<\/a>, s\u00e3o atribui\u00e7\u00f5es do orientador acad\u00eamico:<\/p>\n<p align=\"justify\">I. Acompanhar o desenvolvimento acad\u00eamico dos alunos sob sua orienta\u00e7\u00e3o;<\/p>\n<p align=\"justify\">II. Planejar, junto aos alunos, considerando a programa\u00e7\u00e3o acad\u00eamica do curso, fluxo curricular compat\u00edvel com seus interesses e possibilidades de desempenho acad\u00eamico, quando for o caso;<\/p>\n<p align=\"justify\">III. Orientar a tomada de decis\u00f5es relativas \u00e0 matr\u00edcula, trancamentos e outros atos de interesse acad\u00eamico;<\/p>\n<p align=\"justify\">IV. Apresentar aos alunos o PPC e a estrutura universit\u00e1ria;<\/p>\n<p align=\"justify\">V. Atuar como membro nato da Comiss\u00e3o de NDE;<\/p>\n<p align=\"justify\">VI. Disponibilizar, ao Departamento Acad\u00eamico, as informa\u00e7\u00f5es necess\u00e1rias para o fim de subsidiar a oferta de componentes curriculares, bem como as prioridades relativas ao Programa Institucional de Monitoria (PIM), no semestre letivo;<\/p>\n<p align=\"justify\">VII. Acompanhar, junto ao aluno, o desenvolvimento das atividades complementares por meio de controle e registro no Sistema de Administra\u00e7\u00e3o Escolar;<\/p>\n<p align=\"justify\">VIII. Apresentar, semestralmente, \u00e0 plen\u00e1ria departamental, diagn\u00f3stico do processo formativo-acad\u00eamico referente ao grupo de alunos sob sua orienta\u00e7\u00e3o;<\/p>\n<p align=\"justify\">IX. Conduzir processos de aproveitamento de estudos;<\/p>\n<p align=\"justify\">X. Atuar como membro nato da comiss\u00e3o departamental de avalia\u00e7\u00e3o de processo seletivo de vagas n\u00e3o iniciais<\/p>\n","protected":false},"excerpt":{"rendered":"<p>Orientador Acad\u00eamico &#8211; Letras L\u00edngua Inglesa Portaria Validade Contato Prof. Akailson Lennon Soares No 235, DE 23 DE ABRIL DE 2025. \u00a023 DE ABRIL DE 2027. akailsonsoares@uern.br De acordo com o Art.63 do\u00a0Regulamento dos Cursos de Gradua\u00e7\u00e3o, s\u00e3o atribui\u00e7\u00f5es do orientador acad\u00eamico: I. Acompanhar o desenvolvimento acad\u00eamico dos alunos sob sua orienta\u00e7\u00e3o; II. Planejar, junto [&hellip;]<\/p>\n","protected":false},"author":11,"featured_media":0,"parent":0,"menu_order":0,"comment_status":"closed","ping_status":"closed","template":"","meta":{"footnotes":""},"class_list":["post-813","page","type-page","status-publish","hentry"],"_links":{"self":[{"href":"https:\/\/portal.uern.br\/assu\/dle\/wp-json\/wp\/v2\/pages\/813","targetHints":{"allow":["GET"]}}],"collection":[{"href":"https:\/\/portal.uern.br\/assu\/dle\/wp-json\/wp\/v2\/pages"}],"about":[{"href":"https:\/\/portal.uern.br\/assu\/dle\/wp-json\/wp\/v2\/types\/page"}],"author":[{"embeddable":true,"href":"https:\/\/portal.uern.br\/assu\/dle\/wp-json\/wp\/v2\/users\/11"}],"replies":[{"embeddable":true,"href":"https:\/\/portal.uern.br\/assu\/dle\/wp-json\/wp\/v2\/comments?post=813"}],"version-history":[{"count":6,"href":"https:\/\/portal.uern.br\/assu\/dle\/wp-json\/wp\/v2\/pages\/813\/revisions"}],"predecessor-version":[{"id":1006,"href":"https:\/\/portal.uern.br\/assu\/dle\/wp-json\/wp\/v2\/pages\/813\/revisions\/1006"}],"wp:attachment":[{"href":"https:\/\/portal.uern.br\/assu\/dle\/wp-json\/wp\/v2\/media?parent=813"}],"curies":[{"name":"wp","href":"https:\/\/api.w.org\/{rel}","templated":true}]}}