{"id":797,"date":"2023-11-17T10:28:57","date_gmt":"2023-11-17T13:28:57","guid":{"rendered":"https:\/\/portal.uern.br\/assu\/dle\/?page_id=797"},"modified":"2026-03-31T19:27:17","modified_gmt":"2026-03-31T22:27:17","slug":"nde","status":"publish","type":"page","link":"https:\/\/portal.uern.br\/assu\/dle\/nde\/","title":{"rendered":"NDE"},"content":{"rendered":"<p><strong>NDE &#8211; N\u00daCLEO DOCENTE ESTRUTURANTE<\/strong><\/p>\n<p>Membros do NDE do Departamento de Letras Estrangeiras &#8211; Campus Avan\u00e7ado de Ass\u00fa [<a href=\"https:\/\/portal.uern.br\/assu\/dle\/wp-content\/uploads\/sites\/6\/2026\/03\/Portaria-106-2026-NDE-DLE-CAA.pdf\" target=\"_blank\" rel=\"noopener\">Portaria SEI N\u00ba 106\/2026<\/a>], com mandato at\u00e9 9 de mar\u00e7o de 2028.<\/p>\n<table style=\"border-collapse: collapse;width: 83.7874%;height: 289px\">\n<tbody>\n<tr style=\"height: 24px\">\n<td style=\"width: 25%;text-align: center;height: 24px\"><strong>MEMBRO<\/strong><\/td>\n<td style=\"width: 25%;text-align: center;height: 24px\"><strong>FUN\u00c7\u00c3O<\/strong><\/td>\n<\/tr>\n<tr style=\"height: 53px\">\n<td style=\"width: 25%;text-align: center;height: 53px\">Prof. Dr. Ivandilson Costa<\/td>\n<td style=\"width: 25%;text-align: center;height: 53px\">Coordenador<\/td>\n<\/tr>\n<tr>\n<td style=\"width: 25%;text-align: center\">Prof. Dr. Wellington Vieira Mendes<\/td>\n<td style=\"width: 25%;text-align: center\">Vice-Coordenador do NDE<\/td>\n<\/tr>\n<tr style=\"height: 53px\">\n<td style=\"width: 25%;text-align: center;height: 53px\">Prof. Esp. Akailson Lenon Soares<\/td>\n<td style=\"width: 25%;text-align: center;height: 53px\">Orientador Acad\u00eamico<\/td>\n<\/tr>\n<tr style=\"height: 53px\">\n<td style=\"width: 25%;text-align: center;height: 53px\">Prof. Me. Antonio Gomes Diniz<\/td>\n<td style=\"width: 25%;text-align: center;height: 53px\">Chefe do Departamento<\/td>\n<\/tr>\n<tr style=\"height: 53px\">\n<td style=\"width: 25%;text-align: center;height: 53px\">Prof. Me. Leod\u00e9cio Martins Varela<\/td>\n<td style=\"width: 25%;text-align: center;height: 53px\">Coordenador de Est\u00e1gio do Curso<\/td>\n<\/tr>\n<\/tbody>\n<\/table>\n<p>O N\u00facleo Docente Estruturante \u2013 NDE, que \u00e9 uma comiss\u00e3o permanente, de car\u00e1ter propositivo \u2013 NDE \u2013 Portaria MEC n\u00ba 147\/2007, consultivo e executivo, dos cursos de gradua\u00e7\u00e3o, vinculado aos Departamentos Acad\u00eamicos, que se ocupa da concep\u00e7\u00e3o do curso e de sua consolida\u00e7\u00e3o, desenvolvendo suas atividades de modo articulado com as entidades representativas e deliberativas de professores e alunos da UERN, considerando as demandas sociais locais, as diretrizes curriculares nacionais e a miss\u00e3o da Universidade.<\/p>\n<p>De acordo com a Resolu\u00e7\u00e3o n 59\/2013 \u2013 CONSEPE \u2013 UERN, o N\u00facleo Docente Estruturante \u2013 NDE \u00e9 uma comiss\u00e3o de car\u00e1ter \u201cpropositivo, consultivo e executivo\u201d e busca desenvolver atividades em conjunto com as representa\u00e7\u00f5es sociais e a miss\u00e3o da universidade.<\/p>\n<p>Dentre as atribui\u00e7\u00f5es do NDE, destacam-se a sua responsabilidade na formula\u00e7\u00e3o, implanta\u00e7\u00e3o e acompanhamento do Projeto Pedag\u00f3gico do Curso, no desenvolvimento de estrat\u00e9gias de acompanhamento e avalia\u00e7\u00e3o do processo de consolida\u00e7\u00e3o do Curso. \u00c9 tamb\u00e9m responsabilidade do NDE elaborar um conjunto de princ\u00edpios norteadores para o curso com o intuito de cumprir com o seu prop\u00f3sito social, juntamente com a comunidade acad\u00eamica e entidades representativas de alunos e da sociedade em geral, al\u00e9m de estimular o aperfei\u00e7oamento e o cumprimento da legisla\u00e7\u00e3o em vigor para que o curso possa alcan\u00e7ar os seus objetivos.<\/p>\n","protected":false},"excerpt":{"rendered":"<p>NDE &#8211; N\u00daCLEO DOCENTE ESTRUTURANTE Membros do NDE do Departamento de Letras Estrangeiras &#8211; Campus Avan\u00e7ado de Ass\u00fa [Portaria SEI N\u00ba 106\/2026], com mandato at\u00e9 9 de mar\u00e7o de 2028. MEMBRO FUN\u00c7\u00c3O Prof. Dr. Ivandilson Costa Coordenador Prof. Dr. Wellington Vieira Mendes Vice-Coordenador do NDE Prof. Esp. Akailson Lenon Soares Orientador Acad\u00eamico Prof. Me. Antonio [&hellip;]<\/p>\n","protected":false},"author":11,"featured_media":0,"parent":0,"menu_order":0,"comment_status":"closed","ping_status":"closed","template":"","meta":{"footnotes":""},"class_list":["post-797","page","type-page","status-publish","hentry"],"_links":{"self":[{"href":"https:\/\/portal.uern.br\/assu\/dle\/wp-json\/wp\/v2\/pages\/797","targetHints":{"allow":["GET"]}}],"collection":[{"href":"https:\/\/portal.uern.br\/assu\/dle\/wp-json\/wp\/v2\/pages"}],"about":[{"href":"https:\/\/portal.uern.br\/assu\/dle\/wp-json\/wp\/v2\/types\/page"}],"author":[{"embeddable":true,"href":"https:\/\/portal.uern.br\/assu\/dle\/wp-json\/wp\/v2\/users\/11"}],"replies":[{"embeddable":true,"href":"https:\/\/portal.uern.br\/assu\/dle\/wp-json\/wp\/v2\/comments?post=797"}],"version-history":[{"count":10,"href":"https:\/\/portal.uern.br\/assu\/dle\/wp-json\/wp\/v2\/pages\/797\/revisions"}],"predecessor-version":[{"id":1035,"href":"https:\/\/portal.uern.br\/assu\/dle\/wp-json\/wp\/v2\/pages\/797\/revisions\/1035"}],"wp:attachment":[{"href":"https:\/\/portal.uern.br\/assu\/dle\/wp-json\/wp\/v2\/media?parent=797"}],"curies":[{"name":"wp","href":"https:\/\/api.w.org\/{rel}","templated":true}]}}