{"id":934,"date":"2024-05-13T21:25:36","date_gmt":"2024-05-14T00:25:36","guid":{"rendered":"https:\/\/portal.uern.br\/assu\/dhi\/?page_id=934"},"modified":"2024-09-10T12:10:15","modified_gmt":"2024-09-10T15:10:15","slug":"nde-nucleo-docente-estruturante","status":"publish","type":"page","link":"https:\/\/portal.uern.br\/assu\/dhi\/nde-nucleo-docente-estruturante\/","title":{"rendered":"NDE &#8211; N\u00facleo Docente Estruturante"},"content":{"rendered":"<p>O N\u00facleo Docente Estruturante \u2013 NDE do Curso de Hist\u00f3ria-CAA \u00e9 uma comiss\u00e3o permanente, de car\u00e1ter propositivo, consultivo e executivo, dos cursos de gradua\u00e7\u00e3o, vinculado aos Departamentos Acad\u00eamicos, que se ocupa da concep\u00e7\u00e3o do curso e de sua consolida\u00e7\u00e3o, desenvolvendo suas atividades de modo articulado com as entidades representativas e deliberativas de professores e alunos da UERN, considerando as demandas sociais loco-regionais, as diretrizes curriculares nacionais e a miss\u00e3o da Universidade.<\/p>\n<p>&nbsp;<\/p>\n<p><strong>Membros do NDE do curso de Hist\u00f3ria-CAA (<a href=\"https:\/\/drive.google.com\/file\/d\/1VZfCD3VtqgUS90yYgfdPe2xuso0nCZw5\/view?usp=drive_link\">Portaria-SEI n\u00ba 101\/2023<\/a>):<\/strong><\/p>\n<table style=\"border-collapse: collapse;width: 100%;height: 115px\">\n<tbody>\n<tr style=\"height: 23px\">\n<td style=\"width: 50%;height: 23px\">Prof. Me. Augusto S\u00e9rgio de Oliveira<\/td>\n<td style=\"width: 50%;height: 23px\">Coordenador<\/td>\n<\/tr>\n<tr style=\"height: 23px\">\n<td style=\"width: 50%;height: 23px\">Prof. Dr. Marcelo Vieira Magalh\u00e3es<\/td>\n<td style=\"width: 50%;height: 23px\">Vice-Coordenador<\/td>\n<\/tr>\n<tr style=\"height: 23px\">\n<td style=\"width: 50%;height: 23px\">Prof. Dr. Rosenilson da Silva Santos<\/td>\n<td style=\"width: 50%;height: 23px\">Membro &#8211; Chefe do Departamento<\/td>\n<\/tr>\n<tr style=\"height: 23px\">\n<td style=\"width: 50%;height: 23px\">Profa. Dra. Jovelina Silva Santos<\/td>\n<td style=\"width: 50%;height: 23px\">Membro &#8211; Orientadora Acad\u00eamica<\/td>\n<\/tr>\n<tr style=\"height: 23px\">\n<td style=\"width: 50%;height: 23px\">Profa Dra. Josiane Maria de Castro Ribeiro<\/td>\n<td style=\"width: 50%;height: 23px\">Membro &#8211; Orientadora Acad\u00eamica<\/td>\n<\/tr>\n<\/tbody>\n<\/table>\n","protected":false},"excerpt":{"rendered":"<p>O N\u00facleo Docente Estruturante \u2013 NDE do Curso de Hist\u00f3ria-CAA \u00e9 uma comiss\u00e3o permanente, de car\u00e1ter propositivo, consultivo e executivo, dos cursos de gradua\u00e7\u00e3o, vinculado aos Departamentos Acad\u00eamicos, que se ocupa da concep\u00e7\u00e3o do curso e de sua consolida\u00e7\u00e3o, desenvolvendo suas atividades de modo articulado com as entidades representativas e deliberativas de professores e alunos [&hellip;]<\/p>\n","protected":false},"author":6,"featured_media":0,"parent":0,"menu_order":0,"comment_status":"closed","ping_status":"closed","template":"","meta":{"footnotes":""},"class_list":["post-934","page","type-page","status-publish","hentry"],"_links":{"self":[{"href":"https:\/\/portal.uern.br\/assu\/dhi\/wp-json\/wp\/v2\/pages\/934","targetHints":{"allow":["GET"]}}],"collection":[{"href":"https:\/\/portal.uern.br\/assu\/dhi\/wp-json\/wp\/v2\/pages"}],"about":[{"href":"https:\/\/portal.uern.br\/assu\/dhi\/wp-json\/wp\/v2\/types\/page"}],"author":[{"embeddable":true,"href":"https:\/\/portal.uern.br\/assu\/dhi\/wp-json\/wp\/v2\/users\/6"}],"replies":[{"embeddable":true,"href":"https:\/\/portal.uern.br\/assu\/dhi\/wp-json\/wp\/v2\/comments?post=934"}],"version-history":[{"count":5,"href":"https:\/\/portal.uern.br\/assu\/dhi\/wp-json\/wp\/v2\/pages\/934\/revisions"}],"predecessor-version":[{"id":1082,"href":"https:\/\/portal.uern.br\/assu\/dhi\/wp-json\/wp\/v2\/pages\/934\/revisions\/1082"}],"wp:attachment":[{"href":"https:\/\/portal.uern.br\/assu\/dhi\/wp-json\/wp\/v2\/media?parent=934"}],"curies":[{"name":"wp","href":"https:\/\/api.w.org\/{rel}","templated":true}]}}