{"id":930,"date":"2024-05-13T21:23:43","date_gmt":"2024-05-14T00:23:43","guid":{"rendered":"https:\/\/portal.uern.br\/assu\/dhi\/?page_id=930"},"modified":"2024-09-10T11:53:37","modified_gmt":"2024-09-10T14:53:37","slug":"cose-comissao-setorial-de-avaliacao-institucional","status":"publish","type":"page","link":"https:\/\/portal.uern.br\/assu\/dhi\/cose-comissao-setorial-de-avaliacao-institucional\/","title":{"rendered":"COSE &#8211; Comiss\u00e3o Setorial de Avalia\u00e7\u00e3o Institucional"},"content":{"rendered":"<p><strong>Compete a Comiss\u00e3o Setorial de Avalia\u00e7\u00e3o \u2013 COSE:<\/strong><\/p>\n<p>I.\u00a0 \u00a0 \u00a0 \u00a0 \u00a0Sensibilizar a comunidade acad\u00eamica do registro \u00f3rg\u00e3o para os processos de avalia\u00e7\u00e3o institucional;<\/p>\n<p>II.\u00a0 \u00a0 \u00a0 \u00a0 Desenvolver o processo de autoavalia\u00e7\u00e3o no \u00f3rg\u00e3o, conforme o\u00a0 projeto de autoavalia\u00e7\u00e3o da Unidade e orienta\u00e7\u00f5es da Comiss\u00e3o Pr\u00f3pria de Avalia\u00e7\u00e3o \u2013 CPA\/UERN;<\/p>\n<p>III.\u00a0 \u00a0 \u00a0 \u00a0 Organizar reuni\u00f5es sistem\u00e1ticas para desenvolver suas atividades;<\/p>\n<p>IV.\u00a0 \u00a0 \u00a0 \u00a0 Sistematizar e prestar as informa\u00e7\u00f5es solicitadas pela Comiss\u00e3o Pr\u00f3pria de Avalia\u00e7\u00e3o \u2013 CPA\/UERN;<\/p>\n<p>V.\u00a0\u00a0\u00a0\u00a0\u00a0\u00a0\u00a0\u00a0\u00a0 Ao fim de cada semestre, a COSE dever\u00e1 apresentar \u00e0 CPA\/UERN relat\u00f3rio das atividades realizadas, conforme modelo procedente da pr\u00f3pria CPA\/UERN.<\/p>\n<p>&nbsp;<\/p>\n<p><strong>Membros da COSE do curso de Hist\u00f3ria-CAA (<a href=\"https:\/\/drive.google.com\/file\/d\/1qlrAtZ8-WyUeFQ1QQilD90-c5k7Kk5ik\/view?usp=drive_link\">Portaria-SEI n\u00ba 140\/2023<\/a>):\u00a0<\/strong><\/p>\n<table style=\"border-collapse: collapse;width: 100%;height: 92px\">\n<tbody>\n<tr style=\"height: 23px\">\n<td style=\"width: 50%;height: 23px\">Prof. Me. Francisco Francij\u00e9si Firmino<\/td>\n<td style=\"width: 50%;height: 23px\">Coordenador<\/td>\n<\/tr>\n<tr style=\"height: 23px\">\n<td style=\"width: 50%;height: 23px\">Prof. Me Augusto S\u00e9rgio de Oliveira<\/td>\n<td style=\"width: 50%;height: 23px\">Vice-coordenador<\/td>\n<\/tr>\n<tr style=\"height: 23px\">\n<td style=\"width: 50%;height: 23px\">TNM Esp. Rom\u00e1rio Alexandre Ferreira da Silva<\/td>\n<td style=\"width: 50%;height: 23px\">Represente t\u00e9cnico-administrativo<\/td>\n<\/tr>\n<tr style=\"height: 23px\">\n<td style=\"width: 50%;height: 23px\">Isabelle Maria dos Reis de Oliveira<\/td>\n<td style=\"width: 50%;height: 23px\">Representante estudantil<\/td>\n<\/tr>\n<\/tbody>\n<\/table>\n<p>Para mais informa\u00e7\u00f5es sobre a COSE e a CPA, consulte a p\u00e1gina da Assessoria de Avalia\u00e7\u00e3o Institucional \u2013 AAI (<a href=\"https:\/\/portal.uern.br\/aai\/\" target=\"_blank\" rel=\"noopener\">P\u00e1gina AAI<\/a>)<\/p>\n","protected":false},"excerpt":{"rendered":"<p>Compete a Comiss\u00e3o Setorial de Avalia\u00e7\u00e3o \u2013 COSE: I.\u00a0 \u00a0 \u00a0 \u00a0 \u00a0Sensibilizar a comunidade acad\u00eamica do registro \u00f3rg\u00e3o para os processos de avalia\u00e7\u00e3o institucional; II.\u00a0 \u00a0 \u00a0 \u00a0 Desenvolver o processo de autoavalia\u00e7\u00e3o no \u00f3rg\u00e3o, conforme o\u00a0 projeto de autoavalia\u00e7\u00e3o da Unidade e orienta\u00e7\u00f5es da Comiss\u00e3o Pr\u00f3pria de Avalia\u00e7\u00e3o \u2013 CPA\/UERN; III.\u00a0 \u00a0 \u00a0 [&hellip;]<\/p>\n","protected":false},"author":6,"featured_media":0,"parent":0,"menu_order":0,"comment_status":"closed","ping_status":"closed","template":"","meta":{"footnotes":""},"class_list":["post-930","page","type-page","status-publish","hentry"],"_links":{"self":[{"href":"https:\/\/portal.uern.br\/assu\/dhi\/wp-json\/wp\/v2\/pages\/930","targetHints":{"allow":["GET"]}}],"collection":[{"href":"https:\/\/portal.uern.br\/assu\/dhi\/wp-json\/wp\/v2\/pages"}],"about":[{"href":"https:\/\/portal.uern.br\/assu\/dhi\/wp-json\/wp\/v2\/types\/page"}],"author":[{"embeddable":true,"href":"https:\/\/portal.uern.br\/assu\/dhi\/wp-json\/wp\/v2\/users\/6"}],"replies":[{"embeddable":true,"href":"https:\/\/portal.uern.br\/assu\/dhi\/wp-json\/wp\/v2\/comments?post=930"}],"version-history":[{"count":4,"href":"https:\/\/portal.uern.br\/assu\/dhi\/wp-json\/wp\/v2\/pages\/930\/revisions"}],"predecessor-version":[{"id":1078,"href":"https:\/\/portal.uern.br\/assu\/dhi\/wp-json\/wp\/v2\/pages\/930\/revisions\/1078"}],"wp:attachment":[{"href":"https:\/\/portal.uern.br\/assu\/dhi\/wp-json\/wp\/v2\/media?parent=930"}],"curies":[{"name":"wp","href":"https:\/\/api.w.org\/{rel}","templated":true}]}}