{"id":928,"date":"2024-05-13T21:23:02","date_gmt":"2024-05-14T00:23:02","guid":{"rendered":"https:\/\/portal.uern.br\/assu\/dhi\/?page_id=928"},"modified":"2024-09-10T14:38:33","modified_gmt":"2024-09-10T17:38:33","slug":"cda-comissao-de-desempenho-academico","status":"publish","type":"page","link":"https:\/\/portal.uern.br\/assu\/dhi\/cda-comissao-de-desempenho-academico\/","title":{"rendered":"CDA &#8211; Comiss\u00e3o de Desempenho Acad\u00eamico"},"content":{"rendered":"<p>Compete \u00e0 Comiss\u00e3o de Desempenho Acad\u00eamico \u2013 CDA avaliar a documenta\u00e7\u00e3o referente \u00e0 progress\u00e3o por n\u00edvel dos\/as docentes do curso de Hist\u00f3ria-CAA.<\/p>\n<p><strong>A CDA do curso de Hist\u00f3ria-CAA \u00e9 composta pelos seguintes membros (<a href=\"https:\/\/drive.google.com\/file\/d\/19kj0jCgNvrb2Qx6IPIxgksmyGtDH9Pb_\/view?usp=drive_link\">Portaria-SEI n\u00ba 457\/2022<\/a>):<\/strong><\/p>\n<table style=\"border-collapse: collapse;width: 100%\">\n<tbody>\n<tr>\n<td style=\"width: 50%\">Prof. Dr. Rosenilson da Silva Santos<\/td>\n<td style=\"width: 50%\">Presidente &#8211; Chefe do Departamento<\/td>\n<\/tr>\n<tr>\n<td style=\"width: 50%\">Profa. Dra. Josiane Maria de Castro Ribeiro<\/td>\n<td style=\"width: 50%\">Membro &#8211; Docente indicada pelo Colegiado<\/td>\n<\/tr>\n<tr>\n<td style=\"width: 50%\">TNM Esp. Rom\u00e1rio Alexandre Ferreira da Silva<\/td>\n<td style=\"width: 50%\">Membro &#8211; Secret\u00e1rio do Departamento<\/td>\n<\/tr>\n<\/tbody>\n<\/table>\n<p>Para maiores informa\u00e7\u00f5es referente a atua\u00e7\u00e3o da CDA e da Progress\u00e3o Docente no \u00e2mbito da UERN, consulte a <a href=\"https:\/\/drive.google.com\/file\/d\/1cQ3Vk_Zx7JVMLaFjsoXKCC4eQtGzD-EC\/view?usp=drive_link\">Resolu\u00e7\u00e3o n\u00ba 60\/2022<\/a>.<\/p>\n","protected":false},"excerpt":{"rendered":"<p>Compete \u00e0 Comiss\u00e3o de Desempenho Acad\u00eamico \u2013 CDA avaliar a documenta\u00e7\u00e3o referente \u00e0 progress\u00e3o por n\u00edvel dos\/as docentes do curso de Hist\u00f3ria-CAA. A CDA do curso de Hist\u00f3ria-CAA \u00e9 composta pelos seguintes membros (Portaria-SEI n\u00ba 457\/2022): Prof. Dr. Rosenilson da Silva Santos Presidente &#8211; Chefe do Departamento Profa. Dra. Josiane Maria de Castro Ribeiro Membro [&hellip;]<\/p>\n","protected":false},"author":6,"featured_media":0,"parent":0,"menu_order":0,"comment_status":"closed","ping_status":"closed","template":"","meta":{"footnotes":""},"class_list":["post-928","page","type-page","status-publish","hentry"],"_links":{"self":[{"href":"https:\/\/portal.uern.br\/assu\/dhi\/wp-json\/wp\/v2\/pages\/928","targetHints":{"allow":["GET"]}}],"collection":[{"href":"https:\/\/portal.uern.br\/assu\/dhi\/wp-json\/wp\/v2\/pages"}],"about":[{"href":"https:\/\/portal.uern.br\/assu\/dhi\/wp-json\/wp\/v2\/types\/page"}],"author":[{"embeddable":true,"href":"https:\/\/portal.uern.br\/assu\/dhi\/wp-json\/wp\/v2\/users\/6"}],"replies":[{"embeddable":true,"href":"https:\/\/portal.uern.br\/assu\/dhi\/wp-json\/wp\/v2\/comments?post=928"}],"version-history":[{"count":5,"href":"https:\/\/portal.uern.br\/assu\/dhi\/wp-json\/wp\/v2\/pages\/928\/revisions"}],"predecessor-version":[{"id":1086,"href":"https:\/\/portal.uern.br\/assu\/dhi\/wp-json\/wp\/v2\/pages\/928\/revisions\/1086"}],"wp:attachment":[{"href":"https:\/\/portal.uern.br\/assu\/dhi\/wp-json\/wp\/v2\/media?parent=928"}],"curies":[{"name":"wp","href":"https:\/\/api.w.org\/{rel}","templated":true}]}}