{"id":884,"date":"2023-11-17T21:06:45","date_gmt":"2023-11-18T00:06:45","guid":{"rendered":"https:\/\/portal.uern.br\/assu\/dhi\/?page_id=884"},"modified":"2024-09-10T17:31:05","modified_gmt":"2024-09-10T20:31:05","slug":"gepes","status":"publish","type":"page","link":"https:\/\/portal.uern.br\/assu\/dhi\/gepes\/","title":{"rendered":"GEPES"},"content":{"rendered":"<table style=\"border-collapse: collapse;width: 100%\">\n<tbody>\n<tr>\n<td style=\"width: 100%;text-align: center\"><strong>GRUPO DE ESTUDOS EM PODER, ESTADO E SOCIEDADE &#8211; GEPES<\/strong><\/td>\n<\/tr>\n<\/tbody>\n<\/table>\n<table style=\"border-collapse: collapse;width: 100%\">\n<tbody>\n<tr>\n<td style=\"width: 50%\"><strong>L\u00edderes:<\/strong><\/td>\n<td style=\"width: 50%\">Prof\u00ba Dr. Rosenilson da Silva Santos<\/p>\n<p>Prof\u00aa Dra. Jovelina Silva Santos<\/td>\n<\/tr>\n<\/tbody>\n<\/table>\n<p>&nbsp;<\/p>\n<ul>\n<li><strong>R<\/strong><strong>EPERCUSS\u00d5ES<\/strong><\/li>\n<\/ul>\n<p>O GEPES vem incentivando a\u00e7\u00f5es individuais de pesquisa de discentes, bem como agencia o apoio a Projetos de Exten\u00e7\u00e3o. Atualmente desenvolve um grupo de estudo te\u00f3rico tem\u00e1tico, que envolve docentes pesquisadores e discentes.<\/p>\n<p>&nbsp;<\/p>\n<ul>\n<li><strong>LINHAS DE PESQUISA<\/strong><\/li>\n<\/ul>\n<p>&nbsp;<\/p>\n<table style=\"border-collapse: collapse;width: 100%;height: 120px\">\n<tbody>\n<tr style=\"height: 48px\">\n<td style=\"width: 55.796%;text-align: center;height: 48px\"><strong>Nome da linha de pesquisa<\/strong><\/td>\n<td style=\"width: 19.125%;text-align: center;height: 48px\"><strong>Quantidade de Estudantes<\/strong><\/td>\n<td style=\"width: 16.3283%;text-align: center;height: 48px\"><strong>Quantidade de Pesquisadores<\/strong><\/td>\n<td style=\"width: 8.75048%;text-align: center\"><strong>A\u00e7\u00f5es<\/strong><\/td>\n<\/tr>\n<tr style=\"height: 24px\">\n<td style=\"width: 55.796%;height: 24px\">HIST\u00d3RIA, SOCIEDADE E CULTURA.<\/td>\n<td style=\"width: 19.125%;height: 24px;text-align: center\">0<\/td>\n<td style=\"width: 16.3283%;height: 24px;text-align: center\">2<\/td>\n<td style=\"width: 8.75048%;text-align: center\"><a id=\"idFormVisualizarGrupoPesquisa:j_idt251:0:idBtnVisualizarEspelhoLinhaPesquisa\" href=\"https:\/\/dgp.cnpq.br\/dgp\/espelholinha\/33759204169393241053132\"><button id=\"idFormVisualizarGrupoPesquisa:j_idt251:0:j_idt263\" class=\"ui-button ui-widget ui-state-default ui-corner-all ui-button-icon-only btn btn-mini ui-state-hover\" role=\"button\" name=\"idFormVisualizarGrupoPesquisa:j_idt251:0:j_idt263\" type=\"submit\"><span class=\"ui-button-text ui-c\">Abrir<\/span><\/button><\/a><\/td>\n<\/tr>\n<tr style=\"height: 24px\">\n<td style=\"width: 55.796%;height: 24px\">RURALIDADES, NATUREZA E SOCIEDADES: Conflitos, Territ\u00f3rios e Identidades<\/td>\n<td style=\"width: 19.125%;height: 24px;text-align: center\">0<\/td>\n<td style=\"width: 16.3283%;height: 24px;text-align: center\">4<\/td>\n<td style=\"width: 8.75048%;text-align: center\"><span style=\"color: #000000;font-family: Arial\"><span style=\"font-size: 13.3333px;background-color: #f0f0f0\"><a id=\"idFormVisualizarGrupoPesquisa:j_idt251:0:idBtnVisualizarEspelhoLinhaPesquisa\" href=\"https:\/\/dgp.cnpq.br\/dgp\/espelholinha\/3375920416939324691179\"><button id=\"idFormVisualizarGrupoPesquisa:j_idt251:0:j_idt263\" class=\"ui-button ui-widget ui-state-default ui-corner-all ui-button-icon-only btn btn-mini ui-state-hover\" role=\"button\" name=\"idFormVisualizarGrupoPesquisa:j_idt251:0:j_idt263\" type=\"submit\"><span class=\"ui-button-text ui-c\">Abrir<\/span><\/button><\/a><\/span><\/span><\/td>\n<\/tr>\n<tr style=\"height: 24px\">\n<td style=\"width: 55.796%;height: 24px\">SOCIEDADE E PODER: estado, cultura pol\u00edtica e identidades<\/td>\n<td style=\"width: 19.125%;height: 24px;text-align: center\">1<\/td>\n<td style=\"width: 16.3283%;height: 24px;text-align: center\">3<\/td>\n<td style=\"width: 8.75048%;text-align: center\"><a id=\"idFormVisualizarGrupoPesquisa:j_idt251:0:idBtnVisualizarEspelhoLinhaPesquisa\" href=\"https:\/\/dgp.cnpq.br\/dgp\/espelholinha\/33759204169393241053149\"><button id=\"idFormVisualizarGrupoPesquisa:j_idt251:0:j_idt263\" class=\"ui-button ui-widget ui-state-default ui-corner-all ui-button-icon-only btn btn-mini ui-state-hover\" role=\"button\" name=\"idFormVisualizarGrupoPesquisa:j_idt251:0:j_idt263\" type=\"submit\"><span class=\"ui-button-text ui-c\">Abrir<\/span><\/button><\/a><\/td>\n<\/tr>\n<\/tbody>\n<\/table>\n<p>&nbsp;<\/p>\n<ul>\n<li><strong>RECURSOS HUMANOS<\/strong><\/li>\n<\/ul>\n<p>Em constru\u00e7\u00e3o.<\/p>\n<p>&nbsp;<\/p>\n<ul>\n<li><strong>EGRESSOS<\/strong><\/li>\n<\/ul>\n<p>Em constru\u00e7\u00e3o.<\/p>\n","protected":false},"excerpt":{"rendered":"<p>GRUPO DE ESTUDOS EM PODER, ESTADO E SOCIEDADE &#8211; GEPES L\u00edderes: Prof\u00ba Dr. Rosenilson da Silva Santos Prof\u00aa Dra. Jovelina Silva Santos &nbsp; REPERCUSS\u00d5ES O GEPES vem incentivando a\u00e7\u00f5es individuais de pesquisa de discentes, bem como agencia o apoio a Projetos de Exten\u00e7\u00e3o. Atualmente desenvolve um grupo de estudo te\u00f3rico tem\u00e1tico, que envolve docentes pesquisadores [&hellip;]<\/p>\n","protected":false},"author":6,"featured_media":0,"parent":0,"menu_order":0,"comment_status":"closed","ping_status":"closed","template":"","meta":{"footnotes":""},"class_list":["post-884","page","type-page","status-publish","hentry"],"_links":{"self":[{"href":"https:\/\/portal.uern.br\/assu\/dhi\/wp-json\/wp\/v2\/pages\/884","targetHints":{"allow":["GET"]}}],"collection":[{"href":"https:\/\/portal.uern.br\/assu\/dhi\/wp-json\/wp\/v2\/pages"}],"about":[{"href":"https:\/\/portal.uern.br\/assu\/dhi\/wp-json\/wp\/v2\/types\/page"}],"author":[{"embeddable":true,"href":"https:\/\/portal.uern.br\/assu\/dhi\/wp-json\/wp\/v2\/users\/6"}],"replies":[{"embeddable":true,"href":"https:\/\/portal.uern.br\/assu\/dhi\/wp-json\/wp\/v2\/comments?post=884"}],"version-history":[{"count":8,"href":"https:\/\/portal.uern.br\/assu\/dhi\/wp-json\/wp\/v2\/pages\/884\/revisions"}],"predecessor-version":[{"id":1088,"href":"https:\/\/portal.uern.br\/assu\/dhi\/wp-json\/wp\/v2\/pages\/884\/revisions\/1088"}],"wp:attachment":[{"href":"https:\/\/portal.uern.br\/assu\/dhi\/wp-json\/wp\/v2\/media?parent=884"}],"curies":[{"name":"wp","href":"https:\/\/api.w.org\/{rel}","templated":true}]}}