{"id":876,"date":"2023-11-17T19:04:54","date_gmt":"2023-11-17T22:04:54","guid":{"rendered":"https:\/\/portal.uern.br\/assu\/dhi\/?page_id=876"},"modified":"2023-11-17T19:08:26","modified_gmt":"2023-11-17T22:08:26","slug":"disciplinas","status":"publish","type":"page","link":"https:\/\/portal.uern.br\/assu\/dhi\/disciplinas\/","title":{"rendered":"Estrutura Curricular"},"content":{"rendered":"<table class=\" alignleft\" style=\"border-collapse: collapse;width: 100%\">\n<tbody>\n<tr>\n<td style=\"width: 100%;text-align: center\"><strong>ESTRUTURA CURRICULAR<\/strong><\/td>\n<\/tr>\n<\/tbody>\n<\/table>\n<table class=\" alignleft\" style=\"border-collapse: collapse;width: 93.5049%\">\n<tbody>\n<tr>\n<td style=\"width: 84.8492%\">Did\u00e1tica do ensino de hist\u00f3ria<\/td>\n<td style=\"width: 15.5457%;text-align: center\">45 h\/a<\/td>\n<\/tr>\n<tr>\n<td style=\"width: 84.8492%\" data-sheets-value=\"{&quot;1&quot;:2,&quot;2&quot;:&quot;Racismo e a quest\u00e3o \u00e9tnico-racial na sociedade brasileira.&quot;}\">Racismo e a quest\u00e3o \u00e9tnico-racial na sociedade brasileira.<\/td>\n<td style=\"width: 15.5457%;text-align: center\" data-sheets-value=\"{&quot;1&quot;:2,&quot;2&quot;:&quot;30 h\/a&quot;}\">30 h\/a<\/td>\n<\/tr>\n<tr>\n<td style=\"width: 84.8492%\" data-sheets-value=\"{&quot;1&quot;:2,&quot;2&quot;:&quot;Hist\u00f3ria e historiografia das popula\u00e7\u00f5es ind\u00edgenas&quot;}\">Hist\u00f3ria e historiografia das popula\u00e7\u00f5es ind\u00edgenas<\/td>\n<td style=\"width: 15.5457%;text-align: center\" data-sheets-value=\"{&quot;1&quot;:2,&quot;2&quot;:&quot;30 h\/a&quot;}\">30 h\/a<\/td>\n<\/tr>\n<tr>\n<td style=\"width: 84.8492%\" data-sheets-value=\"{&quot;1&quot;:2,&quot;2&quot;:&quot;Hist\u00f3ria e historiografia das popula\u00e7\u00f5es ind\u00edgenas no Rio Grande do Norte&quot;}\">Hist\u00f3ria e historiografia das popula\u00e7\u00f5es ind\u00edgenas no Rio Grande do Norte<\/td>\n<td style=\"width: 15.5457%;text-align: center\" data-sheets-value=\"{&quot;1&quot;:2,&quot;2&quot;:&quot;30 h\/a&quot;}\">30 h\/a<\/td>\n<\/tr>\n<tr>\n<td style=\"width: 84.8492%\" data-sheets-value=\"{&quot;1&quot;:2,&quot;2&quot;:&quot;Hist\u00f3ria e historiografia das popula\u00e7\u00f5es africanas e afro-brasileiras&quot;}\">Hist\u00f3ria e historiografia das popula\u00e7\u00f5es africanas e afro-brasileiras<\/td>\n<td style=\"width: 15.5457%;text-align: center\" data-sheets-value=\"{&quot;1&quot;:2,&quot;2&quot;:&quot;30 h\/a&quot;}\">30 h\/a<\/td>\n<\/tr>\n<tr>\n<td style=\"width: 84.8492%\" data-sheets-value=\"{&quot;1&quot;:2,&quot;2&quot;:&quot;T\u00f3picos especiais em Hist\u00f3ria e Cultura Afro-Brasileira e Ind\u00edgena&quot;}\">T\u00f3picos especiais em Hist\u00f3ria e Cultura Afro-Brasileira e Ind\u00edgena<\/td>\n<td style=\"width: 15.5457%;text-align: center\" data-sheets-value=\"{&quot;1&quot;:2,&quot;2&quot;:&quot;30 h\/a&quot;}\">30 h\/a<\/td>\n<\/tr>\n<tr>\n<td style=\"width: 84.8492%\" data-sheets-value=\"{&quot;1&quot;:2,&quot;2&quot;:&quot;Patrim\u00f4nio e mem\u00f3ria em comunidades quilombolas e ind\u00edgenas contempor\u00e2neas &quot;}\">Patrim\u00f4nio e mem\u00f3ria em comunidades quilombolas e ind\u00edgenas contempor\u00e2neas<\/td>\n<td style=\"width: 15.5457%;text-align: center\" data-sheets-value=\"{&quot;1&quot;:2,&quot;2&quot;:&quot;30 h\/a&quot;}\">30 h\/a<\/td>\n<\/tr>\n<tr>\n<td style=\"width: 84.8492%\" data-sheets-value=\"{&quot;1&quot;:2,&quot;2&quot;:&quot;Int\u00e9rpretes da brasilidade: mesti\u00e7agem e a inven\u00e7\u00e3o do nacional &quot;}\">Int\u00e9rpretes da brasilidade: mesti\u00e7agem e a inven\u00e7\u00e3o do nacional<\/td>\n<td style=\"width: 15.5457%;text-align: center\" data-sheets-value=\"{&quot;1&quot;:2,&quot;2&quot;:&quot;30 h\/a&quot;}\">30 h\/a<\/td>\n<\/tr>\n<tr>\n<td style=\"width: 84.8492%\" data-sheets-value=\"{&quot;1&quot;:2,&quot;2&quot;:&quot;G\u00eanero e feminismo no contexto das identidades \u00e9tnico-raciais &quot;}\">G\u00eanero e feminismo no contexto das identidades \u00e9tnico-raciais<\/td>\n<td style=\"width: 15.5457%;text-align: center\" data-sheets-value=\"{&quot;1&quot;:2,&quot;2&quot;:&quot;30 h\/a&quot;}\">30 h\/a<\/td>\n<\/tr>\n<tr>\n<td style=\"width: 84.8492%\" data-sheets-value=\"{&quot;1&quot;:2,&quot;2&quot;:&quot;Metodologia da Pesquisa e a quest\u00e3o \u00c9tnico-Racial&quot;}\">Metodologia da Pesquisa e a quest\u00e3o \u00c9tnico-Racial<\/td>\n<td style=\"width: 15.5457%;text-align: center\" data-sheets-value=\"{&quot;1&quot;:2,&quot;2&quot;:&quot;30 h\/a&quot;}\">30 h\/a<\/td>\n<\/tr>\n<tr>\n<td style=\"width: 84.8492%\" data-sheets-value=\"{&quot;1&quot;:2,&quot;2&quot;:&quot;Oficinas did\u00e1ticas de Educa\u00e7\u00e3o e as quest\u00f5es de diversidade cultural na escola&quot;}\">Oficinas did\u00e1ticas de Educa\u00e7\u00e3o e as quest\u00f5es de diversidade cultural na escola<\/td>\n<td style=\"width: 15.5457%;text-align: center\" data-sheets-value=\"{&quot;1&quot;:2,&quot;2&quot;:&quot;30 h\/a&quot;}\">30 h\/a<\/td>\n<\/tr>\n<tr>\n<td style=\"width: 84.8492%\" data-sheets-value=\"{&quot;1&quot;:2,&quot;2&quot;:&quot;Semin\u00e1rio de Hist\u00f3ria e Cultura Afro-brasileira e ind\u00edgena &quot;}\">Semin\u00e1rio de Hist\u00f3ria e Cultura Afro-brasileira e ind\u00edgena<\/td>\n<td style=\"width: 15.5457%;text-align: center\" data-sheets-value=\"{&quot;1&quot;:2,&quot;2&quot;:&quot;30 h\/a&quot;}\">30 h\/a<\/td>\n<\/tr>\n<tr>\n<td style=\"width: 84.8492%\" data-sheets-value=\"{&quot;1&quot;:2,&quot;2&quot;:&quot;TCC (Monografia ou Artigo)&quot;}\">TCC (Monografia ou Artigo)<\/td>\n<td style=\"width: 15.5457%;text-align: center\" data-sheets-value=\"{&quot;1&quot;:2,&quot;2&quot;:&quot;90 h&quot;}\">90 h<\/td>\n<\/tr>\n<\/tbody>\n<\/table>\n","protected":false},"excerpt":{"rendered":"<p>ESTRUTURA CURRICULAR Did\u00e1tica do ensino de hist\u00f3ria 45 h\/a Racismo e a quest\u00e3o \u00e9tnico-racial na sociedade brasileira. 30 h\/a Hist\u00f3ria e historiografia das popula\u00e7\u00f5es ind\u00edgenas 30 h\/a Hist\u00f3ria e historiografia das popula\u00e7\u00f5es ind\u00edgenas no Rio Grande do Norte 30 h\/a Hist\u00f3ria e historiografia das popula\u00e7\u00f5es africanas e afro-brasileiras 30 h\/a T\u00f3picos especiais em Hist\u00f3ria e [&hellip;]<\/p>\n","protected":false},"author":6,"featured_media":0,"parent":0,"menu_order":0,"comment_status":"closed","ping_status":"closed","template":"","meta":{"footnotes":""},"class_list":["post-876","page","type-page","status-publish","hentry"],"_links":{"self":[{"href":"https:\/\/portal.uern.br\/assu\/dhi\/wp-json\/wp\/v2\/pages\/876","targetHints":{"allow":["GET"]}}],"collection":[{"href":"https:\/\/portal.uern.br\/assu\/dhi\/wp-json\/wp\/v2\/pages"}],"about":[{"href":"https:\/\/portal.uern.br\/assu\/dhi\/wp-json\/wp\/v2\/types\/page"}],"author":[{"embeddable":true,"href":"https:\/\/portal.uern.br\/assu\/dhi\/wp-json\/wp\/v2\/users\/6"}],"replies":[{"embeddable":true,"href":"https:\/\/portal.uern.br\/assu\/dhi\/wp-json\/wp\/v2\/comments?post=876"}],"version-history":[{"count":6,"href":"https:\/\/portal.uern.br\/assu\/dhi\/wp-json\/wp\/v2\/pages\/876\/revisions"}],"predecessor-version":[{"id":883,"href":"https:\/\/portal.uern.br\/assu\/dhi\/wp-json\/wp\/v2\/pages\/876\/revisions\/883"}],"wp:attachment":[{"href":"https:\/\/portal.uern.br\/assu\/dhi\/wp-json\/wp\/v2\/media?parent=876"}],"curies":[{"name":"wp","href":"https:\/\/api.w.org\/{rel}","templated":true}]}}