{"id":675,"date":"2023-07-20T21:19:05","date_gmt":"2023-07-21T00:19:05","guid":{"rendered":"https:\/\/portal.uern.br\/assu\/dhi\/?page_id=675"},"modified":"2024-05-07T18:34:26","modified_gmt":"2024-05-07T21:34:26","slug":"editais","status":"publish","type":"page","link":"https:\/\/portal.uern.br\/assu\/dhi\/editais\/","title":{"rendered":"Editais"},"content":{"rendered":"<p><span style=\"font-size: 18pt\"><strong>EDITAIS 2024<\/strong><\/span><\/p>\n<ul>\n<li><a href=\"https:\/\/drive.google.com\/file\/d\/1wsxvW7SuwHcvYmAkKUmsUVqE4C5uyrIM\/view?usp=drive_link\">Edital 001\/2024 &#8211; DHI\/CAA<\/a> &#8211; Projeto de Extens\u00e3o Hist\u00f3rias e narrativas decoloniais do Rio Grande do Norte: por novas pr\u00e1ticas de Mem\u00f3ria \u2013 PIBEX \u2013 2024;<\/li>\n<li><a href=\"https:\/\/drive.google.com\/file\/d\/1iXM6oU6cfcicvZKSTrxfCBoLXfpd8KsR\/view?usp=drive_link\">Edital 002\/2024 &#8211; DHI\/CAA<\/a> &#8211; Aditivo ao Edital 001\/2024 &#8211; DHI\/CAA;<\/li>\n<li>Resultado Final do Edital N\u00b0 004\/2024 \u2013 PROEX\/UERN: <a href=\"https:\/\/mail-attachment.googleusercontent.com\/attachment\/u\/0\/?ui=2&amp;ik=1d3413f416&amp;attid=0.2&amp;permmsgid=msg-f:1798402193924687426&amp;th=18f535445c2a0642&amp;view=att&amp;disp=inline&amp;realattid=f_lvwg5c5s1&amp;saddbat=ANGjdJ_ACinXNw0t52AzNxKoy6FE3wDUmEkoD5tqAov6TuwBpCpByOCf7mK_ya7pwe8nRS6z-76AZ6gFUoy1LXfB4gx0-_db2S1kaoSMYjJHb3OlziFJFzersZNXlk710zy_DGVmJB53Mntlw0RDjOxW8nrxiycs0LdQIdzb5W6FWFxrpgEZzibhisiYgD1glHsqLPBPZK7ram3UREaihTVgR_Nio4Woxxv_Pz9retVb51biQKUYyvefssLUKvqLUF69pKWyu8UWzX66ipS0c_St-c0HbxxjnW-IC38UCl1782ksZ7QwAuZh2Ho14-fg5Lo5pYS6Fyy-h7auy1SmFC_v87Kwg7cZVoFkqaua-8-l7lTYnJePq0sWEHj0Nswc6k7ZTc6YOUcdgswsmsMri5rZgs4cvsJonhVUXrAjRYllkhb7qFPx2FyOm_UjPxeuZuR3cGXWRce13DPWiHAdpPp6MFnYYtfh7jOy4JmdZPw8WdOy6twYyfDLomwqU1EWOTKurM7s6vTb4LjyD64HklvrqFxv4WbJK1y_njyGd8JZfo5ooRO0OLmM05tIRBWTyuyWdsWDk--8Im7KCKnfpFVVBjtlk2w7-CpxvgwjALhzpCOWVB55zsLVNXMpJxzbUsrrX8l6RRYJLB0PBAgNTszP5h-j4m2sLNxJUMKUd8EXKp-7D6ofTe8TMkLPR8YfMdIS5HnDaWTY4cM5TBxXVNMinSrcPgcVZuyyu3eOQVnlOCnJhNFHVHGoC5PdayD9HMOW9evDbbVuRfPLUhmSVa8Sz8Z7-85eHVOGw3xLAqS_r-Ve7FF1UGbl31CS-Uck8Y80ki4Uqt1H2Il7xzN-hX9KqHk-11oeTJuFdtNSllX_ZV5H59w8s_NFAupsyWynAhg0fhLzLTnoWo_Icebvx9ej8IvZFyf7l5oFdcmIURPV5ZG7OxzKFE65I4bJ-b3kK0dyH7GXGHkMmKVCMtkbNKK74DWLjTH5BQEkDE0AhuGxPjdIEVSe__yHHBl1Ty8WDOc_aq9zfvxsBSt43sL96LCtEUw-NNVVHXe17x27Hg\">Clique aqui<\/a>;<\/li>\n<\/ul>\n","protected":false},"excerpt":{"rendered":"<p>EDITAIS 2024 Edital 001\/2024 &#8211; DHI\/CAA &#8211; Projeto de Extens\u00e3o Hist\u00f3rias e narrativas decoloniais do Rio Grande do Norte: por novas pr\u00e1ticas de Mem\u00f3ria \u2013 PIBEX \u2013 2024; Edital 002\/2024 &#8211; DHI\/CAA &#8211; Aditivo ao Edital 001\/2024 &#8211; DHI\/CAA; Resultado Final do Edital N\u00b0 004\/2024 \u2013 PROEX\/UERN: Clique aqui;<\/p>\n","protected":false},"author":6,"featured_media":0,"parent":0,"menu_order":0,"comment_status":"closed","ping_status":"closed","template":"","meta":{"footnotes":""},"class_list":["post-675","page","type-page","status-publish","hentry"],"_links":{"self":[{"href":"https:\/\/portal.uern.br\/assu\/dhi\/wp-json\/wp\/v2\/pages\/675","targetHints":{"allow":["GET"]}}],"collection":[{"href":"https:\/\/portal.uern.br\/assu\/dhi\/wp-json\/wp\/v2\/pages"}],"about":[{"href":"https:\/\/portal.uern.br\/assu\/dhi\/wp-json\/wp\/v2\/types\/page"}],"author":[{"embeddable":true,"href":"https:\/\/portal.uern.br\/assu\/dhi\/wp-json\/wp\/v2\/users\/6"}],"replies":[{"embeddable":true,"href":"https:\/\/portal.uern.br\/assu\/dhi\/wp-json\/wp\/v2\/comments?post=675"}],"version-history":[{"count":9,"href":"https:\/\/portal.uern.br\/assu\/dhi\/wp-json\/wp\/v2\/pages\/675\/revisions"}],"predecessor-version":[{"id":924,"href":"https:\/\/portal.uern.br\/assu\/dhi\/wp-json\/wp\/v2\/pages\/675\/revisions\/924"}],"wp:attachment":[{"href":"https:\/\/portal.uern.br\/assu\/dhi\/wp-json\/wp\/v2\/media?parent=675"}],"curies":[{"name":"wp","href":"https:\/\/api.w.org\/{rel}","templated":true}]}}