{"id":671,"date":"2023-07-20T21:18:47","date_gmt":"2023-07-21T00:18:47","guid":{"rendered":"https:\/\/portal.uern.br\/assu\/dhi\/?page_id=671"},"modified":"2024-12-13T18:48:20","modified_gmt":"2024-12-13T21:48:20","slug":"requerimentos","status":"publish","type":"page","link":"https:\/\/portal.uern.br\/assu\/dhi\/requerimentos\/","title":{"rendered":"Requerimentos"},"content":{"rendered":"<ul>\n<li><a href=\"https:\/\/drive.google.com\/file\/d\/1MWDCM2OeX6NZi6BtIhkZYiSAyig-sbIr\/view?usp=drive_link\">Avalia\u00e7\u00e3o em 2\u00aa chamada;<\/a><\/li>\n<li><a href=\"https:\/\/docs.google.com\/document\/d\/1-3GVnBr95oUsbBWo9709R_0s8cD2p7Ba\/edit\">Aproveitamento de estudos (disciplinas cursadas em outro curso da UERN);<\/a><\/li>\n<li><a href=\"https:\/\/www.uern.br\/controledepaginas\/uern-dirca-formularios-unidades-academicas\/arquivos\/4151ae_outra_ies.pdf\">Aproveitamento de estudos (disciplinas cursadas em outra IES)<\/a>;<\/li>\n<li><a href=\"https:\/\/docs.google.com\/document\/d\/1DMQOU1q5fyNOazhUG724yBLgzYSOJL2L\/edit\">Substitui\u00e7\u00e3o de orientador(a) do TCC<\/a>;<\/li>\n<li><a href=\"https:\/\/portal.uern.br\/assu\/dge\/wp-content\/uploads\/sites\/4\/2023\/08\/RequerimentoTransferencia-Estudos-UERN-Automatico.pdf\">Transfer\u00eancia de estudos (para ex-alunos do curso de Hist\u00f3ria\/Ass\u00fa que desejam aproveitar disciplinas j\u00e1 cursadas)<\/a>;<\/li>\n<li><a href=\"https:\/\/drive.google.com\/file\/d\/1y55-n7BeKkBWXRJaWv5tOeXytmbRsax3\/view?usp=drive_link\">Regime de exerc\u00edcio domiciliar;<\/a><\/li>\n<li><a href=\"https:\/\/docs.google.com\/document\/d\/1hEjYCNUDAuEPOhAaKM1IQYdVWwd1psp2\/edit\">Revis\u00e3o de prova;<\/a><\/li>\n<li><a href=\"https:\/\/www.uern.br\/controledepaginas\/fafic-documentos\/arquivos\/02870456requerimento_migracao_curricular.pdf\">Migra\u00e7\u00e3o de estrutura curricular<\/a>;<\/li>\n<li><a href=\"https:\/\/docs.google.com\/forms\/d\/e\/1FAIpQLSfN6ql2ck0ywmXwR204e3MnTdnioi8-LiwydXWELa_05AMOAQ\/viewform\">Solicita\u00e7\u00e3o de Altera\u00e7\u00e3o\/corre\u00e7\u00e3o de registro (nome, documentos, filia\u00e7\u00e3o, etc.); <\/a><\/li>\n<li><a href=\"https:\/\/docs.google.com\/forms\/d\/e\/1FAIpQLSfN6ql2ck0ywmXwR204e3MnTdnioi8-LiwydXWELa_05AMOAQ\/viewform\">Cancelamento de Matr\u00edcula Institucional; <\/a><\/li>\n<li><a href=\"https:\/\/docs.google.com\/forms\/d\/e\/1FAIpQLSfN6ql2ck0ywmXwR204e3MnTdnioi8-LiwydXWELa_05AMOAQ\/viewform\">Cola\u00e7\u00e3o de grau extraordin\u00e1ria; <\/a><\/li>\n<li><a href=\"https:\/\/docs.google.com\/forms\/d\/e\/1FAIpQLSfN6ql2ck0ywmXwR204e3MnTdnioi8-LiwydXWELa_05AMOAQ\/viewform\">Desligamento do Curso por vontade pr\u00f3pria; <\/a><\/li>\n<li><a href=\"https:\/\/docs.google.com\/forms\/d\/e\/1FAIpQLSfN6ql2ck0ywmXwR204e3MnTdnioi8-LiwydXWELa_05AMOAQ\/viewform\">Inclus\u00e3o de nome social;<\/a><\/li>\n<li><a href=\"https:\/\/docs.google.com\/forms\/d\/e\/1FAIpQLScpV1tjjf1QU1801Y6jKqlD-_8Iknb0C7uRt9WvuylsR1pjog\/viewform\">Certid\u00e3o de conclus\u00e3o de curso de gradua\u00e7\u00e3o; <\/a><\/li>\n<li><a href=\"https:\/\/docs.google.com\/forms\/d\/e\/1FAIpQLScpV1tjjf1QU1801Y6jKqlD-_8Iknb0C7uRt9WvuylsR1pjog\/viewform\">Certid\u00e3o de desempenho de aluno especial; <\/a><\/li>\n<li><a href=\"https:\/\/docs.google.com\/forms\/d\/e\/1FAIpQLScpV1tjjf1QU1801Y6jKqlD-_8Iknb0C7uRt9WvuylsR1pjog\/viewform\">Declara\u00e7\u00e3o de desligamento; <\/a><\/li>\n<li><a href=\"https:\/\/docs.google.com\/forms\/d\/e\/1FAIpQLScpV1tjjf1QU1801Y6jKqlD-_8Iknb0C7uRt9WvuylsR1pjog\/viewform\">Declara\u00e7\u00e3o de ENADE; <\/a><\/li>\n<li><a href=\"https:\/\/docs.google.com\/forms\/d\/e\/1FAIpQLScpV1tjjf1QU1801Y6jKqlD-_8Iknb0C7uRt9WvuylsR1pjog\/viewform\">Declara\u00e7\u00e3o de estudos; <\/a><\/li>\n<li><a href=\"https:\/\/docs.google.com\/forms\/d\/e\/1FAIpQLScpV1tjjf1QU1801Y6jKqlD-_8Iknb0C7uRt9WvuylsR1pjog\/viewform\">Declara\u00e7\u00e3o de IRA; <\/a><\/li>\n<li><a href=\"https:\/\/docs.google.com\/forms\/d\/e\/1FAIpQLScpV1tjjf1QU1801Y6jKqlD-_8Iknb0C7uRt9WvuylsR1pjog\/viewform\">Diploma de curso de gradua\u00e7\u00e3o; <\/a><\/li>\n<li><a href=\"https:\/\/docs.google.com\/forms\/d\/e\/1FAIpQLScpV1tjjf1QU1801Y6jKqlD-_8Iknb0C7uRt9WvuylsR1pjog\/viewform\">Hist\u00f3rico escolar com IRA \u2013 [Aluno(a) Egresso(a) at\u00e9 2022.2];<\/a><\/li>\n<\/ul>\n<p>&nbsp;<\/p>\n","protected":false},"excerpt":{"rendered":"<p>Avalia\u00e7\u00e3o em 2\u00aa chamada; Aproveitamento de estudos (disciplinas cursadas em outro curso da UERN); Aproveitamento de estudos (disciplinas cursadas em outra IES); Substitui\u00e7\u00e3o de orientador(a) do TCC; Transfer\u00eancia de estudos (para ex-alunos do curso de Hist\u00f3ria\/Ass\u00fa que desejam aproveitar disciplinas j\u00e1 cursadas); Regime de exerc\u00edcio domiciliar; Revis\u00e3o de prova; Migra\u00e7\u00e3o de estrutura curricular; Solicita\u00e7\u00e3o de [&hellip;]<\/p>\n","protected":false},"author":6,"featured_media":0,"parent":0,"menu_order":0,"comment_status":"closed","ping_status":"closed","template":"","meta":{"footnotes":""},"class_list":["post-671","page","type-page","status-publish","hentry"],"_links":{"self":[{"href":"https:\/\/portal.uern.br\/assu\/dhi\/wp-json\/wp\/v2\/pages\/671","targetHints":{"allow":["GET"]}}],"collection":[{"href":"https:\/\/portal.uern.br\/assu\/dhi\/wp-json\/wp\/v2\/pages"}],"about":[{"href":"https:\/\/portal.uern.br\/assu\/dhi\/wp-json\/wp\/v2\/types\/page"}],"author":[{"embeddable":true,"href":"https:\/\/portal.uern.br\/assu\/dhi\/wp-json\/wp\/v2\/users\/6"}],"replies":[{"embeddable":true,"href":"https:\/\/portal.uern.br\/assu\/dhi\/wp-json\/wp\/v2\/comments?post=671"}],"version-history":[{"count":16,"href":"https:\/\/portal.uern.br\/assu\/dhi\/wp-json\/wp\/v2\/pages\/671\/revisions"}],"predecessor-version":[{"id":1090,"href":"https:\/\/portal.uern.br\/assu\/dhi\/wp-json\/wp\/v2\/pages\/671\/revisions\/1090"}],"wp:attachment":[{"href":"https:\/\/portal.uern.br\/assu\/dhi\/wp-json\/wp\/v2\/media?parent=671"}],"curies":[{"name":"wp","href":"https:\/\/api.w.org\/{rel}","templated":true}]}}