{"id":666,"date":"2023-07-20T20:55:25","date_gmt":"2023-07-20T23:55:25","guid":{"rendered":"https:\/\/portal.uern.br\/assu\/dhi\/?page_id=666"},"modified":"2025-09-23T16:48:26","modified_gmt":"2025-09-23T19:48:26","slug":"laboratorio","status":"publish","type":"page","link":"https:\/\/portal.uern.br\/assu\/dhi\/laboratorio\/","title":{"rendered":"Laborat\u00f3rio"},"content":{"rendered":"<table style=\"border-collapse: collapse;width: 100%;height: 72px\">\n<tbody>\n<tr style=\"height: 24px\">\n<td style=\"width: 100%;text-align: center;height: 24px\"><strong>LABORAT\u00d3RIO DE DOCUMENTA\u00c7\u00c3O E PESQUISA HIST\u00d3RICA DO VALE DO A\u00c7\u00da &#8211; LADHA<\/strong><\/td>\n<\/tr>\n<\/tbody>\n<\/table>\n<table style=\"border-collapse: collapse;width: 100%\">\n<tbody>\n<tr>\n<td style=\"width: 50%\"><strong>Coordenador:<\/strong><\/td>\n<td style=\"width: 50%\">Prof\u00ba Dr. Marcelo Vieira Magalh\u00e3es<\/td>\n<\/tr>\n<tr>\n<td style=\"width: 50%\"><strong>Correio eletr\u00f4nico:\u00a0<\/strong><\/td>\n<td style=\"width: 50%\">ladha@uern.br<\/td>\n<\/tr>\n<\/tbody>\n<\/table>\n<p><strong>Finalidades:<\/strong>\u00a0Pesquisar\/encontrar documenta\u00e7\u00e3o hist\u00f3rica em suporte de papel, digital e oral existente n\u00e3o somente na cidade de A\u00e7u, mas tamb\u00e9m nos munic\u00edpios que a institui\u00e7\u00e3o atende; Pretende fazer pesquisas baseadas na oralidade sobre a mem\u00f3ria do Vale do A\u00e7u e munic\u00edpios atendidos pela Uern; Receber e guardar adequadamente documenta\u00e7\u00e3o hist\u00f3rica; Higienizar a documenta\u00e7\u00e3o recebida; Digitalizar a documenta\u00e7\u00e3o recebida; Dar suporte t\u00e9cnico \u00e1 arquivos pessoais, de institui\u00e7\u00f5es p\u00fablicas e privadas; Ministrar cursos de preserva\u00e7\u00e3o e conserva\u00e7\u00e3o de documentos hist\u00f3ricos; Divulgar a exist\u00eancia desse material \u00e1 comunidade e disponibilizar em suporte digital.<\/p>\n<p><strong>Regimento: <\/strong><a href=\"https:\/\/www.uern.br\/controledepaginas\/documentos-legislacao-consepe\/arquivos\/5105resolucao_n0_2020_017___consepe___cria_e_institucionaliza_o_laboratorio_de_documentacao_e_pesquisa_historica_do_vale_do_acu___ladha_e_aprova_o_seu_regimento_interno.pdf\">Clique aqui<\/a>.<\/p>\n<p><strong>Nossa p\u00e1gina no Portal de Laborat\u00f3rios da UERN:<\/strong> <a href=\"https:\/\/portal.uern.br\/propeg\/laboratorios\/laboratorios_\/ladha-laboratorio-de-documentacao-e-pesquisa-documental-do-vale-do-acu\/\">Clique aqui.<\/a><\/p>\n<hr \/>\n<p>&nbsp;<\/p>\n<p><strong>\u00daltimas not\u00edcias<\/strong><\/p>\n<p><a href=\"https:\/\/portal.uern.br\/blog\/laboratorio-de-pesquisa-e-documentacao-do-departamento-de-historia-da-uern-assu-participa-de-pesquisa-internacional\/\">Laborat\u00f3rio de Pesquisa e Documenta\u00e7\u00e3o do departamento de Hist\u00f3ria da Uern Ass\u00fa participa de pesquisa internacional.\u00a0<\/a><\/p>\n<p><a href=\"https:\/\/portal.uern.br\/blog\/laboratorio-de-documentacao-e-pesquisa-documental-do-vale-do-acu-recebe-visita-de-escolas\/\">Laborat\u00f3rio de Documenta\u00e7\u00e3o e Pesquisa Documental do Vale do A\u00e7u recebe visita de escolas.<\/a><\/p>\n<p><a href=\"https:\/\/portal.uern.br\/blog\/estudantes-visitam-o-laboratorio-de-documentacao-e-pesquisa-do-vale-do-acu-para-aula-de-campo\/\">Estudantes visitam o Laborat\u00f3rio de Documenta\u00e7\u00e3o e Pesquisa do Vale do A\u00e7u para aula de campo.<\/a><\/p>\n<p><a href=\"https:\/\/portal.uern.br\/blog\/laboratorio-de-documentacao-e-pesquisa-da-uern-assu-recebe-novos-equipamentos\/\">Laborat\u00f3rio de documenta\u00e7\u00e3o e pesquisa da UERN Ass\u00fa recebe novos equipamentos.<\/a><\/p>\n<p><a href=\"https:\/\/portal.uern.br\/blog\/departamento-de-historia-da-uern-assu-recebera-acervo-do-jornal-tribuna-do-vale\/\">Departamento de Hist\u00f3ria da Uern Ass\u00fa receber\u00e1 acervo do Jornal Tribuna do Vale<\/a>.<\/p>\n<p>&nbsp;<\/p>\n","protected":false},"excerpt":{"rendered":"<p>LABORAT\u00d3RIO DE DOCUMENTA\u00c7\u00c3O E PESQUISA HIST\u00d3RICA DO VALE DO A\u00c7\u00da &#8211; LADHA Coordenador: Prof\u00ba Dr. Marcelo Vieira Magalh\u00e3es Correio eletr\u00f4nico:\u00a0 ladha@uern.br Finalidades:\u00a0Pesquisar\/encontrar documenta\u00e7\u00e3o hist\u00f3rica em suporte de papel, digital e oral existente n\u00e3o somente na cidade de A\u00e7u, mas tamb\u00e9m nos munic\u00edpios que a institui\u00e7\u00e3o atende; Pretende fazer pesquisas baseadas na oralidade sobre a mem\u00f3ria [&hellip;]<\/p>\n","protected":false},"author":6,"featured_media":0,"parent":0,"menu_order":0,"comment_status":"closed","ping_status":"closed","template":"","meta":{"footnotes":""},"class_list":["post-666","page","type-page","status-publish","hentry"],"_links":{"self":[{"href":"https:\/\/portal.uern.br\/assu\/dhi\/wp-json\/wp\/v2\/pages\/666","targetHints":{"allow":["GET"]}}],"collection":[{"href":"https:\/\/portal.uern.br\/assu\/dhi\/wp-json\/wp\/v2\/pages"}],"about":[{"href":"https:\/\/portal.uern.br\/assu\/dhi\/wp-json\/wp\/v2\/types\/page"}],"author":[{"embeddable":true,"href":"https:\/\/portal.uern.br\/assu\/dhi\/wp-json\/wp\/v2\/users\/6"}],"replies":[{"embeddable":true,"href":"https:\/\/portal.uern.br\/assu\/dhi\/wp-json\/wp\/v2\/comments?post=666"}],"version-history":[{"count":10,"href":"https:\/\/portal.uern.br\/assu\/dhi\/wp-json\/wp\/v2\/pages\/666\/revisions"}],"predecessor-version":[{"id":1093,"href":"https:\/\/portal.uern.br\/assu\/dhi\/wp-json\/wp\/v2\/pages\/666\/revisions\/1093"}],"wp:attachment":[{"href":"https:\/\/portal.uern.br\/assu\/dhi\/wp-json\/wp\/v2\/media?parent=666"}],"curies":[{"name":"wp","href":"https:\/\/api.w.org\/{rel}","templated":true}]}}