{"id":976,"date":"2024-01-16T09:50:30","date_gmt":"2024-01-16T12:50:30","guid":{"rendered":"https:\/\/portal.uern.br\/assu\/dge\/?page_id=976"},"modified":"2024-08-13T10:54:51","modified_gmt":"2024-08-13T13:54:51","slug":"iniciacao-cientifica","status":"publish","type":"page","link":"https:\/\/portal.uern.br\/assu\/dge\/iniciacao-cientifica\/","title":{"rendered":"Inicia\u00e7\u00e3o Cient\u00edfica"},"content":{"rendered":"<h4>Programa Institucional de Inicia\u00e7\u00e3o Cient\u00edfica (PIBIC \/ PIBITI \/ PIBIC-EM \/ PIBIC-AF)<\/h4>\n<ul>\n<li>\n<h4><strong>Edi\u00e7\u00e3o 2024\/2025<\/strong><\/h4>\n<\/li>\n<\/ul>\n<table style=\"width: 100%;border-collapse: collapse;border-style: solid;height: 42px\" border=\"01\">\n<tbody>\n<tr style=\"height: 13px\">\n<td style=\"width: 84.825px;text-align: center;height: 13px\"><strong>Processo<\/strong><\/td>\n<td style=\"width: 276.212px;text-align: center;height: 13px\"><strong>Coordena\u00e7\u00e3o<\/strong><\/td>\n<td style=\"width: 459.538px;text-align: center;height: 13px\"><strong>Projeto<\/strong><\/td>\n<td style=\"width: 163.425px;text-align: center;height: 13px\"><strong>Bolsa<\/strong><\/td>\n<\/tr>\n<tr style=\"height: 34px\">\n<td style=\"width: 84.825px;height: 10px\"><\/td>\n<td style=\"width: 276.212px;height: 10px\"><\/td>\n<td style=\"width: 459.538px;height: 10px\"><\/td>\n<td style=\"width: 163.425px;height: 10px\"><\/td>\n<\/tr>\n<tr style=\"height: 48px\">\n<td style=\"width: 84.825px;height: 19px\"><\/td>\n<td style=\"width: 276.212px;height: 19px\"><\/td>\n<td style=\"width: 459.538px;height: 19px\"><\/td>\n<td style=\"width: 163.425px;height: 19px\"><\/td>\n<\/tr>\n<\/tbody>\n<\/table>\n<ul>\n<li>\n<h4><strong>Edi\u00e7\u00e3o 2023\/2024<\/strong><\/h4>\n<\/li>\n<\/ul>\n<table style=\"width: 100%;border-collapse: collapse;border-style: solid;height: 143px\" border=\"01\">\n<tbody>\n<tr style=\"height: 13px\">\n<td style=\"width: 8.78788%;text-align: center;height: 13px\"><strong>Processo<\/strong><\/td>\n<td style=\"width: 27.9798%;text-align: center;height: 13px\"><strong>Coordena\u00e7\u00e3o<\/strong><\/td>\n<td style=\"width: 46.3636%;text-align: center;height: 13px\"><strong>Projeto<\/strong><\/td>\n<td style=\"width: 16.6667%;text-align: center;height: 13px\"><strong>Bolsa<\/strong><\/td>\n<\/tr>\n<tr style=\"height: 34px\">\n<td style=\"width: 8.78788%;height: 34px\">PIBIC<\/td>\n<td style=\"width: 27.9798%;height: 34px\">Prof. Dr. Heronilson Pinto Freire<\/td>\n<td style=\"width: 46.3636%;height: 34px\">Din\u00e2micas Urbanas e Ensino Superior: Um Estudo da Atua\u00e7\u00e3o da Uern Campus de Assu &#8211; Rn<\/td>\n<td style=\"width: 16.6667%;height: 34px\">PIBIC Volunt\u00e1rio<\/td>\n<\/tr>\n<tr style=\"height: 48px\">\n<td style=\"width: 8.78788%;height: 48px\">PIBIC<\/td>\n<td style=\"width: 27.9798%;height: 48px\">Prof. Dr. Josiel de Alencar Guedes<\/td>\n<td style=\"width: 46.3636%;height: 48px\">Cartografia e Geografia do Lugar: O Atlas Municipal de Itaj\u00e1\/rn<\/td>\n<td style=\"width: 16.6667%;height: 48px\">1 Bolsa PIBIC &#8211; CNPQ<\/td>\n<\/tr>\n<tr style=\"height: 24px\">\n<td style=\"width: 8.78788%;height: 24px\">PIBIC<\/td>\n<td style=\"width: 27.9798%;height: 24px\">Prof. Dr. Manoel Cir\u00edcio Pereira Neto<\/td>\n<td style=\"width: 46.3636%;height: 24px\">Geodiversidade e Potencial do Geoturismo No Munic\u00edpio de Para\u00fa\/rn<\/td>\n<td style=\"width: 16.6667%;height: 24px\">1 Bolsa PIBIC &#8211; CNPQ<\/td>\n<\/tr>\n<tr style=\"height: 24px\">\n<td style=\"width: 8.78788%;height: 24px;vertical-align: middle\">PIBIC<\/td>\n<td style=\"width: 27.9798%;height: 24px;vertical-align: middle\">Profa. Dra. Zenis Bezerra Freire<\/td>\n<td style=\"width: 46.3636%;height: 24px\">\u201cterra, Territ\u00f3rio e Dignidade\u201d: Tens\u00f5es e Conflitos Em Meio A<br \/>\nImplanta\u00e7\u00e3o de Projetos de \u201cenergia Renov\u00e1vel\u201d Na Regi\u00e3o Imediata de Ass\u00fa.<\/td>\n<td style=\"width: 16.6667%;height: 24px\">PIBIC Volunt\u00e1rio<\/td>\n<\/tr>\n<\/tbody>\n<\/table>\n<ul>\n<li>\n<h4><strong>Edi\u00e7\u00e3o 2022\/2023<\/strong><\/h4>\n<\/li>\n<\/ul>\n<table style=\"height: 72px;width: 99.9988%;border-collapse: collapse;border-style: solid\" border=\"01\">\n<tbody>\n<tr style=\"height: 24px\">\n<td style=\"width: 9.00907%;text-align: center;height: 24px\"><strong>Processo<\/strong><\/td>\n<td style=\"width: 27.7319%;text-align: center;height: 24px\"><strong>Coordena\u00e7\u00e3o<\/strong><\/td>\n<td style=\"width: 46.152%;text-align: center;height: 24px\"><strong>Projeto<\/strong><\/td>\n<td style=\"width: 17.322%;text-align: center;height: 24px\"><strong>Bolsa<\/strong><\/td>\n<\/tr>\n<tr style=\"height: 24px\">\n<td style=\"width: 9.00907%;height: 24px\">PIBIC<\/td>\n<td style=\"width: 27.7319%;height: 24px\">Prof. Dr. Manoel Cir\u00edcio Pereira Neto<\/td>\n<td style=\"width: 46.152%;height: 24px\">Compartimenta\u00e7\u00e3o Geoambiental e Cobertura da Terra No Munic\u00edpio de Ass\u00fa\/rn<\/td>\n<td style=\"width: 17.322%;height: 24px\">1 Bolsa PIBIC &#8211; CNPQ<\/td>\n<\/tr>\n<tr style=\"height: 24px\">\n<td style=\"width: 9.00907%;height: 24px\">PIBIC<\/td>\n<td style=\"width: 27.7319%;height: 24px\">Prof. Dr. Heronilson Pinto Freire<\/td>\n<td style=\"width: 46.152%;height: 24px\">A Inser\u00e7\u00e3o Urbana e Regional da Uern: Um Estudo A Partir do<br \/>\nCampus Avan\u00e7ado de Assu<\/td>\n<td style=\"width: 17.322%;height: 24px\">PIBIC Volunt\u00e1rio<\/td>\n<\/tr>\n<tr>\n<td style=\"width: 9.00907%\">PIBIC<\/td>\n<td style=\"width: 27.7319%\">Profa. Dra. Zenis Bezerra Freire<\/td>\n<td style=\"width: 46.152%\">Geo-grafias dos Movimentos Sociais No Rio Grande do Norte \u2013<br \/>\nSegunda Etapa: Um Olhar Sobre O Vale do A\u00e7u.<\/td>\n<td style=\"width: 17.322%\">1 Bolsa PIBIC &#8211; UERN<\/td>\n<\/tr>\n<tr>\n<td style=\"width: 9.00907%\">PIBIC<\/td>\n<td style=\"width: 27.7319%\">Prof. Dr. Josiel de Alencar Guedes<\/td>\n<td style=\"width: 46.152%\">Geotecnologias e Voo Virtual No Google Earth No Mapeamento de Hidrossistemas Superficiais<\/td>\n<td style=\"width: 17.322%\">1 Bolsa PIBIC &#8211; UERN<\/td>\n<\/tr>\n<\/tbody>\n<\/table>\n<p>&nbsp;<\/p>\n<p>&nbsp;<\/p>\n","protected":false},"excerpt":{"rendered":"<p>Programa Institucional de Inicia\u00e7\u00e3o Cient\u00edfica (PIBIC \/ PIBITI \/ PIBIC-EM \/ PIBIC-AF) Edi\u00e7\u00e3o 2024\/2025 Processo Coordena\u00e7\u00e3o Projeto Bolsa Edi\u00e7\u00e3o 2023\/2024 Processo Coordena\u00e7\u00e3o Projeto Bolsa PIBIC Prof. Dr. Heronilson Pinto Freire Din\u00e2micas Urbanas e Ensino Superior: Um Estudo da Atua\u00e7\u00e3o da Uern Campus de Assu &#8211; Rn PIBIC Volunt\u00e1rio PIBIC Prof. Dr. Josiel de Alencar Guedes [&hellip;]<\/p>\n","protected":false},"author":7,"featured_media":0,"parent":0,"menu_order":0,"comment_status":"closed","ping_status":"closed","template":"","meta":{"footnotes":""},"class_list":["post-976","page","type-page","status-publish","hentry"],"_links":{"self":[{"href":"https:\/\/portal.uern.br\/assu\/dge\/wp-json\/wp\/v2\/pages\/976","targetHints":{"allow":["GET"]}}],"collection":[{"href":"https:\/\/portal.uern.br\/assu\/dge\/wp-json\/wp\/v2\/pages"}],"about":[{"href":"https:\/\/portal.uern.br\/assu\/dge\/wp-json\/wp\/v2\/types\/page"}],"author":[{"embeddable":true,"href":"https:\/\/portal.uern.br\/assu\/dge\/wp-json\/wp\/v2\/users\/7"}],"replies":[{"embeddable":true,"href":"https:\/\/portal.uern.br\/assu\/dge\/wp-json\/wp\/v2\/comments?post=976"}],"version-history":[{"count":11,"href":"https:\/\/portal.uern.br\/assu\/dge\/wp-json\/wp\/v2\/pages\/976\/revisions"}],"predecessor-version":[{"id":1159,"href":"https:\/\/portal.uern.br\/assu\/dge\/wp-json\/wp\/v2\/pages\/976\/revisions\/1159"}],"wp:attachment":[{"href":"https:\/\/portal.uern.br\/assu\/dge\/wp-json\/wp\/v2\/media?parent=976"}],"curies":[{"name":"wp","href":"https:\/\/api.w.org\/{rel}","templated":true}]}}