{"id":964,"date":"2024-01-12T11:25:17","date_gmt":"2024-01-12T14:25:17","guid":{"rendered":"https:\/\/portal.uern.br\/assu\/dge\/?page_id=964"},"modified":"2024-08-16T09:55:37","modified_gmt":"2024-08-16T12:55:37","slug":"programas-e-projetos","status":"publish","type":"page","link":"https:\/\/portal.uern.br\/assu\/dge\/programas-e-projetos\/","title":{"rendered":"Programas e Projetos"},"content":{"rendered":"<h4>Programa Institucional de Bolsa de Inicia\u00e7\u00e3o \u00e0 Doc\u00eancia<strong> &#8211; <\/strong>PIBID<\/h4>\n<table style=\"width: 100%;border-collapse: collapse;border-style: solid;height: 72px\" border=\"01\">\n<tbody>\n<tr style=\"height: 24px\">\n<td style=\"width: 37.8847%;text-align: center;height: 24px\"><strong>Curso<\/strong><\/td>\n<td style=\"width: 48.5798%;text-align: center;height: 24px\"><strong>Coordena\u00e7\u00e3o<\/strong><\/td>\n<td style=\"width: 13.5354%;text-align: center;height: 24px\"><strong>Vig\u00eancia<\/strong><\/td>\n<\/tr>\n<tr style=\"height: 24px\">\n<td style=\"width: 37.8847%;height: 24px\">Geografia &#8211; Licenciatura<\/td>\n<td style=\"width: 48.5798%;height: 24px\">Profa. Dra. Zenis Bezerra Freire<\/td>\n<td style=\"width: 13.5354%;height: 24px\">2024 &#8211; 2026<\/td>\n<\/tr>\n<tr style=\"height: 24px\">\n<td style=\"width: 37.8847%;height: 24px\">Geografia &#8211; Licenciatura<\/td>\n<td style=\"width: 48.5798%;height: 24px\">Prof. Dr. Heronilson Pinto Freire<\/td>\n<td style=\"width: 13.5354%;height: 24px\">2022 &#8211; 2024<\/td>\n<\/tr>\n<\/tbody>\n<\/table>\n<h4><\/h4>\n<h4>Projeto de Ensino de Gradua\u00e7\u00e3o &#8211; PEG<\/h4>\n<table style=\"width: 100%;border-collapse: collapse;border-style: solid\" border=\"01\">\n<tbody>\n<tr>\n<td style=\"width: 53.8383%;text-align: center\"><strong>Projeto<\/strong><\/td>\n<td style=\"width: 32.6262%;text-align: center\"><strong>Coordena\u00e7\u00e3o<\/strong><\/td>\n<td style=\"width: 13.5354%;text-align: center\"><strong>Vig\u00eancia<\/strong><\/td>\n<\/tr>\n<tr>\n<td style=\"width: 53.8383%\">Oficinas acad\u00eamicas formativas: constru\u00eddo o caminho do\/a professor\/a-pesquisador\/a na universidade<\/td>\n<td style=\"width: 32.6262%\">Prfa. Dra. Zenis Bezerra Freire<\/td>\n<td style=\"width: 13.5354%\">2024.2<\/td>\n<\/tr>\n<tr>\n<td style=\"width: 53.8383%\">III Feira Regional do Nordeste<\/td>\n<td style=\"width: 32.6262%\">Prof. Dr. Heronilson Pinto Freire<\/td>\n<td style=\"width: 13.5354%\">2024.2<\/td>\n<\/tr>\n<tr>\n<td style=\"width: 53.8383%\">As oficinas pedag\u00f3gicas como estrat\u00e9gia did\u00e1tica na forma\u00e7\u00e3o docente: constru\u00e7\u00f5es a partir do est\u00e1gio supervisionado<\/td>\n<td style=\"width: 32.6262%\">Profa. Dra. Raimunda Aur\u00edlia Ferreira de Sousa<\/td>\n<td style=\"width: 13.5354%\">2024.1<\/td>\n<\/tr>\n<\/tbody>\n<\/table>\n<h4><\/h4>\n<h4>Programa Institucional de Monitoria &#8211; PIM<\/h4>\n<table style=\"width: 100%;border-collapse: collapse;border-style: solid;height: 72px\" border=\"01\">\n<tbody>\n<tr style=\"height: 24px\">\n<td style=\"width: 588.547px;text-align: center;height: 24px\"><strong>Componente Curricular<\/strong><\/td>\n<td style=\"width: 548.188px;text-align: center;height: 24px\"><strong>Orienta\u00e7\u00e3o<\/strong><\/td>\n<td style=\"width: 232.266px;text-align: center;height: 24px\"><strong>Semestre Letivo<\/strong><\/td>\n<\/tr>\n<tr style=\"height: 24px\">\n<td style=\"width: 588.547px;height: 24px\">Geografia Urbana<\/td>\n<td style=\"width: 548.188px;height: 24px\">Prof. Dr. Heronilson Pinto Freire<\/td>\n<td style=\"width: 232.266px;height: 24px\">2023.2<\/td>\n<\/tr>\n<\/tbody>\n<\/table>\n<p>&nbsp;<\/p>\n","protected":false},"excerpt":{"rendered":"<p>Programa Institucional de Bolsa de Inicia\u00e7\u00e3o \u00e0 Doc\u00eancia &#8211; PIBID Curso Coordena\u00e7\u00e3o Vig\u00eancia Geografia &#8211; Licenciatura Profa. Dra. Zenis Bezerra Freire 2024 &#8211; 2026 Geografia &#8211; Licenciatura Prof. Dr. Heronilson Pinto Freire 2022 &#8211; 2024 Projeto de Ensino de Gradua\u00e7\u00e3o &#8211; PEG Projeto Coordena\u00e7\u00e3o Vig\u00eancia Oficinas acad\u00eamicas formativas: constru\u00eddo o caminho do\/a professor\/a-pesquisador\/a na universidade [&hellip;]<\/p>\n","protected":false},"author":7,"featured_media":0,"parent":0,"menu_order":0,"comment_status":"closed","ping_status":"closed","template":"","meta":{"footnotes":""},"class_list":["post-964","page","type-page","status-publish","hentry"],"_links":{"self":[{"href":"https:\/\/portal.uern.br\/assu\/dge\/wp-json\/wp\/v2\/pages\/964","targetHints":{"allow":["GET"]}}],"collection":[{"href":"https:\/\/portal.uern.br\/assu\/dge\/wp-json\/wp\/v2\/pages"}],"about":[{"href":"https:\/\/portal.uern.br\/assu\/dge\/wp-json\/wp\/v2\/types\/page"}],"author":[{"embeddable":true,"href":"https:\/\/portal.uern.br\/assu\/dge\/wp-json\/wp\/v2\/users\/7"}],"replies":[{"embeddable":true,"href":"https:\/\/portal.uern.br\/assu\/dge\/wp-json\/wp\/v2\/comments?post=964"}],"version-history":[{"count":13,"href":"https:\/\/portal.uern.br\/assu\/dge\/wp-json\/wp\/v2\/pages\/964\/revisions"}],"predecessor-version":[{"id":1160,"href":"https:\/\/portal.uern.br\/assu\/dge\/wp-json\/wp\/v2\/pages\/964\/revisions\/1160"}],"wp:attachment":[{"href":"https:\/\/portal.uern.br\/assu\/dge\/wp-json\/wp\/v2\/media?parent=964"}],"curies":[{"name":"wp","href":"https:\/\/api.w.org\/{rel}","templated":true}]}}