{"id":958,"date":"2024-01-12T10:44:30","date_gmt":"2024-01-12T13:44:30","guid":{"rendered":"https:\/\/portal.uern.br\/assu\/dge\/?page_id=958"},"modified":"2024-06-11T11:24:05","modified_gmt":"2024-06-11T14:24:05","slug":"acoes-de-extensao","status":"publish","type":"page","link":"https:\/\/portal.uern.br\/assu\/dge\/acoes-de-extensao\/","title":{"rendered":"A\u00e7\u00f5es de Extens\u00e3o"},"content":{"rendered":"<h4>2024.1 &#8211; 2024.2<\/h4>\n<table style=\"height: 72px;width: 100%;border-collapse: collapse;border-style: solid;border-color: #000000\" border=\"01\">\n<tbody>\n<tr style=\"height: 24px\">\n<td style=\"width: 41.8319%;height: 24px;text-align: center\"><strong>Descri\u00e7\u00e3o<\/strong><\/td>\n<td style=\"width: 32.2001%;height: 24px;text-align: center\"><strong>Coordena\u00e7\u00e3o<\/strong><\/td>\n<td style=\"width: 25.9679%;height: 24px;text-align: center\"><strong>Bolsa<\/strong><\/td>\n<\/tr>\n<tr style=\"height: 24px\">\n<td style=\"width: 41.8319%;height: 24px\">Sa\u00fade humana em ambientes educacionais: N\u00facleo de Pr\u00e1ticas Integrativas e Complementares em Sa\u00fade do Campus Avan\u00e7ado de Ass\u00fa\/UERN-CAA.<\/td>\n<td style=\"width: 32.2001%;height: 24px\">Profa. Ma. Francisca Elizonete de Souza Lima<\/td>\n<td style=\"width: 25.9679%;height: 24px\">1 Bolsa<\/td>\n<\/tr>\n<tr style=\"height: 24px\">\n<td style=\"width: 41.8319%;height: 24px\">A Cidade Me Escolheu? Direito \u00c0 Cidade e Educa\u00e7\u00e3o Popular em Assu-RN<\/td>\n<td style=\"width: 32.2001%;height: 24px\">Profa. Dra. Raimunda Aur\u00edlia Ferreira de Sousa<\/td>\n<td style=\"width: 25.9679%;height: 24px\">1 Bolsa<\/td>\n<\/tr>\n<\/tbody>\n<\/table>\n<h4><\/h4>\n<h4>2023.1 &#8211; 2023.2<\/h4>\n<table style=\"height: 72px;width: 100%;border-collapse: collapse;border-style: solid;border-color: #000000\" border=\"01\">\n<tbody>\n<tr style=\"height: 24px\">\n<td style=\"width: 41.8319%;height: 24px;text-align: center\"><strong>Descri\u00e7\u00e3o<\/strong><\/td>\n<td style=\"width: 32.2001%;height: 24px;text-align: center\"><strong>Coordena\u00e7\u00e3o<\/strong><\/td>\n<td style=\"width: 25.9679%;height: 24px;text-align: center\"><strong>Portf\u00f3lio<\/strong><\/td>\n<\/tr>\n<tr style=\"height: 24px\">\n<td style=\"width: 41.8319%;height: 24px\">Sa\u00fade humana em ambientes educacionais: N\u00facleo de Pr\u00e1ticas Integrativas e Complementares em Sa\u00fade do Campus Avan\u00e7ado de Ass\u00fa\/UERN-CAA.<\/td>\n<td style=\"width: 32.2001%;height: 24px\">Profa. Ma. Francisca Elizonete de Souza Lima<\/td>\n<td style=\"width: 25.9679%;height: 24px\"><\/td>\n<\/tr>\n<tr style=\"height: 24px\">\n<td style=\"width: 41.8319%;height: 24px\">Felicidade, sim!<\/td>\n<td style=\"width: 32.2001%;height: 24px\">Prof. Dr. Manoel Cir\u00edcio Pereira Neto<\/td>\n<td style=\"width: 25.9679%;height: 24px\"><\/td>\n<\/tr>\n<\/tbody>\n<\/table>\n<h4><\/h4>\n","protected":false},"excerpt":{"rendered":"<p>2024.1 &#8211; 2024.2 Descri\u00e7\u00e3o Coordena\u00e7\u00e3o Bolsa Sa\u00fade humana em ambientes educacionais: N\u00facleo de Pr\u00e1ticas Integrativas e Complementares em Sa\u00fade do Campus Avan\u00e7ado de Ass\u00fa\/UERN-CAA. Profa. Ma. Francisca Elizonete de Souza Lima 1 Bolsa A Cidade Me Escolheu? Direito \u00c0 Cidade e Educa\u00e7\u00e3o Popular em Assu-RN Profa. Dra. Raimunda Aur\u00edlia Ferreira de Sousa 1 Bolsa 2023.1 [&hellip;]<\/p>\n","protected":false},"author":7,"featured_media":0,"parent":0,"menu_order":0,"comment_status":"closed","ping_status":"closed","template":"","meta":{"footnotes":""},"class_list":["post-958","page","type-page","status-publish","hentry"],"_links":{"self":[{"href":"https:\/\/portal.uern.br\/assu\/dge\/wp-json\/wp\/v2\/pages\/958","targetHints":{"allow":["GET"]}}],"collection":[{"href":"https:\/\/portal.uern.br\/assu\/dge\/wp-json\/wp\/v2\/pages"}],"about":[{"href":"https:\/\/portal.uern.br\/assu\/dge\/wp-json\/wp\/v2\/types\/page"}],"author":[{"embeddable":true,"href":"https:\/\/portal.uern.br\/assu\/dge\/wp-json\/wp\/v2\/users\/7"}],"replies":[{"embeddable":true,"href":"https:\/\/portal.uern.br\/assu\/dge\/wp-json\/wp\/v2\/comments?post=958"}],"version-history":[{"count":6,"href":"https:\/\/portal.uern.br\/assu\/dge\/wp-json\/wp\/v2\/pages\/958\/revisions"}],"predecessor-version":[{"id":1019,"href":"https:\/\/portal.uern.br\/assu\/dge\/wp-json\/wp\/v2\/pages\/958\/revisions\/1019"}],"wp:attachment":[{"href":"https:\/\/portal.uern.br\/assu\/dge\/wp-json\/wp\/v2\/media?parent=958"}],"curies":[{"name":"wp","href":"https:\/\/api.w.org\/{rel}","templated":true}]}}