{"id":906,"date":"2023-08-30T16:41:20","date_gmt":"2023-08-30T19:41:20","guid":{"rendered":"https:\/\/portal.uern.br\/assu\/dge\/?page_id=906"},"modified":"2024-08-28T10:44:08","modified_gmt":"2024-08-28T13:44:08","slug":"atividades-de-campo","status":"publish","type":"page","link":"https:\/\/portal.uern.br\/assu\/dge\/atividades-de-campo\/","title":{"rendered":"Atividades de Campo"},"content":{"rendered":"<h4>Inscri\u00e7\u00f5es em Atividades de Campo<\/h4>\n<p class=\"zfr3Q CDt4Ke \" dir=\"ltr\" style=\"text-align: justify\"><span class=\"C9DxTc \">Para realizar a inscri\u00e7\u00e3o em uma atividade de campo \u00e9 necess\u00e1rio verificar as informa\u00e7\u00f5es corretas, tais como,<\/span><span class=\"C9DxTc \"> docente respons\u00e1vel, data de in\u00edcio e final da atividade. O formul\u00e1rio s\u00f3 poder\u00e1 ser acessado atrav\u00e9s do e-mail institucional.<\/span><\/p>\n<p class=\"zfr3Q CDt4Ke \" dir=\"ltr\" style=\"text-align: justify\"><span class=\"C9DxTc \">Obs.: Caso j\u00e1 tenha efetuado a inscri\u00e7\u00e3o, por\u00e9m, n\u00e3o poder\u00e1 participar, solicitamos informar a(o) professor(a) respons\u00e1vel pela atividade a exclus\u00e3o do seu nome da lista de inscritos.<\/span><\/p>\n<ul>\n<li dir=\"ltr\"><a href=\"https:\/\/forms.gle\/BGAVsUZFMtSJvKJ66\" target=\"_blank\" rel=\"noopener\">Formul\u00e1rio de inscri\u00e7\u00e3o em Atividade de Campo<\/a><\/li>\n<\/ul>\n<p>&nbsp;<\/p>\n<hr \/>\n<h4>Solicita\u00e7\u00f5es de Atividades de Campo<\/h4>\n<h5>(\u00c1rea Exclusiva para docentes do Departamento)<\/h5>\n<p>&nbsp;<\/p>\n<p style=\"text-align: justify\">Solicite o agendamento da atividade de Campo atrav\u00e9s do formul\u00e1rio dispon\u00edvel (<span class=\"C9DxTc \">Acesso atrav\u00e9s do e-mail institucional<\/span>).<\/p>\n<ul>\n<li>\u00a0<a href=\"https:\/\/forms.gle\/CRdccJRCM4tbioiNA\" target=\"_blank\" rel=\"noopener\">Formul\u00e1rio de solicita\u00e7\u00e3o de atividade<\/a><\/li>\n<li>Protocolo de Campo<\/li>\n<\/ul>\n<p>&nbsp;<\/p>\n<h5>Solicita\u00e7\u00e3o de Di\u00e1rias \/ Passagens A\u00e9reas \/ Hospedagens<\/h5>\n<ul>\n<li><a href=\"https:\/\/docs.google.com\/document\/d\/18Q2yD5pMNv6nU7OXGWbcLmTKctWIrKDG\/edit?usp=drive_link&amp;ouid=114953649779237006495&amp;rtpof=true&amp;sd=true\" target=\"_blank\" rel=\"noopener\">Solicita\u00e7\u00e3o de Di\u00e1rias<\/a><\/li>\n<li><a href=\"https:\/\/docs.google.com\/document\/d\/18W91Qj5Cg5LkwyFRp2TxitiHr5sEMIIn\/edit?usp=drive_link&amp;ouid=114953649779237006495&amp;rtpof=true&amp;sd=true\" target=\"_blank\" rel=\"noopener\">Solicita\u00e7\u00e3o de Passagens A\u00e9reas<\/a><\/li>\n<li><a href=\"https:\/\/docs.google.com\/document\/d\/18TOICBqfRcvSmRyjlEPbwp_G71BSBoNz\/edit?usp=drive_link&amp;ouid=114953649779237006495&amp;rtpof=true&amp;sd=true\" target=\"_blank\" rel=\"noopener\">Solicita\u00e7\u00e3o de Hospedagens<\/a><\/li>\n<\/ul>\n","protected":false},"excerpt":{"rendered":"<p>Inscri\u00e7\u00f5es em Atividades de Campo Para realizar a inscri\u00e7\u00e3o em uma atividade de campo \u00e9 necess\u00e1rio verificar as informa\u00e7\u00f5es corretas, tais como, docente respons\u00e1vel, data de in\u00edcio e final da atividade. O formul\u00e1rio s\u00f3 poder\u00e1 ser acessado atrav\u00e9s do e-mail institucional. Obs.: Caso j\u00e1 tenha efetuado a inscri\u00e7\u00e3o, por\u00e9m, n\u00e3o poder\u00e1 participar, solicitamos informar a(o) [&hellip;]<\/p>\n","protected":false},"author":7,"featured_media":0,"parent":0,"menu_order":0,"comment_status":"closed","ping_status":"closed","template":"","meta":{"footnotes":""},"class_list":["post-906","page","type-page","status-publish","hentry"],"_links":{"self":[{"href":"https:\/\/portal.uern.br\/assu\/dge\/wp-json\/wp\/v2\/pages\/906","targetHints":{"allow":["GET"]}}],"collection":[{"href":"https:\/\/portal.uern.br\/assu\/dge\/wp-json\/wp\/v2\/pages"}],"about":[{"href":"https:\/\/portal.uern.br\/assu\/dge\/wp-json\/wp\/v2\/types\/page"}],"author":[{"embeddable":true,"href":"https:\/\/portal.uern.br\/assu\/dge\/wp-json\/wp\/v2\/users\/7"}],"replies":[{"embeddable":true,"href":"https:\/\/portal.uern.br\/assu\/dge\/wp-json\/wp\/v2\/comments?post=906"}],"version-history":[{"count":11,"href":"https:\/\/portal.uern.br\/assu\/dge\/wp-json\/wp\/v2\/pages\/906\/revisions"}],"predecessor-version":[{"id":1161,"href":"https:\/\/portal.uern.br\/assu\/dge\/wp-json\/wp\/v2\/pages\/906\/revisions\/1161"}],"wp:attachment":[{"href":"https:\/\/portal.uern.br\/assu\/dge\/wp-json\/wp\/v2\/media?parent=906"}],"curies":[{"name":"wp","href":"https:\/\/api.w.org\/{rel}","templated":true}]}}