{"id":770,"date":"2023-08-18T11:49:07","date_gmt":"2023-08-18T14:49:07","guid":{"rendered":"https:\/\/portal.uern.br\/assu\/dge\/?page_id=770"},"modified":"2025-09-24T12:43:29","modified_gmt":"2025-09-24T15:43:29","slug":"apresentacao-2","status":"publish","type":"page","link":"https:\/\/portal.uern.br\/assu\/dge\/apresentacao-2\/","title":{"rendered":"Apresenta\u00e7\u00e3o &#8211; DGE\/CAA"},"content":{"rendered":"<p style=\"text-align: justify\"><img fetchpriority=\"high\" decoding=\"async\" class=\"size-medium wp-image-1173 aligncenter\" src=\"https:\/\/portal.uern.br\/assu\/dge\/wp-content\/uploads\/sites\/4\/2025\/09\/Mc-1-300x300.jpg\" alt=\"\" width=\"300\" height=\"300\" srcset=\"https:\/\/portal.uern.br\/assu\/dge\/wp-content\/uploads\/sites\/4\/2025\/09\/Mc-1-300x300.jpg 300w, https:\/\/portal.uern.br\/assu\/dge\/wp-content\/uploads\/sites\/4\/2025\/09\/Mc-1-1024x1024.jpg 1024w, https:\/\/portal.uern.br\/assu\/dge\/wp-content\/uploads\/sites\/4\/2025\/09\/Mc-1-150x150.jpg 150w, https:\/\/portal.uern.br\/assu\/dge\/wp-content\/uploads\/sites\/4\/2025\/09\/Mc-1-768x768.jpg 768w, https:\/\/portal.uern.br\/assu\/dge\/wp-content\/uploads\/sites\/4\/2025\/09\/Mc-1.jpg 1120w\" sizes=\"(max-width: 300px) 100vw, 300px\" \/><\/p>\n<p style=\"text-align: justify\">O Departamento de Geografia \u2013 DGE est\u00e1 vinculado ao Campus Avan\u00e7ado de Assu \u2013 CAA, aquele tem como compet\u00eancias executar, supervisionar e acompanhar as atividades de ensino, pesquisa, extens\u00e3o e administra\u00e7\u00e3o acad\u00eamica, de acordo com as atribui\u00e7\u00f5es normativas pertinentes. O DGE atua atrav\u00e9s dos seguintes \u00f3rg\u00e3os:<\/p>\n<p style=\"text-align: justify\"><strong>Colegiado do Departamento<\/strong><\/p>\n<ol style=\"list-style-type: upper-roman\">\n<li style=\"text-align: justify\">Chefe de Departamento, como seu presidente;<\/li>\n<li style=\"text-align: justify\">professores lotados no Departamento;<\/li>\n<li style=\"text-align: justify\">representa\u00e7\u00e3o do corpo t\u00e9cnico administrativo na propor\u00e7\u00e3o de 1\/5 dos professores do quadro permanente;<\/li>\n<li style=\"text-align: justify\">representa\u00e7\u00e3o discente na propor\u00e7\u00e3o de 1\/5 dos professores do quadro permanente.<\/li>\n<\/ol>\n<p><strong>Chefia de Departamento<\/strong><\/p>\n<ol style=\"list-style-type: upper-roman\">\n<li>Chefe;<\/li>\n<li>Subchefe.<\/li>\n<\/ol>\n<p style=\"text-align: justify\">A secretaria do Departamento de Geografia tem seu hor\u00e1rio de funcionamento: segunda-feira \u00e0 sexta-feira, das 07h \u00e0s 13h.<\/p>\n","protected":false},"excerpt":{"rendered":"<p>O Departamento de Geografia \u2013 DGE est\u00e1 vinculado ao Campus Avan\u00e7ado de Assu \u2013 CAA, aquele tem como compet\u00eancias executar, supervisionar e acompanhar as atividades de ensino, pesquisa, extens\u00e3o e administra\u00e7\u00e3o acad\u00eamica, de acordo com as atribui\u00e7\u00f5es normativas pertinentes. O DGE atua atrav\u00e9s dos seguintes \u00f3rg\u00e3os: Colegiado do Departamento Chefe de Departamento, como seu presidente; [&hellip;]<\/p>\n","protected":false},"author":7,"featured_media":0,"parent":0,"menu_order":0,"comment_status":"closed","ping_status":"closed","template":"","meta":{"footnotes":""},"class_list":["post-770","page","type-page","status-publish","hentry"],"_links":{"self":[{"href":"https:\/\/portal.uern.br\/assu\/dge\/wp-json\/wp\/v2\/pages\/770","targetHints":{"allow":["GET"]}}],"collection":[{"href":"https:\/\/portal.uern.br\/assu\/dge\/wp-json\/wp\/v2\/pages"}],"about":[{"href":"https:\/\/portal.uern.br\/assu\/dge\/wp-json\/wp\/v2\/types\/page"}],"author":[{"embeddable":true,"href":"https:\/\/portal.uern.br\/assu\/dge\/wp-json\/wp\/v2\/users\/7"}],"replies":[{"embeddable":true,"href":"https:\/\/portal.uern.br\/assu\/dge\/wp-json\/wp\/v2\/comments?post=770"}],"version-history":[{"count":4,"href":"https:\/\/portal.uern.br\/assu\/dge\/wp-json\/wp\/v2\/pages\/770\/revisions"}],"predecessor-version":[{"id":1176,"href":"https:\/\/portal.uern.br\/assu\/dge\/wp-json\/wp\/v2\/pages\/770\/revisions\/1176"}],"wp:attachment":[{"href":"https:\/\/portal.uern.br\/assu\/dge\/wp-json\/wp\/v2\/media?parent=770"}],"curies":[{"name":"wp","href":"https:\/\/api.w.org\/{rel}","templated":true}]}}