{"id":739,"date":"2023-08-14T12:26:26","date_gmt":"2023-08-14T15:26:26","guid":{"rendered":"https:\/\/portal.uern.br\/assu\/dge\/?page_id=739"},"modified":"2023-10-18T11:35:54","modified_gmt":"2023-10-18T14:35:54","slug":"requerimentos","status":"publish","type":"page","link":"https:\/\/portal.uern.br\/assu\/dge\/requerimentos\/","title":{"rendered":"Requerimentos"},"content":{"rendered":"<ul>\n<li><a href=\"https:\/\/portal.uern.br\/assu\/dge\/wp-content\/uploads\/sites\/4\/2023\/09\/Requerimento-Padrao.docx\">Requerimento Padr\u00e3o (DGE\/CAA)<\/a><\/li>\n<li><a href=\"https:\/\/portal.uern.br\/assu\/dge\/wp-content\/uploads\/sites\/4\/2023\/08\/Requerimento-de-2a-Chamada.docx\">Requerimento de 2a Chamada<\/a><\/li>\n<li><a href=\"https:\/\/portal.uern.br\/assu\/dge\/wp-content\/uploads\/sites\/4\/2023\/08\/RequerimentoTransferencia-Estudos-UERN-Automatico.pdf\">Requerimento Aproveitamento de Estudos Autom\u00e1tico da UERN<\/a> &#8211; 5 dias \u00fateis<\/li>\n<li><a href=\"https:\/\/portal.uern.br\/assu\/dge\/wp-content\/uploads\/sites\/4\/2023\/08\/Requerimento_Aproveitamento_Estudo_UERN_ApreciacaoDGE.doc\">Requerimento Aproveitamento de Estudos da UERN com Aprecia\u00e7\u00e3o pelo DGE\/CAA\u00a0<\/a> &#8211; 5 dias \u00fateis<\/li>\n<li><a href=\"https:\/\/portal.uern.br\/assu\/dge\/wp-content\/uploads\/sites\/4\/2023\/08\/Requerimento_Aproveitamento_Estudos_Outras-_IES.doc\">Requerimento Aproveitamento de Estudos de outra IES<\/a> &#8211; 5 dias \u00fateis<\/li>\n<li><a href=\"https:\/\/portal.uern.br\/assu\/dge\/wp-content\/uploads\/sites\/4\/2023\/08\/Formulario-Requerimento-Ajuste-de-matricula.doc\">Requerimento Solicita\u00e7\u00e3o de matr\u00edcula<\/a><\/li>\n<li><a href=\"https:\/\/portal.uern.br\/assu\/dge\/wp-content\/uploads\/sites\/4\/2023\/08\/Requerimento_Regime-do-exercicio-domiciliar.doc\">Requerimento Regime de Exerc\u00edcio Domiciliar<\/a> &#8211; 5 dias \u00fateis<\/li>\n<li><a href=\"https:\/\/portal.uern.br\/prae\/ajuda-de-custo-para-participacao-de-eventos\/\">Requerimento Ajuda de Custo para Participa\u00e7\u00e3o de Eventos<\/a><\/li>\n<li><a href=\"https:\/\/portal.uern.br\/assu\/dge\/wp-content\/uploads\/sites\/4\/2023\/08\/Requerimento_Desligamento_Vontade-Propria.doc\">Requerimento Desligamento do Curso por vontade pr\u00f3pria<\/a><\/li>\n<li><a href=\"https:\/\/docs.google.com\/forms\/d\/e\/1FAIpQLSfN6ql2ck0ywmXwR204e3MnTdnioi8-LiwydXWELa_05AMOAQ\/viewform\">Solicita\u00e7\u00e3o de Altera\u00e7\u00e3o\/corre\u00e7\u00e3o de registro (nome, documentos, filia\u00e7\u00e3o, etc.); Cancelamento de Matr\u00edcula Institucional; Cola\u00e7\u00e3o de grau extraordin\u00e1ria; Desligamento do Curso por vontade pr\u00f3pria; Inclus\u00e3o de nome social <\/a>&#8211; Acesso atrav\u00e9s do e-mail institucional<\/li>\n<li>[Aluno(a) Egresso(a)] &#8211;<a href=\"https:\/\/docs.google.com\/forms\/d\/e\/1FAIpQLScpV1tjjf1QU1801Y6jKqlD-_8Iknb0C7uRt9WvuylsR1pjog\/viewform\"> Solicita\u00e7\u00e3o de Certid\u00e3o de conclus\u00e3o de curso de gradua\u00e7\u00e3o; Certid\u00e3o de desempenho de aluno especial; Declara\u00e7\u00e3o de desligamento; Declara\u00e7\u00e3o de ENADE; Declara\u00e7\u00e3o de estudos; Declara\u00e7\u00e3o de IRA; Diploma de curso de gradua\u00e7\u00e3o; Hist\u00f3rico escolar com IRA\u00a0<\/a><\/li>\n<\/ul>\n","protected":false},"excerpt":{"rendered":"<p>Requerimento Padr\u00e3o (DGE\/CAA) Requerimento de 2a Chamada Requerimento Aproveitamento de Estudos Autom\u00e1tico da UERN &#8211; 5 dias \u00fateis Requerimento Aproveitamento de Estudos da UERN com Aprecia\u00e7\u00e3o pelo DGE\/CAA\u00a0 &#8211; 5 dias \u00fateis Requerimento Aproveitamento de Estudos de outra IES &#8211; 5 dias \u00fateis Requerimento Solicita\u00e7\u00e3o de matr\u00edcula Requerimento Regime de Exerc\u00edcio Domiciliar &#8211; 5 dias [&hellip;]<\/p>\n","protected":false},"author":7,"featured_media":0,"parent":0,"menu_order":0,"comment_status":"closed","ping_status":"closed","template":"","meta":{"footnotes":""},"class_list":["post-739","page","type-page","status-publish","hentry"],"_links":{"self":[{"href":"https:\/\/portal.uern.br\/assu\/dge\/wp-json\/wp\/v2\/pages\/739","targetHints":{"allow":["GET"]}}],"collection":[{"href":"https:\/\/portal.uern.br\/assu\/dge\/wp-json\/wp\/v2\/pages"}],"about":[{"href":"https:\/\/portal.uern.br\/assu\/dge\/wp-json\/wp\/v2\/types\/page"}],"author":[{"embeddable":true,"href":"https:\/\/portal.uern.br\/assu\/dge\/wp-json\/wp\/v2\/users\/7"}],"replies":[{"embeddable":true,"href":"https:\/\/portal.uern.br\/assu\/dge\/wp-json\/wp\/v2\/comments?post=739"}],"version-history":[{"count":16,"href":"https:\/\/portal.uern.br\/assu\/dge\/wp-json\/wp\/v2\/pages\/739\/revisions"}],"predecessor-version":[{"id":943,"href":"https:\/\/portal.uern.br\/assu\/dge\/wp-json\/wp\/v2\/pages\/739\/revisions\/943"}],"wp:attachment":[{"href":"https:\/\/portal.uern.br\/assu\/dge\/wp-json\/wp\/v2\/media?parent=739"}],"curies":[{"name":"wp","href":"https:\/\/api.w.org\/{rel}","templated":true}]}}