{"id":709,"date":"2023-07-26T11:34:43","date_gmt":"2023-07-26T14:34:43","guid":{"rendered":"https:\/\/portal.uern.br\/assu\/dge\/?page_id=709"},"modified":"2025-09-24T12:23:54","modified_gmt":"2025-09-24T15:23:54","slug":"projeto-pedagogico","status":"publish","type":"page","link":"https:\/\/portal.uern.br\/assu\/dge\/ensino\/projeto-pedagogico\/","title":{"rendered":"Projeto Pedag\u00f3gico"},"content":{"rendered":"<ul>\n<li><a href=\"https:\/\/drive.google.com\/file\/d\/1JIVwxpEZDHeaA4SbwvQ1UDGBqjyiu0Mk\/view?usp=drive_link\" target=\"_blank\" rel=\"noopener\">Projeto Pedag\u00f3gico do Curso &#8211; PPC<\/a> (2021, atualizado em 2023)<\/li>\n<li><a href=\"https:\/\/drive.google.com\/file\/d\/1vPXHVBHXcr8X9ExbGgsZljdlZ8md0Erw\/view?usp=drive_link\" target=\"_blank\" rel=\"noopener\">Projeto Pedag\u00f3gico do Curso &#8211; PPC<\/a> (2014, atualizado em 2018)<\/li>\n<li><a href=\"https:\/\/drive.google.com\/file\/d\/1MwB-unzoocbvpgMwvwZ-p-j05ereEZSi\/view?usp=drive_link\" target=\"_blank\" rel=\"noopener\">Projeto Pedag\u00f3gico do Curso &#8211; PPC<\/a> (2016)<\/li>\n<li><a href=\"https:\/\/drive.google.com\/file\/d\/1AJB9QsPtF2XFaL93RMTIHoaOqQFQ-gFe\/view?usp=drive_link\" target=\"_blank\" rel=\"noopener\">Projeto Pedag\u00f3gico do Curso &#8211; PPC<\/a> (2011)<\/li>\n<\/ul>\n","protected":false},"excerpt":{"rendered":"<p>Projeto Pedag\u00f3gico do Curso &#8211; PPC (2021, atualizado em 2023) Projeto Pedag\u00f3gico do Curso &#8211; PPC (2014, atualizado em 2018) Projeto Pedag\u00f3gico do Curso &#8211; PPC (2016) Projeto Pedag\u00f3gico do Curso &#8211; PPC (2011)<\/p>\n","protected":false},"author":7,"featured_media":0,"parent":680,"menu_order":0,"comment_status":"closed","ping_status":"closed","template":"","meta":{"footnotes":""},"class_list":["post-709","page","type-page","status-publish","hentry"],"_links":{"self":[{"href":"https:\/\/portal.uern.br\/assu\/dge\/wp-json\/wp\/v2\/pages\/709","targetHints":{"allow":["GET"]}}],"collection":[{"href":"https:\/\/portal.uern.br\/assu\/dge\/wp-json\/wp\/v2\/pages"}],"about":[{"href":"https:\/\/portal.uern.br\/assu\/dge\/wp-json\/wp\/v2\/types\/page"}],"author":[{"embeddable":true,"href":"https:\/\/portal.uern.br\/assu\/dge\/wp-json\/wp\/v2\/users\/7"}],"replies":[{"embeddable":true,"href":"https:\/\/portal.uern.br\/assu\/dge\/wp-json\/wp\/v2\/comments?post=709"}],"version-history":[{"count":9,"href":"https:\/\/portal.uern.br\/assu\/dge\/wp-json\/wp\/v2\/pages\/709\/revisions"}],"predecessor-version":[{"id":1165,"href":"https:\/\/portal.uern.br\/assu\/dge\/wp-json\/wp\/v2\/pages\/709\/revisions\/1165"}],"up":[{"embeddable":true,"href":"https:\/\/portal.uern.br\/assu\/dge\/wp-json\/wp\/v2\/pages\/680"}],"wp:attachment":[{"href":"https:\/\/portal.uern.br\/assu\/dge\/wp-json\/wp\/v2\/media?parent=709"}],"curies":[{"name":"wp","href":"https:\/\/api.w.org\/{rel}","templated":true}]}}