{"id":690,"date":"2023-07-20T11:04:03","date_gmt":"2023-07-20T14:04:03","guid":{"rendered":"https:\/\/portal.uern.br\/assu\/dge\/?page_id=690"},"modified":"2024-06-25T10:52:26","modified_gmt":"2024-06-25T13:52:26","slug":"editais","status":"publish","type":"page","link":"https:\/\/portal.uern.br\/assu\/dge\/editais\/","title":{"rendered":"Editais"},"content":{"rendered":"<ul>\n<li>Edital 04\/2024 &#8211; <a href=\"https:\/\/portal.uern.br\/assu\/dge\/wp-content\/uploads\/sites\/4\/2024\/06\/Edital-PIM-2024.2.pdf\">Programa Institucional de Monitoria (PIM) 2024.2<\/a> &#8211; DGE\/CAA<\/li>\n<li>Edital 03\/2024 &#8211; <a href=\"https:\/\/portal.uern.br\/assu\/dge\/wp-content\/uploads\/sites\/4\/2024\/04\/SEI_26168284_Documento.pdf\">Divulga\u00e7\u00e3o do resultado das entrevistas e resultado parcial da sele\u00e7\u00e3o de bolsista (PIBEX)<\/a>\u00a0&#8211; DGE\/CAA<\/li>\n<li>Edital 01-2024 (RETIFICA\u00c7\u00c3O) &#8211; <a href=\"https:\/\/portal.uern.br\/assu\/dge\/wp-content\/uploads\/sites\/4\/2024\/04\/Retificacao-ao-Edital-01-2024.pdf\">Retifica\u00e7\u00e3o ao Edital 01-2024<\/a><\/li>\n<li>Edital 02\/2024 &#8211; <a href=\"https:\/\/portal.uern.br\/assu\/dge\/wp-content\/uploads\/sites\/4\/2024\/04\/Edital_PIBEX_Inscritos_Entrevista_.pdf\">Homologa\u00e7\u00e3o das Inscri\u00e7\u00f5es e Convoca\u00e7\u00e3o para Entrevistas (PIBEX) 2024<\/a> &#8211; DGE\/CAA<\/li>\n<li>Edital 01-2024 &#8211; <a href=\"https:\/\/portal.uern.br\/assu\/dge\/wp-content\/uploads\/sites\/4\/2024\/04\/EDITAL_01-2024_PIBEX_DGE_CAA.pdf\">Programa Institucional de Bolsa de Extens\u00e3o (PIBEX) 2024<\/a> &#8211; DGE\/CAA<\/li>\n<li>Edital 11\/2023 &#8211; <a href=\"https:\/\/portal.uern.br\/assu\/dge\/wp-content\/uploads\/sites\/4\/2023\/10\/EDITAL-No-11-PIBIC-Inscric\u0327o\u0303es.pdf\">Homologa\u00e7\u00e3o das Inscri\u00e7\u00f5es e Convoca\u00e7\u00e3o para Entrevista (PIBIC)<\/a> &#8211; DGE\/CAA<\/li>\n<li>Edital 11\/2023 &#8211; <a href=\"https:\/\/portal.uern.br\/assu\/dge\/wp-content\/uploads\/sites\/4\/2023\/10\/EDITAL-No-11-PIBIC-DGE.pdf\">Programa Institucional de Inicia\u00e7\u00e3o Cient\u00edfica (PIBIC) 2023\/2024<\/a> &#8211; DGE\/CAA<\/li>\n<li>Edital &#8211; <a href=\"https:\/\/portal.uern.br\/assu\/dge\/wp-content\/uploads\/sites\/4\/2023\/08\/Edital-Programa-Institucional-de-Monitoria-PIM-2023.2_DGE-CAA.pdf\">Programa Institucional de Monitoria (PIM) 2023.2<\/a> &#8211; DGE\/CAA<\/li>\n<li>Edital &#8211;\u00a0 <a href=\"https:\/\/portal.uern.br\/assu\/dge\/wp-content\/uploads\/sites\/4\/2023\/08\/Edital-Processo-Eleitoral-DGE_2023-2025.pdf\">Processo Eleitoral (2023-2025)<\/a> &#8211; DGE\/CAA<\/li>\n<\/ul>\n","protected":false},"excerpt":{"rendered":"<p>Edital 04\/2024 &#8211; Programa Institucional de Monitoria (PIM) 2024.2 &#8211; DGE\/CAA Edital 03\/2024 &#8211; Divulga\u00e7\u00e3o do resultado das entrevistas e resultado parcial da sele\u00e7\u00e3o de bolsista (PIBEX)\u00a0&#8211; DGE\/CAA Edital 01-2024 (RETIFICA\u00c7\u00c3O) &#8211; Retifica\u00e7\u00e3o ao Edital 01-2024 Edital 02\/2024 &#8211; Homologa\u00e7\u00e3o das Inscri\u00e7\u00f5es e Convoca\u00e7\u00e3o para Entrevistas (PIBEX) 2024 &#8211; DGE\/CAA Edital 01-2024 &#8211; Programa Institucional [&hellip;]<\/p>\n","protected":false},"author":7,"featured_media":0,"parent":0,"menu_order":0,"comment_status":"closed","ping_status":"closed","template":"","meta":{"footnotes":""},"class_list":["post-690","page","type-page","status-publish","hentry"],"_links":{"self":[{"href":"https:\/\/portal.uern.br\/assu\/dge\/wp-json\/wp\/v2\/pages\/690","targetHints":{"allow":["GET"]}}],"collection":[{"href":"https:\/\/portal.uern.br\/assu\/dge\/wp-json\/wp\/v2\/pages"}],"about":[{"href":"https:\/\/portal.uern.br\/assu\/dge\/wp-json\/wp\/v2\/types\/page"}],"author":[{"embeddable":true,"href":"https:\/\/portal.uern.br\/assu\/dge\/wp-json\/wp\/v2\/users\/7"}],"replies":[{"embeddable":true,"href":"https:\/\/portal.uern.br\/assu\/dge\/wp-json\/wp\/v2\/comments?post=690"}],"version-history":[{"count":15,"href":"https:\/\/portal.uern.br\/assu\/dge\/wp-json\/wp\/v2\/pages\/690\/revisions"}],"predecessor-version":[{"id":1023,"href":"https:\/\/portal.uern.br\/assu\/dge\/wp-json\/wp\/v2\/pages\/690\/revisions\/1023"}],"wp:attachment":[{"href":"https:\/\/portal.uern.br\/assu\/dge\/wp-json\/wp\/v2\/media?parent=690"}],"curies":[{"name":"wp","href":"https:\/\/api.w.org\/{rel}","templated":true}]}}