{"id":685,"date":"2023-07-20T10:50:18","date_gmt":"2023-07-20T13:50:18","guid":{"rendered":"https:\/\/portal.uern.br\/assu\/dge\/?page_id=685"},"modified":"2024-01-12T10:31:13","modified_gmt":"2024-01-12T13:31:13","slug":"extensao","status":"publish","type":"page","link":"https:\/\/portal.uern.br\/assu\/dge\/extensao\/","title":{"rendered":"Extens\u00e3o"},"content":{"rendered":"<p style=\"text-align: justify\">A extens\u00e3o destina-se a toda a comunidade, abrangendo cursos e servi\u00e7os que s\u00e3o desenvolvidos em cumprimento de programas espec\u00edficos.<\/p>\n<p style=\"text-align: justify\">Os cursos de extens\u00e3o s\u00e3o oferecidos \u00e0 comunidade, interna ou externa, com o prop\u00f3sito de divulgar conhecimentos e t\u00e9cnicas de trabalho, de acordo com os objetivos e conte\u00fados de cada um desses cursos.<\/p>\n<p style=\"text-align: justify\">Os servi\u00e7os de extens\u00e3o, na forma de servi\u00e7os espec\u00edficos, assessoramento ou consultorias, s\u00e3o executados mediante iniciativa da Uern, ou por solicita\u00e7\u00e3o de pessoas ou institui\u00e7\u00f5es, intra ou extrauniversit\u00e1rias, e devem basear-se, fundamentalmente, em conhecimentos ou t\u00e9cnicas j\u00e1 existentes na Universidade.<\/p>\n<p>&nbsp;<\/p>\n<p><span style=\"font-size: 10pt\"><em>Fonte: Art. 42, Estatuto da UERN.<\/em><\/span><\/p>\n","protected":false},"excerpt":{"rendered":"<p>A extens\u00e3o destina-se a toda a comunidade, abrangendo cursos e servi\u00e7os que s\u00e3o desenvolvidos em cumprimento de programas espec\u00edficos. Os cursos de extens\u00e3o s\u00e3o oferecidos \u00e0 comunidade, interna ou externa, com o prop\u00f3sito de divulgar conhecimentos e t\u00e9cnicas de trabalho, de acordo com os objetivos e conte\u00fados de cada um desses cursos. Os servi\u00e7os de [&hellip;]<\/p>\n","protected":false},"author":7,"featured_media":0,"parent":0,"menu_order":0,"comment_status":"closed","ping_status":"closed","template":"","meta":{"footnotes":""},"class_list":["post-685","page","type-page","status-publish","hentry"],"_links":{"self":[{"href":"https:\/\/portal.uern.br\/assu\/dge\/wp-json\/wp\/v2\/pages\/685","targetHints":{"allow":["GET"]}}],"collection":[{"href":"https:\/\/portal.uern.br\/assu\/dge\/wp-json\/wp\/v2\/pages"}],"about":[{"href":"https:\/\/portal.uern.br\/assu\/dge\/wp-json\/wp\/v2\/types\/page"}],"author":[{"embeddable":true,"href":"https:\/\/portal.uern.br\/assu\/dge\/wp-json\/wp\/v2\/users\/7"}],"replies":[{"embeddable":true,"href":"https:\/\/portal.uern.br\/assu\/dge\/wp-json\/wp\/v2\/comments?post=685"}],"version-history":[{"count":3,"href":"https:\/\/portal.uern.br\/assu\/dge\/wp-json\/wp\/v2\/pages\/685\/revisions"}],"predecessor-version":[{"id":956,"href":"https:\/\/portal.uern.br\/assu\/dge\/wp-json\/wp\/v2\/pages\/685\/revisions\/956"}],"wp:attachment":[{"href":"https:\/\/portal.uern.br\/assu\/dge\/wp-json\/wp\/v2\/media?parent=685"}],"curies":[{"name":"wp","href":"https:\/\/api.w.org\/{rel}","templated":true}]}}