{"id":677,"date":"2023-07-20T10:23:39","date_gmt":"2023-07-20T13:23:39","guid":{"rendered":"https:\/\/portal.uern.br\/assu\/dge\/?page_id=677"},"modified":"2024-01-15T12:15:25","modified_gmt":"2024-01-15T15:15:25","slug":"grupos","status":"publish","type":"page","link":"https:\/\/portal.uern.br\/assu\/dge\/pesquisa\/grupos\/","title":{"rendered":"Grupos de Pesquisa"},"content":{"rendered":"<h4>Grupo de Pesquisa Ambiente &amp; Sociedade<\/h4>\n<h4><a href=\"https:\/\/portal.uern.br\/assu\/dge\/wp-content\/uploads\/sites\/4\/2023\/09\/Logo-Grupo-de-Pesquisa.png\"><img fetchpriority=\"high\" decoding=\"async\" class=\"aligncenter wp-image-931 size-medium\" src=\"https:\/\/portal.uern.br\/assu\/dge\/wp-content\/uploads\/sites\/4\/2023\/09\/Logo-Grupo-de-Pesquisa-300x300.png\" alt=\"\" width=\"300\" height=\"300\" srcset=\"https:\/\/portal.uern.br\/assu\/dge\/wp-content\/uploads\/sites\/4\/2023\/09\/Logo-Grupo-de-Pesquisa-300x300.png 300w, https:\/\/portal.uern.br\/assu\/dge\/wp-content\/uploads\/sites\/4\/2023\/09\/Logo-Grupo-de-Pesquisa-1024x1024.png 1024w, https:\/\/portal.uern.br\/assu\/dge\/wp-content\/uploads\/sites\/4\/2023\/09\/Logo-Grupo-de-Pesquisa-150x150.png 150w, https:\/\/portal.uern.br\/assu\/dge\/wp-content\/uploads\/sites\/4\/2023\/09\/Logo-Grupo-de-Pesquisa-768x768.png 768w, https:\/\/portal.uern.br\/assu\/dge\/wp-content\/uploads\/sites\/4\/2023\/09\/Logo-Grupo-de-Pesquisa.png 1500w\" sizes=\"(max-width: 300px) 100vw, 300px\" \/><\/a><\/h4>\n<p style=\"text-align: justify\">O grupo objetiva realizar estudos sobre as rela\u00e7\u00f5es socioambientais e geoambientais no territ\u00f3rio do Rio Grande do Norte, especialmente na microrregi\u00e3o do Vale de Ass\u00fa. Nessa \u00e1rea de abrang\u00eancia ser\u00e3o enfocados temas relacionados \u00e0 Geografia F\u00edsica e Humana que possam explicar as diferentes configura\u00e7\u00f5es espaciais.<\/p>\n<p>Coordena\u00e7\u00e3o: Prof. Dr. Manoel Cir\u00edcio Pereira Neto (e-mail: ciricioneto@uern.br)<\/p>\n<p>&nbsp;<\/p>\n<ul>\n<li>\n<h4>Revista GeoIntera\u00e7\u00f5es<\/h4>\n<\/li>\n<\/ul>\n<p style=\"text-align: justify\">A Revista Geointera\u00e7\u00f5es foi criada no ano de 2017 no \u00e2mbito do Departamento de Geografia e do Grupo de Pesquisa Ambiente &amp; Sociedade, da Universidade do Estado do Rio Grande do Norte, Campus Avan\u00e7ado de Ass\u00fa. O seu objetivo \u00e9 divulgar trabalhos cient\u00edficos oriundos de pesquisas, artigos de revis\u00e3o e\/ou de natureza te\u00f3rico-metodol\u00f3gica, al\u00e9m de resenhas de obras que tenham sido publicadas h\u00e1, no m\u00e1ximo, 5 anos.<\/p>\n<p><a href=\"https:\/\/periodicos.apps.uern.br\/index.php\/RGI\/index\" target=\"_blank\" rel=\"noopener\">Acesso \u00e0 Revista Geointera\u00e7\u00f5es<\/a><\/p>\n","protected":false},"excerpt":{"rendered":"<p>Grupo de Pesquisa Ambiente &amp; Sociedade O grupo objetiva realizar estudos sobre as rela\u00e7\u00f5es socioambientais e geoambientais no territ\u00f3rio do Rio Grande do Norte, especialmente na microrregi\u00e3o do Vale de Ass\u00fa. Nessa \u00e1rea de abrang\u00eancia ser\u00e3o enfocados temas relacionados \u00e0 Geografia F\u00edsica e Humana que possam explicar as diferentes configura\u00e7\u00f5es espaciais. Coordena\u00e7\u00e3o: Prof. Dr. Manoel [&hellip;]<\/p>\n","protected":false},"author":7,"featured_media":0,"parent":683,"menu_order":0,"comment_status":"closed","ping_status":"closed","template":"","meta":{"footnotes":""},"class_list":["post-677","page","type-page","status-publish","hentry"],"_links":{"self":[{"href":"https:\/\/portal.uern.br\/assu\/dge\/wp-json\/wp\/v2\/pages\/677","targetHints":{"allow":["GET"]}}],"collection":[{"href":"https:\/\/portal.uern.br\/assu\/dge\/wp-json\/wp\/v2\/pages"}],"about":[{"href":"https:\/\/portal.uern.br\/assu\/dge\/wp-json\/wp\/v2\/types\/page"}],"author":[{"embeddable":true,"href":"https:\/\/portal.uern.br\/assu\/dge\/wp-json\/wp\/v2\/users\/7"}],"replies":[{"embeddable":true,"href":"https:\/\/portal.uern.br\/assu\/dge\/wp-json\/wp\/v2\/comments?post=677"}],"version-history":[{"count":13,"href":"https:\/\/portal.uern.br\/assu\/dge\/wp-json\/wp\/v2\/pages\/677\/revisions"}],"predecessor-version":[{"id":972,"href":"https:\/\/portal.uern.br\/assu\/dge\/wp-json\/wp\/v2\/pages\/677\/revisions\/972"}],"up":[{"embeddable":true,"href":"https:\/\/portal.uern.br\/assu\/dge\/wp-json\/wp\/v2\/pages\/683"}],"wp:attachment":[{"href":"https:\/\/portal.uern.br\/assu\/dge\/wp-json\/wp\/v2\/media?parent=677"}],"curies":[{"name":"wp","href":"https:\/\/api.w.org\/{rel}","templated":true}]}}