{"id":674,"date":"2023-07-19T20:12:07","date_gmt":"2023-07-19T23:12:07","guid":{"rendered":"https:\/\/portal.uern.br\/assu\/dge\/?page_id=674"},"modified":"2025-09-24T12:30:47","modified_gmt":"2025-09-24T15:30:47","slug":"laboratorios","status":"publish","type":"page","link":"https:\/\/portal.uern.br\/assu\/dge\/laboratorios\/","title":{"rendered":"Laborat\u00f3rios"},"content":{"rendered":"<h4>Laborat\u00f3rio de Geografia F\u00edsica &#8211; LAGEO<\/h4>\n<p><a href=\"https:\/\/portal.uern.br\/assu\/dge\/wp-content\/uploads\/sites\/4\/2023\/11\/Logo_LAGEO_2022.jpg\"><img fetchpriority=\"high\" decoding=\"async\" class=\"aligncenter wp-image-950 size-medium\" src=\"https:\/\/portal.uern.br\/assu\/dge\/wp-content\/uploads\/sites\/4\/2023\/11\/Logo_LAGEO_2022-300x212.jpg\" alt=\"\" width=\"300\" height=\"212\" srcset=\"https:\/\/portal.uern.br\/assu\/dge\/wp-content\/uploads\/sites\/4\/2023\/11\/Logo_LAGEO_2022-300x212.jpg 300w, https:\/\/portal.uern.br\/assu\/dge\/wp-content\/uploads\/sites\/4\/2023\/11\/Logo_LAGEO_2022-1024x723.jpg 1024w, https:\/\/portal.uern.br\/assu\/dge\/wp-content\/uploads\/sites\/4\/2023\/11\/Logo_LAGEO_2022-768x542.jpg 768w, https:\/\/portal.uern.br\/assu\/dge\/wp-content\/uploads\/sites\/4\/2023\/11\/Logo_LAGEO_2022.jpg 1280w\" sizes=\"(max-width: 300px) 100vw, 300px\" \/><\/a><\/p>\n<p>O Laborat\u00f3rio se caracteriza como sendo um espa\u00e7o f\u00edsico destinado ao ensino, pesquisa, extens\u00e3o e ao apoio das atividades cient\u00edficas e culturais relacionadas ao Colegiado de Geografia, com as atribui\u00e7\u00f5es previstas em Regimento Interno, assim como no Projeto Pedag\u00f3gico do Curso e no Regulamento de Cursos no \u00e2mbito da UERN.<\/p>\n<p><a href=\"https:\/\/www.uern.br\/controledepaginas\/propeg-pesquisa-institucionalizacao-laboratorios\/arquivos\/4200resolua%C2%A7a%C2%A3o_16_2019_lageo.pdf\">Regimento Interno do Laborat\u00f3rio de Geografia F\u00edsica &#8211; LAGEO<\/a><\/p>\n<p>Coordena\u00e7\u00e3o 2017-2024: Prof. Dr. Manoel Cir\u00edcio Pereira Neto (e-mail: ciricioneto@uern.br)<\/p>\n<p>Coordena\u00e7\u00e3o 2024-Atual: Prof. Dr. Josiel de Alencar Guedes (e-mail: josielguedes@uern.br)<\/p>\n","protected":false},"excerpt":{"rendered":"<p>Laborat\u00f3rio de Geografia F\u00edsica &#8211; LAGEO O Laborat\u00f3rio se caracteriza como sendo um espa\u00e7o f\u00edsico destinado ao ensino, pesquisa, extens\u00e3o e ao apoio das atividades cient\u00edficas e culturais relacionadas ao Colegiado de Geografia, com as atribui\u00e7\u00f5es previstas em Regimento Interno, assim como no Projeto Pedag\u00f3gico do Curso e no Regulamento de Cursos no \u00e2mbito da [&hellip;]<\/p>\n","protected":false},"author":7,"featured_media":0,"parent":0,"menu_order":0,"comment_status":"closed","ping_status":"closed","template":"","meta":{"footnotes":""},"class_list":["post-674","page","type-page","status-publish","hentry"],"_links":{"self":[{"href":"https:\/\/portal.uern.br\/assu\/dge\/wp-json\/wp\/v2\/pages\/674","targetHints":{"allow":["GET"]}}],"collection":[{"href":"https:\/\/portal.uern.br\/assu\/dge\/wp-json\/wp\/v2\/pages"}],"about":[{"href":"https:\/\/portal.uern.br\/assu\/dge\/wp-json\/wp\/v2\/types\/page"}],"author":[{"embeddable":true,"href":"https:\/\/portal.uern.br\/assu\/dge\/wp-json\/wp\/v2\/users\/7"}],"replies":[{"embeddable":true,"href":"https:\/\/portal.uern.br\/assu\/dge\/wp-json\/wp\/v2\/comments?post=674"}],"version-history":[{"count":8,"href":"https:\/\/portal.uern.br\/assu\/dge\/wp-json\/wp\/v2\/pages\/674\/revisions"}],"predecessor-version":[{"id":1167,"href":"https:\/\/portal.uern.br\/assu\/dge\/wp-json\/wp\/v2\/pages\/674\/revisions\/1167"}],"wp:attachment":[{"href":"https:\/\/portal.uern.br\/assu\/dge\/wp-json\/wp\/v2\/media?parent=674"}],"curies":[{"name":"wp","href":"https:\/\/api.w.org\/{rel}","templated":true}]}}