{"id":662,"date":"2023-07-18T12:13:34","date_gmt":"2023-07-18T15:13:34","guid":{"rendered":"https:\/\/portal.uern.br\/assu\/dge\/?page_id=662"},"modified":"2024-06-19T12:01:05","modified_gmt":"2024-06-19T15:01:05","slug":"organograma","status":"publish","type":"page","link":"https:\/\/portal.uern.br\/assu\/dge\/organograma\/","title":{"rendered":"Organograma"},"content":{"rendered":"<div id='gallery-1' class='gallery galleryid-662 gallery-columns-3 gallery-size-full'><figure class='gallery-item'>\n\t\t\t<div class='gallery-icon landscape'>\n\t\t\t\t<a href='https:\/\/portal.uern.br\/assu\/dge\/wp-content\/uploads\/sites\/4\/2023\/07\/Organograma-DGE-5.png'><img fetchpriority=\"high\" decoding=\"async\" width=\"1169\" height=\"827\" src=\"https:\/\/portal.uern.br\/assu\/dge\/wp-content\/uploads\/sites\/4\/2023\/07\/Organograma-DGE-5.png\" class=\"attachment-full size-full\" alt=\"\" srcset=\"https:\/\/portal.uern.br\/assu\/dge\/wp-content\/uploads\/sites\/4\/2023\/07\/Organograma-DGE-5.png 1169w, https:\/\/portal.uern.br\/assu\/dge\/wp-content\/uploads\/sites\/4\/2023\/07\/Organograma-DGE-5-300x212.png 300w, https:\/\/portal.uern.br\/assu\/dge\/wp-content\/uploads\/sites\/4\/2023\/07\/Organograma-DGE-5-1024x724.png 1024w, https:\/\/portal.uern.br\/assu\/dge\/wp-content\/uploads\/sites\/4\/2023\/07\/Organograma-DGE-5-768x543.png 768w\" sizes=\"(max-width: 1169px) 100vw, 1169px\" \/><\/a>\n\t\t\t<\/div><\/figure>\n\t\t<\/div>\n\n<hr \/>\n<table style=\"border-collapse: collapse;width: 100%;height: 872px\">\n<tbody>\n<tr style=\"height: 56px\">\n<td style=\"width: 100%;height: 56px\">\n<ul>\n<li><strong>Chefia de Departamento:<\/strong> Manoel Cir\u00edcio Pereira Neto<\/li>\n<\/ul>\n<\/td>\n<\/tr>\n<tr style=\"height: 56px\">\n<td style=\"width: 100%;height: 56px\">\n<ul>\n<li><strong>N\u00facleo Docente Estruturante<\/strong> &#8211; NDE:<\/li>\n<\/ul>\n<\/td>\n<\/tr>\n<tr style=\"height: 24px\">\n<td style=\"width: 100%;height: 24px;padding-left: 40px\">Francisca Elizonete de Souza Lima<\/td>\n<\/tr>\n<tr style=\"height: 24px\">\n<td style=\"width: 100%;height: 24px;padding-left: 40px\">Heronilson Pinto Freire<\/td>\n<\/tr>\n<tr style=\"height: 24px\">\n<td style=\"width: 100%;height: 24px;padding-left: 40px\">Josiel de Alencar Guedes<\/td>\n<\/tr>\n<tr style=\"height: 24px\">\n<td style=\"width: 100%;height: 24px;padding-left: 40px\">Manoel Cir\u00edcio Pereira Neto<\/td>\n<\/tr>\n<tr style=\"height: 24px\">\n<td style=\"width: 100%;height: 24px;padding-left: 40px\">Raimundo In\u00e1cio da Silva Filho<\/td>\n<\/tr>\n<tr style=\"height: 24px\">\n<td style=\"width: 100%;height: 24px;padding-left: 40px\">Zenis Bezerra Freire<\/td>\n<\/tr>\n<tr style=\"height: 56px\">\n<td style=\"width: 100%;height: 56px\">\n<ul>\n<li><strong>Secretaria de Departamento:<\/strong> T.N.S Eduardo Gomes Barbosa Pimentel<\/li>\n<\/ul>\n<\/td>\n<\/tr>\n<tr style=\"height: 56px\">\n<td style=\"width: 100%;height: 56px\">\n<ul>\n<li><strong>Orienta\u00e7\u00e3o Acad\u00eamica:<\/strong> Heronilson Pinto Freire<\/li>\n<\/ul>\n<\/td>\n<\/tr>\n<tr style=\"height: 56px\">\n<td style=\"width: 100%;height: 56px\">\n<ul>\n<li><strong>Coordena\u00e7\u00e3o de Est\u00e1gio Supervisionado Obrigat\u00f3rio:<\/strong> Francisca Elizonete de Souza Lima<\/li>\n<\/ul>\n<\/td>\n<\/tr>\n<tr style=\"height: 56px\">\n<td style=\"width: 100%;height: 56px\">\n<ul>\n<li><strong>Coordena\u00e7\u00e3o de Est\u00e1gio Supervisionado N\u00e3o Obrigat\u00f3rio:<\/strong> Josiel de Alencar Guedes<\/li>\n<\/ul>\n<\/td>\n<\/tr>\n<tr style=\"height: 56px\">\n<td style=\"width: 100%;height: 56px\">\n<ul>\n<li><strong>Coordena\u00e7\u00e3o do FIEL Curso Geografia:<\/strong><\/li>\n<\/ul>\n<\/td>\n<\/tr>\n<tr style=\"height: 56px\">\n<td style=\"width: 100%;height: 56px\">\n<ul>\n<li><strong>Coordena\u00e7\u00e3o do Grupo de Pesquisa:<\/strong> Manoel Cir\u00edcio Pereira Neto<\/li>\n<\/ul>\n<\/td>\n<\/tr>\n<tr style=\"height: 56px\">\n<td style=\"width: 100%;height: 56px\">\n<ul>\n<li><strong>Coordena\u00e7\u00e3o do Laborat\u00f3rio de Geografia F\u00edsica:<\/strong> Manoel Cir\u00edcio Pereira Neto<\/li>\n<\/ul>\n<\/td>\n<\/tr>\n<tr style=\"height: 24px\">\n<td style=\"width: 100%;height: 24px\">\n<ul>\n<li><strong>Comiss\u00e3o Setorial de Avalia\u00e7\u00e3o &#8211; COSE:<\/strong><\/li>\n<\/ul>\n<\/td>\n<\/tr>\n<tr style=\"height: 24px\">\n<td style=\"width: 100%;height: 24px;padding-left: 40px\">Manoel Cir\u00edcio Pereira Neto (Coordenador)<\/td>\n<\/tr>\n<tr style=\"height: 24px\">\n<td style=\"width: 100%;height: 24px;padding-left: 40px\">Heronilson Pinto Freire (Membro Docente)<\/td>\n<\/tr>\n<tr style=\"height: 24px\">\n<td style=\"width: 100%;padding-left: 40px;height: 24px\">Eduardo Gomes Barbosa Pimentel (Membro T\u00e9cnico Administrativo)<\/td>\n<\/tr>\n<tr style=\"height: 24px\">\n<td style=\"width: 100%;padding-left: 40px;height: 24px\">Maria Nicolly Fernandes de Assis (Membro Discente)<\/td>\n<\/tr>\n<tr style=\"height: 56px\">\n<td style=\"width: 100%;height: 56px\">\n<ul>\n<li><strong>Comiss\u00e3o de Desempenho Acad\u00eamico &#8211; CDA:<\/strong><\/li>\n<\/ul>\n<\/td>\n<\/tr>\n<tr style=\"height: 24px\">\n<td style=\"width: 100%;height: 24px;padding-left: 40px\">Manoel Cir\u00edcio Pereira Neto (Presidente)<\/td>\n<\/tr>\n<tr style=\"height: 24px\">\n<td style=\"width: 100%;height: 24px;padding-left: 40px\">Heronilson Pinto Freire (Membro Docente)<\/td>\n<\/tr>\n<tr>\n<td style=\"width: 100%;padding-left: 40px\">Eduardo Gomes Barbosa Pimentel (Membro T\u00e9cnico Administrativo)<\/td>\n<\/tr>\n<\/tbody>\n<\/table>\n<p>&nbsp;<\/p>\n","protected":false},"excerpt":{"rendered":"<p>Chefia de Departamento: Manoel Cir\u00edcio Pereira Neto N\u00facleo Docente Estruturante &#8211; NDE: Francisca Elizonete de Souza Lima Heronilson Pinto Freire Josiel de Alencar Guedes Manoel Cir\u00edcio Pereira Neto Raimundo In\u00e1cio da Silva Filho Zenis Bezerra Freire Secretaria de Departamento: T.N.S Eduardo Gomes Barbosa Pimentel Orienta\u00e7\u00e3o Acad\u00eamica: Heronilson Pinto Freire Coordena\u00e7\u00e3o de Est\u00e1gio Supervisionado Obrigat\u00f3rio: Francisca [&hellip;]<\/p>\n","protected":false},"author":7,"featured_media":0,"parent":0,"menu_order":0,"comment_status":"closed","ping_status":"closed","template":"","meta":{"footnotes":""},"class_list":["post-662","page","type-page","status-publish","hentry"],"_links":{"self":[{"href":"https:\/\/portal.uern.br\/assu\/dge\/wp-json\/wp\/v2\/pages\/662","targetHints":{"allow":["GET"]}}],"collection":[{"href":"https:\/\/portal.uern.br\/assu\/dge\/wp-json\/wp\/v2\/pages"}],"about":[{"href":"https:\/\/portal.uern.br\/assu\/dge\/wp-json\/wp\/v2\/types\/page"}],"author":[{"embeddable":true,"href":"https:\/\/portal.uern.br\/assu\/dge\/wp-json\/wp\/v2\/users\/7"}],"replies":[{"embeddable":true,"href":"https:\/\/portal.uern.br\/assu\/dge\/wp-json\/wp\/v2\/comments?post=662"}],"version-history":[{"count":4,"href":"https:\/\/portal.uern.br\/assu\/dge\/wp-json\/wp\/v2\/pages\/662\/revisions"}],"predecessor-version":[{"id":1020,"href":"https:\/\/portal.uern.br\/assu\/dge\/wp-json\/wp\/v2\/pages\/662\/revisions\/1020"}],"wp:attachment":[{"href":"https:\/\/portal.uern.br\/assu\/dge\/wp-json\/wp\/v2\/media?parent=662"}],"curies":[{"name":"wp","href":"https:\/\/api.w.org\/{rel}","templated":true}]}}