{"id":288,"date":"2023-02-05T19:40:40","date_gmt":"2023-02-05T22:40:40","guid":{"rendered":"http:\/\/beta.apps.uern.br\/wordpress\/assu\/geografia\/?page_id=288"},"modified":"2025-09-24T12:38:17","modified_gmt":"2025-09-24T15:38:17","slug":"apresentacao","status":"publish","type":"page","link":"https:\/\/portal.uern.br\/assu\/dge\/","title":{"rendered":"Geografia"},"content":{"rendered":"<h5><span style=\"font-size: 14pt\"><img decoding=\"async\" class=\"alignnone  wp-image-1173\" src=\"https:\/\/portal.uern.br\/assu\/dge\/wp-content\/uploads\/sites\/4\/2025\/09\/Mc-1-300x300.jpg\" alt=\"\" width=\"172\" height=\"172\" srcset=\"https:\/\/portal.uern.br\/assu\/dge\/wp-content\/uploads\/sites\/4\/2025\/09\/Mc-1-300x300.jpg 300w, https:\/\/portal.uern.br\/assu\/dge\/wp-content\/uploads\/sites\/4\/2025\/09\/Mc-1-1024x1024.jpg 1024w, https:\/\/portal.uern.br\/assu\/dge\/wp-content\/uploads\/sites\/4\/2025\/09\/Mc-1-150x150.jpg 150w, https:\/\/portal.uern.br\/assu\/dge\/wp-content\/uploads\/sites\/4\/2025\/09\/Mc-1-768x768.jpg 768w, https:\/\/portal.uern.br\/assu\/dge\/wp-content\/uploads\/sites\/4\/2025\/09\/Mc-1.jpg 1120w\" sizes=\"(max-width: 172px) 100vw, 172px\" \/><\/span><\/h5>\n<h5><span style=\"font-size: 14pt\">Geografia &#8211; Campus Avan\u00e7ado de Assu<\/span><\/h5>\n<p><strong>C\u00f3digo:<\/strong><br \/>\n100820-0<\/p>\n<p><strong>Modalidade:\u00a0<\/strong><br \/>\nLicenciatura<\/p>\n<p><strong>Carga Hor\u00e1ria Total:<\/strong><br \/>\n3065 horas<\/p>\n<p><strong>Tempo do Curso:<\/strong><br \/>\nEntre 4 e 7 anos (m\u00e1ximo)<\/p>\n<p>&nbsp;<\/p>\n<p><strong>Objetivo do Curso:<\/strong><\/p>\n<p style=\"text-align: justify\">O curso de Licenciatura de Geografia tem como objetivo habilitar e formar profissionais licenciados em Geografia para atuar no exerc\u00edcio das atividades condizentes ao magist\u00e9rio, nos dois n\u00edveis de educa\u00e7\u00e3o b\u00e1sica (fundamental e m\u00e9dio), considerando as complexidades que existem nos processos de ensino e aprendizagem tanto nos ambientes formais de educa\u00e7\u00e3o quanto nos ambientes n\u00e3o-formais.<\/p>\n<p><strong>Perfil do Formando:<\/strong><\/p>\n<p style=\"text-align: justify\">O perfil do egresso licenciado est\u00e1 harmonizado com as Diretrizes Curriculares para o Curso de Geografia, atrav\u00e9s da Resolu\u00e7\u00e3o 14, de 13 de mar\u00e7o de 2002 do Conselho Nacional de Educa\u00e7\u00e3o &#8211; CNE\/C\u00e2mara de Educa\u00e7\u00e3o Superior &#8211; CES, e do Parecer do CNE\/CES 492, de 3 de abril de 2001, descritos a seguir:<\/p>\n<p style=\"text-align: justify\">&#8211; Compreender os elementos e processos concernentes ao meio natural e ao constru\u00eddo, com base nos fundamentos filos\u00f3ficos, te\u00f3ricos e metodol\u00f3gicos da Geografia;<\/p>\n<p style=\"text-align: justify\">-Dominar e aprimorar as abordagens cient\u00edficas pertinentes ao processo de produ\u00e7\u00e3o e aplica\u00e7\u00e3o do conhecimento geogr\u00e1fico;<\/p>\n<p style=\"text-align: justify\">-Conhecer e aplicar os aspectos te\u00f3rico-metodol\u00f3gicos relacionados ao processo de ensino-aprendizagem voltados \u00e0 pr\u00e1tica pedag\u00f3gica e ao Ensino de Geografia.<\/p>\n<p style=\"text-align: justify\">De acordo com o perfil do egresso, a partir de uma s\u00f3lida forma\u00e7\u00e3o, compreendida dentro de uma vis\u00e3o qualitativa, estar\u00e1 habilitado para atuar no campo da licenciatura, nos espa\u00e7os formais de ensino, nos n\u00edveis fundamental e m\u00e9dio, bem como nos espa\u00e7os n\u00e3o-formais, haja vista a compreens\u00e3o mais ampliada acerca do atual papel do educador para al\u00e9m da Escola.<\/p>\n<p><strong>Campo de Atua\u00e7\u00e3o:<\/strong><\/p>\n<ul>\n<li style=\"text-align: justify\">Compreendendo que a consci\u00eancia cr\u00edtica ou n\u00e3o do aluno est\u00e1 relacionada diretamente com o tipo de forma\u00e7\u00e3o que este recebe na Universidade, nesse sentido, o Curso de Geografia do Campus Avan\u00e7ado de Assu\/UERN, almeja trabalhar a forma\u00e7\u00e3o e a atua\u00e7\u00e3o dos profissionais, formando cidad\u00e3os conscientes do seu papel profissional e social, tendo em vista que a Geografia ser uma &#8220;Ci\u00eancia da sociedade&#8221;: essencialmente questionadora; que pode contribuir na orienta\u00e7\u00e3o para atua\u00e7\u00e3o em espa\u00e7os escolares e em espa\u00e7os de discuss\u00e3o e organiza\u00e7\u00e3o social, ambiental e pol\u00edtica, pensando em estrat\u00e9gias para a sala de aula e para al\u00e9m dela (movimentos sociais, ONG&#8217;s, entidades, grupos de pesquisa, etc.).<\/li>\n<\/ul>\n<p>&nbsp;<\/p>\n<p><strong>Atribui\u00e7\u00f5es do profissional formado:<\/strong><\/p>\n<ul>\n<li style=\"text-align: justify\">As compet\u00eancias e habilidades do licenciado em Geografia do Campus Avan\u00e7ado de Assu, s\u00e3o baseadas em conformidade com a Resolu\u00e7\u00e3o CNE\/CES 492\/2001 relacionadas a seguir:<\/li>\n<li style=\"text-align: justify\">HABILIDADES GERAIS<\/li>\n<li style=\"text-align: justify\">Identificar e explicar a dimens\u00e3o geogr\u00e1fica presente nas diversas manifesta\u00e7\u00f5es do conhecimento;<\/li>\n<li style=\"text-align: justify\">Articular elementos emp\u00edricos e conceituais, concernentes ao conhecimento cient\u00edfico dos processos espaciais;<\/li>\n<li style=\"text-align: justify\">Reconhecer as diferentes escalas de ocorr\u00eancia e manifesta\u00e7\u00e3o dos fatos, fen\u00f4menos e eventos geogr\u00e1ficos;<\/li>\n<li style=\"text-align: justify\">Planejar e realizar atividades de campo, referentes \u00e0 investiga\u00e7\u00e3o geogr\u00e1fica.<\/li>\n<li style=\"text-align: justify\">Dominar t\u00e9cnicas laboratoriais concernentes \u00e0 produ\u00e7\u00e3o e aplica\u00e7\u00e3o do conhecimento geogr\u00e1fico;<\/li>\n<li style=\"text-align: justify\">Propor e elaborar projetos de pesquisa e de interven\u00e7\u00e3o no \u00e2mbito da \u00e1rea de atua\u00e7\u00e3o da Geografia;<\/li>\n<li style=\"text-align: justify\">Utilizar os recursos da inform\u00e1tica;<\/li>\n<li style=\"text-align: justify\">Dominar a l\u00edngua portuguesa e incentivar o idioma estrangeiro no qual seja significativa a produ\u00e7\u00e3o e a difus\u00e3o do conhecimento geogr\u00e1fico;<\/li>\n<li style=\"text-align: justify\">Trabalhar de maneira integrada e contributiva em equipes multidisciplinares.<\/li>\n<\/ul>\n<h5><\/h5>\n","protected":false},"excerpt":{"rendered":"<p>Geografia &#8211; Campus Avan\u00e7ado de Assu C\u00f3digo: 100820-0 Modalidade:\u00a0 Licenciatura Carga Hor\u00e1ria Total: 3065 horas Tempo do Curso: Entre 4 e 7 anos (m\u00e1ximo) &nbsp; Objetivo do Curso: O curso de Licenciatura de Geografia tem como objetivo habilitar e formar profissionais licenciados em Geografia para atuar no exerc\u00edcio das atividades condizentes ao magist\u00e9rio, nos dois [&hellip;]<\/p>\n","protected":false},"author":1,"featured_media":0,"parent":0,"menu_order":0,"comment_status":"closed","ping_status":"closed","template":"","meta":{"footnotes":""},"class_list":["post-288","page","type-page","status-publish","hentry"],"_links":{"self":[{"href":"https:\/\/portal.uern.br\/assu\/dge\/wp-json\/wp\/v2\/pages\/288","targetHints":{"allow":["GET"]}}],"collection":[{"href":"https:\/\/portal.uern.br\/assu\/dge\/wp-json\/wp\/v2\/pages"}],"about":[{"href":"https:\/\/portal.uern.br\/assu\/dge\/wp-json\/wp\/v2\/types\/page"}],"author":[{"embeddable":true,"href":"https:\/\/portal.uern.br\/assu\/dge\/wp-json\/wp\/v2\/users\/1"}],"replies":[{"embeddable":true,"href":"https:\/\/portal.uern.br\/assu\/dge\/wp-json\/wp\/v2\/comments?post=288"}],"version-history":[{"count":15,"href":"https:\/\/portal.uern.br\/assu\/dge\/wp-json\/wp\/v2\/pages\/288\/revisions"}],"predecessor-version":[{"id":1174,"href":"https:\/\/portal.uern.br\/assu\/dge\/wp-json\/wp\/v2\/pages\/288\/revisions\/1174"}],"wp:attachment":[{"href":"https:\/\/portal.uern.br\/assu\/dge\/wp-json\/wp\/v2\/media?parent=288"}],"curies":[{"name":"wp","href":"https:\/\/api.w.org\/{rel}","templated":true}]}}