{"id":874,"date":"2023-10-20T19:22:30","date_gmt":"2023-10-20T22:22:30","guid":{"rendered":"https:\/\/portal.uern.br\/assu\/dec\/?page_id=874"},"modified":"2025-09-17T17:20:44","modified_gmt":"2025-09-17T20:20:44","slug":"apresentacao","status":"publish","type":"page","link":"https:\/\/portal.uern.br\/assu\/dec\/apresentacao\/","title":{"rendered":"O curso"},"content":{"rendered":"<p style=\"text-align: justify\"><span style=\"font-size: 14pt\"><strong><b>Curso: Ci\u00eancias Econ\u00f4micas<\/b><\/strong><\/span><\/p>\n<p><strong>Campus Avan\u00e7ado de Ass\u00fa \/ UERN<\/strong><\/p>\n<p style=\"text-align: justify\"><strong>Modalidade<\/strong>: Bacharelado.<\/p>\n<p><strong>Carga hor\u00e1ria total do curso<\/strong>: 3360 horas.<\/p>\n<p><strong>Turno<\/strong>: Noturno.<\/p>\n<p style=\"text-align: justify\"><strong>Tempo m\u00e9dio de integraliza\u00e7\u00e3o<\/strong>: 5 anos.<\/p>\n<p style=\"text-align: justify\"><strong>Tempo m\u00e1ximo de integraliza\u00e7\u00e3o<\/strong>: 7 anos.<\/p>\n<p><strong>E-mail<\/strong>: dec_assu@uern.br<\/p>\n<p><strong>Chefe do Departamento<\/strong>: Prof. William Gledson e Silva<\/p>\n<p><strong>Subchefe do Departamento<\/strong>: Prof\u00aa. Herica Gabriela Rodrigues de Ara\u00fajo Ribeiro<\/p>\n<p style=\"text-align: justify\"><em>O curso de Ci\u00eancias Econ\u00f4micas da UERN Ass\u00fa tem como objetivo formar profissionais capazes de compreender, avaliar e formular propostas para quest\u00f5es econ\u00f4micas, financeiras, sociais e pol\u00edticas, e nela intervirem, embasados no car\u00e1ter pluralista da ci\u00eancia.<\/em><\/p>\n<p style=\"text-align: justify\"><em>Ainda, conta como objetivos: dotar o profissional de uma base te\u00f3rico-metodol\u00f3gica e hist\u00f3rica s\u00f3lida, que o\u00a0capacite a compreender os processos econ\u00f4micos de forma ampla, visando, sobretudo, \u00e0 an\u00e1lise da economia regional, brasileira e a mundial; possibilitar o dom\u00ednio de instrumentais quantitativos em Economia tais como\u00a0modelos econ\u00f4micos e t\u00e9cnicas de mensura\u00e7\u00e3o para a compreens\u00e3o de quest\u00f5es econ\u00f4micas, financeira e sociais; e, propiciar a aptid\u00e3o para elaborar pareceres, relat\u00f3rios, trabalhos e textos que exijam conhecimentos em Ci\u00eancias Econ\u00f4micas.<\/em><\/p>\n<p>&nbsp;<\/p>\n<ul>\n<li><a href=\"https:\/\/portal.uern.br\/proeg\/wp-content\/uploads\/2025\/09\/PPC-2022-Ciencias-Economicas-Bach-Campus-de-Assu-Homologado-em-10.09.2025.pdf\" target=\"_blank\" rel=\"noopener\">PPC Ci\u00eancias Econ\u00f4micas 2022<\/a><\/li>\n<li><a href=\"https:\/\/portal.uern.br\/proeg\/wp-content\/uploads\/2023\/08\/PPC-Ciencias-Economicas-CAA-2015-Atualizado-em-2019.pdf\" target=\"_blank\" rel=\"noopener\">PPC Ci\u00eancias Econ\u00f4micas 2019<\/a><\/li>\n<\/ul>\n","protected":false},"excerpt":{"rendered":"<p>Curso: Ci\u00eancias Econ\u00f4micas Campus Avan\u00e7ado de Ass\u00fa \/ UERN Modalidade: Bacharelado. Carga hor\u00e1ria total do curso: 3360 horas. Turno: Noturno. Tempo m\u00e9dio de integraliza\u00e7\u00e3o: 5 anos. Tempo m\u00e1ximo de integraliza\u00e7\u00e3o: 7 anos. E-mail: dec_assu@uern.br Chefe do Departamento: Prof. William Gledson e Silva Subchefe do Departamento: Prof\u00aa. Herica Gabriela Rodrigues de Ara\u00fajo Ribeiro O curso de [&hellip;]<\/p>\n","protected":false},"author":4,"featured_media":0,"parent":0,"menu_order":0,"comment_status":"closed","ping_status":"closed","template":"","meta":{"footnotes":""},"class_list":["post-874","page","type-page","status-publish","hentry"],"_links":{"self":[{"href":"https:\/\/portal.uern.br\/assu\/dec\/wp-json\/wp\/v2\/pages\/874","targetHints":{"allow":["GET"]}}],"collection":[{"href":"https:\/\/portal.uern.br\/assu\/dec\/wp-json\/wp\/v2\/pages"}],"about":[{"href":"https:\/\/portal.uern.br\/assu\/dec\/wp-json\/wp\/v2\/types\/page"}],"author":[{"embeddable":true,"href":"https:\/\/portal.uern.br\/assu\/dec\/wp-json\/wp\/v2\/users\/4"}],"replies":[{"embeddable":true,"href":"https:\/\/portal.uern.br\/assu\/dec\/wp-json\/wp\/v2\/comments?post=874"}],"version-history":[{"count":12,"href":"https:\/\/portal.uern.br\/assu\/dec\/wp-json\/wp\/v2\/pages\/874\/revisions"}],"predecessor-version":[{"id":1126,"href":"https:\/\/portal.uern.br\/assu\/dec\/wp-json\/wp\/v2\/pages\/874\/revisions\/1126"}],"wp:attachment":[{"href":"https:\/\/portal.uern.br\/assu\/dec\/wp-json\/wp\/v2\/media?parent=874"}],"curies":[{"name":"wp","href":"https:\/\/api.w.org\/{rel}","templated":true}]}}