{"id":716,"date":"2023-06-22T07:42:01","date_gmt":"2023-06-22T10:42:01","guid":{"rendered":"https:\/\/portal.uern.br\/assu\/dec\/?page_id=716"},"modified":"2026-03-19T17:41:58","modified_gmt":"2026-03-19T20:41:58","slug":"pos-graduacao","status":"publish","type":"page","link":"https:\/\/portal.uern.br\/assu\/dec\/pos-graduacao\/","title":{"rendered":"P\u00f3s-Gradua\u00e7\u00e3o"},"content":{"rendered":"<h3>Especializa\u00e7\u00e3o (<em>Lato Sensu<\/em>)<\/h3>\n<h4>Avalia\u00e7\u00e3o em Pol\u00edticas P\u00fablicas<\/h4>\n<ul>\n<li><a href=\"https:\/\/portal.uern.br\/assu\/dec\/wp-content\/uploads\/sites\/8\/2024\/10\/Regimento-Interno-v2.pdf\" target=\"_blank\" rel=\"noopener\">Regimento Interno<\/a><\/li>\n<li><a href=\"https:\/\/portal.uern.br\/assu\/dec\/wp-content\/uploads\/sites\/8\/2026\/03\/RESOLUCAO_N__03_2023___CPPG_CONSEPE.pdf\" target=\"_blank\" rel=\"noopener\">Resolu\u00e7\u00e3o n\u00ba 03\/2023 CPPG\/Consepe<\/a><\/li>\n<li><a href=\"https:\/\/portal.uern.br\/assu\/dec\/wp-content\/uploads\/sites\/8\/2026\/03\/SEI_19641154_Resolucao_78.pdf\" target=\"_blank\" rel=\"noopener\">Regulamento Interno<\/a><\/li>\n<\/ul>\n<p>&nbsp;<\/p>\n<ul style=\"list-style-type: square\">\n<li><strong>Edi\u00e7\u00e3o 2026<\/strong>\n<ul style=\"list-style-type: circle\">\n<li><a href=\"https:\/\/portal.uern.br\/assu\/dec\/wp-content\/uploads\/sites\/8\/2026\/02\/EDITAL-Curso-de-Especializacao-em-Economia-VERSAO-FINAL.pdf\" target=\"_blank\" rel=\"noopener\">Edital<\/a><\/li>\n<li><a href=\"https:\/\/portal.uern.br\/assu\/dec\/wp-content\/uploads\/sites\/8\/2026\/03\/Resultado-final-da-homologacao-das-inscricoes-JOUERN.pdf\" target=\"_blank\" rel=\"noopener\">Homologa\u00e7\u00e3o das inscri\u00e7\u00f5es &#8211; resultado final<\/a><\/li>\n<\/ul>\n<\/li>\n<\/ul>\n","protected":false},"excerpt":{"rendered":"<p>Especializa\u00e7\u00e3o (Lato Sensu) Avalia\u00e7\u00e3o em Pol\u00edticas P\u00fablicas Regimento Interno Resolu\u00e7\u00e3o n\u00ba 03\/2023 CPPG\/Consepe Regulamento Interno &nbsp; Edi\u00e7\u00e3o 2026 Edital Homologa\u00e7\u00e3o das inscri\u00e7\u00f5es &#8211; resultado final<\/p>\n","protected":false},"author":1,"featured_media":0,"parent":0,"menu_order":0,"comment_status":"closed","ping_status":"closed","template":"","meta":{"footnotes":""},"class_list":["post-716","page","type-page","status-publish","hentry"],"_links":{"self":[{"href":"https:\/\/portal.uern.br\/assu\/dec\/wp-json\/wp\/v2\/pages\/716","targetHints":{"allow":["GET"]}}],"collection":[{"href":"https:\/\/portal.uern.br\/assu\/dec\/wp-json\/wp\/v2\/pages"}],"about":[{"href":"https:\/\/portal.uern.br\/assu\/dec\/wp-json\/wp\/v2\/types\/page"}],"author":[{"embeddable":true,"href":"https:\/\/portal.uern.br\/assu\/dec\/wp-json\/wp\/v2\/users\/1"}],"replies":[{"embeddable":true,"href":"https:\/\/portal.uern.br\/assu\/dec\/wp-json\/wp\/v2\/comments?post=716"}],"version-history":[{"count":8,"href":"https:\/\/portal.uern.br\/assu\/dec\/wp-json\/wp\/v2\/pages\/716\/revisions"}],"predecessor-version":[{"id":1152,"href":"https:\/\/portal.uern.br\/assu\/dec\/wp-json\/wp\/v2\/pages\/716\/revisions\/1152"}],"wp:attachment":[{"href":"https:\/\/portal.uern.br\/assu\/dec\/wp-json\/wp\/v2\/media?parent=716"}],"curies":[{"name":"wp","href":"https:\/\/api.w.org\/{rel}","templated":true}]}}