{"id":528,"date":"2023-03-29T08:06:38","date_gmt":"2023-03-29T11:06:38","guid":{"rendered":"https:\/\/portal.uern.br\/assu\/dec\/?page_id=528"},"modified":"2023-08-14T18:46:03","modified_gmt":"2023-08-14T21:46:03","slug":"revista-raepp","status":"publish","type":"page","link":"https:\/\/portal.uern.br\/assu\/dec\/revista-raepp\/","title":{"rendered":"Revista RAEPP"},"content":{"rendered":"<p><a href=\"https:\/\/periodicos.apps.uern.br\/index.php\/RAEPP\" target=\"_blank\" rel=\"noopener\"><img fetchpriority=\"high\" decoding=\"async\" class=\"alignnone wp-image-562\" src=\"https:\/\/portal.uern.br\/assu\/dec\/wp-content\/uploads\/sites\/8\/2023\/04\/RAEPP-212x300.jpg\" alt=\"\" width=\"200\" height=\"283\" srcset=\"https:\/\/portal.uern.br\/assu\/dec\/wp-content\/uploads\/sites\/8\/2023\/04\/RAEPP-212x300.jpg 212w, https:\/\/portal.uern.br\/assu\/dec\/wp-content\/uploads\/sites\/8\/2023\/04\/RAEPP-725x1024.jpg 725w, https:\/\/portal.uern.br\/assu\/dec\/wp-content\/uploads\/sites\/8\/2023\/04\/RAEPP-768x1085.jpg 768w, https:\/\/portal.uern.br\/assu\/dec\/wp-content\/uploads\/sites\/8\/2023\/04\/RAEPP-1087x1536.jpg 1087w, https:\/\/portal.uern.br\/assu\/dec\/wp-content\/uploads\/sites\/8\/2023\/04\/RAEPP.jpg 1241w\" sizes=\"(max-width: 200px) 100vw, 200px\" \/><\/a><\/p>\n<p>&nbsp;<\/p>\n<p style=\"text-align: justify\">A Revista de An\u00e1lise Econ\u00f4mica e Pol\u00ed\u00adticas P\u00fablicas \u00e9 uma publica\u00e7\u00e3o semestral do grupo de pesquisa de Altos Estudos Econ\u00f4micos do Curso de Ci\u00eancias Econ\u00f4micas da Universidade do Estado do Rio Grande do Norte (Campos Avan\u00e7ado de Ass\u00fa).<\/p>\n<p style=\"text-align: justify\">\n<p style=\"text-align: justify\"><strong>Foco e Escopo<\/strong><\/p>\n<p style=\"text-align: justify\">A Revista de An\u00e1lise Econ\u00f4mica e Pol\u00ed\u00adticas P\u00fablicas apresenta uma linha editorial direcionada exclusivamente para artigos cient\u00ed\u00adficos na \u00e1rea de Economia; Conte\u00fado &#8211; Teorias Macroecon\u00f4mica, Microecon\u00f4mica e M\u00e9todos Quantitativos aplicados as pol\u00ed\u00adticas p\u00fablicas.<\/p>\n","protected":false},"excerpt":{"rendered":"<p>&nbsp; A Revista de An\u00e1lise Econ\u00f4mica e Pol\u00ed\u00adticas P\u00fablicas \u00e9 uma publica\u00e7\u00e3o semestral do grupo de pesquisa de Altos Estudos Econ\u00f4micos do Curso de Ci\u00eancias Econ\u00f4micas da Universidade do Estado do Rio Grande do Norte (Campos Avan\u00e7ado de Ass\u00fa). Foco e Escopo A Revista de An\u00e1lise Econ\u00f4mica e Pol\u00ed\u00adticas P\u00fablicas apresenta uma linha editorial direcionada [&hellip;]<\/p>\n","protected":false},"author":1,"featured_media":0,"parent":0,"menu_order":0,"comment_status":"closed","ping_status":"closed","template":"","meta":{"footnotes":""},"class_list":["post-528","page","type-page","status-publish","hentry"],"_links":{"self":[{"href":"https:\/\/portal.uern.br\/assu\/dec\/wp-json\/wp\/v2\/pages\/528","targetHints":{"allow":["GET"]}}],"collection":[{"href":"https:\/\/portal.uern.br\/assu\/dec\/wp-json\/wp\/v2\/pages"}],"about":[{"href":"https:\/\/portal.uern.br\/assu\/dec\/wp-json\/wp\/v2\/types\/page"}],"author":[{"embeddable":true,"href":"https:\/\/portal.uern.br\/assu\/dec\/wp-json\/wp\/v2\/users\/1"}],"replies":[{"embeddable":true,"href":"https:\/\/portal.uern.br\/assu\/dec\/wp-json\/wp\/v2\/comments?post=528"}],"version-history":[{"count":4,"href":"https:\/\/portal.uern.br\/assu\/dec\/wp-json\/wp\/v2\/pages\/528\/revisions"}],"predecessor-version":[{"id":735,"href":"https:\/\/portal.uern.br\/assu\/dec\/wp-json\/wp\/v2\/pages\/528\/revisions\/735"}],"wp:attachment":[{"href":"https:\/\/portal.uern.br\/assu\/dec\/wp-json\/wp\/v2\/media?parent=528"}],"curies":[{"name":"wp","href":"https:\/\/api.w.org\/{rel}","templated":true}]}}