{"id":520,"date":"2023-03-29T08:05:44","date_gmt":"2023-03-29T11:05:44","guid":{"rendered":"https:\/\/portal.uern.br\/assu\/dec\/?page_id=520"},"modified":"2025-11-27T16:57:24","modified_gmt":"2025-11-27T19:57:24","slug":"graduacao","status":"publish","type":"page","link":"https:\/\/portal.uern.br\/assu\/dec\/graduacao\/","title":{"rendered":"Gradua\u00e7\u00e3o"},"content":{"rendered":"<p><strong>PERFIL PROFISSIONAL\u00a0<\/strong><\/p>\n<p>O perfil do egresso do Curso de Ci\u00eancias Econ\u00f4micas do Campus Avan\u00e7ado de Ass\u00fa\/RN abrange uma forma\u00e7\u00e3o generalista, human\u00edstica e cr\u00edtica, capacitando-o a atuar em \u00e1reas que se apresentem fundamentais para a promo\u00e7\u00e3o do desenvolvimento, pautado em princ\u00edpios \u00e9ticos com refl ex\u00e3o sobre a realidade econ\u00f4mica, pol\u00edtica, social e cultural. Os pressupostos b\u00e1sicos para alcan\u00e7ar o perfil s\u00e3o:<br \/>\na) Base cultural ampla, que possibilite ao profi ssional o entendimento das quest\u00f5es econ\u00f4micas, dentro do seu conte\u00fado hist\u00f3rico-social;<br \/>\nb) Capacidade de tomada de decis\u00f5es, formula\u00e7\u00f5es de propostas e resolu\u00e7\u00e3o de problemas numa realidade din\u00e2mica, complexa e marcada pela heterogeneidade cultural e pol\u00edtica;<br \/>\nc) Capacidade anal\u00edtica para possibilitar a compreens\u00e3o da ess\u00eancia dos fen\u00f4menos econ\u00f4micos;<br \/>\nd) Vis\u00e3o cr\u00edtica e aptid\u00e3o para adquirir novos conhecimentos e desenvolver o saber consciente;<br \/>\ne) Dom\u00ednio de habilidades relativas \u00e0 efetiva comunica\u00e7\u00e3o e express\u00e3o oral e escrita, al\u00e9m de ser capaz de manipular os meios de comunica\u00e7\u00e3o informacionais.<br \/>\nSegue alguns exemplos para \u00e1rea de Atua\u00e7\u00e3o do Economista:<br \/>\na) assessoria, consultoria e pesquisa econ\u00f4mico-financeira;<br \/>\nb) estudos de mercado e de viabilidade econ\u00f4mico-financeira;<br \/>\nc) an\u00e1lise e elabora\u00e7\u00e3o de cen\u00e1rios econ\u00f4micos, planejamento estrat\u00e9gico nas \u00e1reas social, econ\u00f4mica e financeira;<br \/>\nd) estudo de viabilidade e de mercado relacionado \u00e0 economia da tecnologia, do conhecimento e da informa\u00e7\u00e3o, da cultura e do turismo;<br \/>\ne) produ\u00e7\u00e3o e an\u00e1lise de informa\u00e7\u00f5es estat\u00edsticas de natureza econ\u00f4mica e fi nanceira, incluindo contas nacionais e \u00edndices de pre\u00e7os;<br \/>\nf) planejamento, formula\u00e7\u00e3o, implementa\u00e7\u00e3o, acompanhamento e avalia\u00e7\u00e3o econ\u00f4mico-financeira de pol\u00edtica tribut\u00e1ria e finan\u00e7as p\u00fablicas.<br \/>\nPara mais informa\u00e7\u00f5es acesso o site do <a href=\"\/\/www.corecon-rn.org.br\/dmdocuments\/2.3.1.pdf\" target=\"_blank\" rel=\"noopener\">Corecon<\/a>.<\/p>\n<p>&nbsp;<\/p>\n<p><strong><b>PROJETO PEDAG\u00d3GICO DO CURSO (PPC)<\/b><\/strong><\/p>\n<ul>\n<li><a href=\"https:\/\/portal.uern.br\/proeg\/wp-content\/uploads\/2025\/11\/PPC-2015-Ciencias-Economicas-Bacharelado-Campus-de-Assu-Homologado-em-26.11.2025.pdf\" target=\"_blank\" rel=\"noopener\">Ci\u00eancias Econ\u00f4micas 2015<\/a><\/li>\n<li><a href=\"https:\/\/portal.uern.br\/proeg\/wp-content\/uploads\/2025\/09\/PPC-2022-Ciencias-Economicas-Bach-Campus-de-Assu-Homologado-em-10.09.2025.pdf\" target=\"_blank\" rel=\"noopener\">Ci\u00eancias Econ\u00f4micas 2022<\/a><\/li>\n<\/ul>\n<p>&nbsp;<\/p>\n","protected":false},"excerpt":{"rendered":"<p>PERFIL PROFISSIONAL\u00a0 O perfil do egresso do Curso de Ci\u00eancias Econ\u00f4micas do Campus Avan\u00e7ado de Ass\u00fa\/RN abrange uma forma\u00e7\u00e3o generalista, human\u00edstica e cr\u00edtica, capacitando-o a atuar em \u00e1reas que se apresentem fundamentais para a promo\u00e7\u00e3o do desenvolvimento, pautado em princ\u00edpios \u00e9ticos com refl ex\u00e3o sobre a realidade econ\u00f4mica, pol\u00edtica, social e cultural. Os pressupostos b\u00e1sicos [&hellip;]<\/p>\n","protected":false},"author":1,"featured_media":0,"parent":0,"menu_order":0,"comment_status":"closed","ping_status":"closed","template":"","meta":{"footnotes":""},"class_list":["post-520","page","type-page","status-publish","hentry"],"_links":{"self":[{"href":"https:\/\/portal.uern.br\/assu\/dec\/wp-json\/wp\/v2\/pages\/520","targetHints":{"allow":["GET"]}}],"collection":[{"href":"https:\/\/portal.uern.br\/assu\/dec\/wp-json\/wp\/v2\/pages"}],"about":[{"href":"https:\/\/portal.uern.br\/assu\/dec\/wp-json\/wp\/v2\/types\/page"}],"author":[{"embeddable":true,"href":"https:\/\/portal.uern.br\/assu\/dec\/wp-json\/wp\/v2\/users\/1"}],"replies":[{"embeddable":true,"href":"https:\/\/portal.uern.br\/assu\/dec\/wp-json\/wp\/v2\/comments?post=520"}],"version-history":[{"count":11,"href":"https:\/\/portal.uern.br\/assu\/dec\/wp-json\/wp\/v2\/pages\/520\/revisions"}],"predecessor-version":[{"id":1131,"href":"https:\/\/portal.uern.br\/assu\/dec\/wp-json\/wp\/v2\/pages\/520\/revisions\/1131"}],"wp:attachment":[{"href":"https:\/\/portal.uern.br\/assu\/dec\/wp-json\/wp\/v2\/media?parent=520"}],"curies":[{"name":"wp","href":"https:\/\/api.w.org\/{rel}","templated":true}]}}