{"id":516,"date":"2023-03-29T08:05:19","date_gmt":"2023-03-29T11:05:19","guid":{"rendered":"https:\/\/portal.uern.br\/assu\/dec\/?page_id=516"},"modified":"2026-01-21T08:30:09","modified_gmt":"2026-01-21T11:30:09","slug":"calendario-universitario","status":"publish","type":"page","link":"https:\/\/portal.uern.br\/assu\/dec\/calendario-universitario\/","title":{"rendered":"Calend\u00e1rio Universit\u00e1rio"},"content":{"rendered":"<p><strong>CALEND\u00c1RIO UNIVERSIT\u00c1RIO \u2013 2026<\/strong><\/p>\n<table style=\"border-collapse: collapse;width: 46.7598%;height: 216px\">\n<tbody>\n<tr style=\"height: 24px\">\n<td style=\"width: 10.1755%;height: 24px\"><\/td>\n<td style=\"width: 12.1349%;height: 24px;text-align: center\"><strong>Semestre letivo 2026.1<\/strong><\/td>\n<td style=\"width: 10.3465%;height: 24px;text-align: center\"><strong>Semestre letivo 2026.2<\/strong><\/td>\n<\/tr>\n<tr style=\"height: 24px\">\n<td style=\"width: 10.1755%;height: 24px\"><strong>In\u00edcio das aulas<\/strong><\/td>\n<td style=\"width: 12.1349%;height: 24px;text-align: center\">23\/02\/2026<\/td>\n<td style=\"width: 10.3465%;height: 24px;text-align: center\">03\/08\/2026<\/td>\n<\/tr>\n<tr style=\"height: 24px\">\n<td style=\"width: 10.1755%;height: 24px\"><strong>T\u00e9rmino das aulas<\/strong><\/td>\n<td style=\"width: 12.1349%;height: 24px;text-align: center\">04\/07\/2026<\/td>\n<td style=\"width: 10.3465%;height: 24px;text-align: center\">12\/12\/2026<\/td>\n<\/tr>\n<tr style=\"height: 24px\">\n<td style=\"width: 10.1755%;height: 24px\"><strong>Total de semanas<\/strong><\/td>\n<td style=\"width: 12.1349%;height: 24px;text-align: center\">19<\/td>\n<td style=\"width: 10.3465%;height: 24px;text-align: center\">19<\/td>\n<\/tr>\n<tr style=\"height: 24px\">\n<td style=\"width: 10.1755%;height: 24px\"><strong>Dias \u00fateis letivos<\/strong><\/td>\n<td style=\"width: 12.1349%;height: 24px;text-align: center\">91<\/td>\n<td style=\"width: 10.3465%;height: 24px;text-align: center\">87<\/td>\n<\/tr>\n<tr style=\"height: 24px\">\n<td style=\"width: 10.1755%;height: 24px\"><strong>S\u00e1bados letivos<\/strong><\/td>\n<td style=\"width: 12.1349%;height: 24px;text-align: center\">12<\/td>\n<td style=\"width: 10.3465%;height: 24px;text-align: center\">14<\/td>\n<\/tr>\n<tr style=\"height: 24px\">\n<td style=\"width: 10.1755%;height: 24px\"><strong>Total de dias letivos<\/strong><\/td>\n<td style=\"width: 12.1349%;height: 24px;text-align: center\">103<\/td>\n<td style=\"width: 10.3465%;height: 24px;text-align: center\">101<\/td>\n<\/tr>\n<tr style=\"height: 24px\">\n<td style=\"width: 10.1755%;height: 24px\"><strong>F\u00e9rias docentes<\/strong><\/td>\n<td style=\"width: 12.1349%;height: 24px;text-align: center\">13 \u00e0 27\/07\/2026<\/td>\n<td style=\"width: 10.3465%;height: 24px;text-align: center\">04\/01 \u00e0 02\/02\/2027<\/td>\n<\/tr>\n<tr style=\"height: 24px\">\n<td style=\"width: 10.1755%;height: 24px\"><strong>Recesso natalino<\/strong><\/td>\n<td style=\"width: 12.1349%;height: 24px;text-align: center\"><\/td>\n<td style=\"width: 10.3465%;height: 24px;text-align: center\">21\/12\/2026 \u00e0 03\/01\/2027<\/td>\n<\/tr>\n<\/tbody>\n<\/table>\n<p><a href=\"https:\/\/portal.uern.br\/wp-content\/uploads\/2026\/01\/Calendario_universitario_2026-diagramado.pdf\" target=\"_blank\" rel=\"noopener\">Calend\u00e1rio 2026 completo<\/a><\/p>\n","protected":false},"excerpt":{"rendered":"<p>CALEND\u00c1RIO UNIVERSIT\u00c1RIO \u2013 2026 Semestre letivo 2026.1 Semestre letivo 2026.2 In\u00edcio das aulas 23\/02\/2026 03\/08\/2026 T\u00e9rmino das aulas 04\/07\/2026 12\/12\/2026 Total de semanas 19 19 Dias \u00fateis letivos 91 87 S\u00e1bados letivos 12 14 Total de dias letivos 103 101 F\u00e9rias docentes 13 \u00e0 27\/07\/2026 04\/01 \u00e0 02\/02\/2027 Recesso natalino 21\/12\/2026 \u00e0 03\/01\/2027 Calend\u00e1rio 2026 [&hellip;]<\/p>\n","protected":false},"author":1,"featured_media":0,"parent":0,"menu_order":0,"comment_status":"closed","ping_status":"closed","template":"","meta":{"footnotes":""},"class_list":["post-516","page","type-page","status-publish","hentry"],"_links":{"self":[{"href":"https:\/\/portal.uern.br\/assu\/dec\/wp-json\/wp\/v2\/pages\/516","targetHints":{"allow":["GET"]}}],"collection":[{"href":"https:\/\/portal.uern.br\/assu\/dec\/wp-json\/wp\/v2\/pages"}],"about":[{"href":"https:\/\/portal.uern.br\/assu\/dec\/wp-json\/wp\/v2\/types\/page"}],"author":[{"embeddable":true,"href":"https:\/\/portal.uern.br\/assu\/dec\/wp-json\/wp\/v2\/users\/1"}],"replies":[{"embeddable":true,"href":"https:\/\/portal.uern.br\/assu\/dec\/wp-json\/wp\/v2\/comments?post=516"}],"version-history":[{"count":7,"href":"https:\/\/portal.uern.br\/assu\/dec\/wp-json\/wp\/v2\/pages\/516\/revisions"}],"predecessor-version":[{"id":1140,"href":"https:\/\/portal.uern.br\/assu\/dec\/wp-json\/wp\/v2\/pages\/516\/revisions\/1140"}],"wp:attachment":[{"href":"https:\/\/portal.uern.br\/assu\/dec\/wp-json\/wp\/v2\/media?parent=516"}],"curies":[{"name":"wp","href":"https:\/\/api.w.org\/{rel}","templated":true}]}}