{"id":514,"date":"2023-03-29T08:05:09","date_gmt":"2023-03-29T11:05:09","guid":{"rendered":"https:\/\/portal.uern.br\/assu\/dec\/?page_id=514"},"modified":"2026-04-06T16:39:36","modified_gmt":"2026-04-06T19:39:36","slug":"corpo-docente","status":"publish","type":"page","link":"https:\/\/portal.uern.br\/assu\/dec\/corpo-docente\/","title":{"rendered":"Corpo docente e t\u00e9cnico administrativo"},"content":{"rendered":"<p><strong>Chefe<\/strong>: Prof\u00aa. Herica Gabriela Rodrigues de Ara\u00fajo Ribeiro<\/p>\n<p><strong>Subchefe<\/strong>: Prof. William Gledson e Silva<\/p>\n<p>&nbsp;<\/p>\n<table style=\"border-collapse: collapse;width: 83.6386%;height: 314px\">\n<tbody>\n<tr>\n<td style=\"width: 51.3583%\">Prof. Me. Di\u00f3genes Pinheiro de Medeiros J\u00fanior<\/td>\n<td style=\"width: 26.6294%\">diogenespinheiro@uern.br<\/td>\n<td style=\"width: 5.68501%\"><a href=\"http:\/\/lattes.cnpq.br\/\" target=\"_blank\" rel=\"noopener\"><img decoding=\"async\" class=\"alignnone wp-image-553\" src=\"https:\/\/portal.uern.br\/assu\/dec\/wp-content\/uploads\/sites\/8\/2023\/04\/Lattes-295x300.png\" alt=\"\" width=\"24\" height=\"25\" srcset=\"https:\/\/portal.uern.br\/assu\/dec\/wp-content\/uploads\/sites\/8\/2023\/04\/Lattes-295x300.png 295w, https:\/\/portal.uern.br\/assu\/dec\/wp-content\/uploads\/sites\/8\/2023\/04\/Lattes-150x150.png 150w, https:\/\/portal.uern.br\/assu\/dec\/wp-content\/uploads\/sites\/8\/2023\/04\/Lattes.png 503w\" sizes=\"(max-width: 24px) 100vw, 24px\" \/><\/a><\/td>\n<\/tr>\n<tr style=\"height: 24px\">\n<td style=\"width: 51.3583%;height: 24px\">Prof. Me. Fagner Moura da Costa<\/td>\n<td style=\"width: 26.6294%;height: 24px\">fagnermoura@uern.br<\/td>\n<td style=\"width: 5.68501%;height: 24px\"><a href=\"http:\/\/lattes.cnpq.br\/4066033273928928\" target=\"_blank\" rel=\"noopener\"><img decoding=\"async\" class=\"alignnone wp-image-553\" src=\"https:\/\/portal.uern.br\/assu\/dec\/wp-content\/uploads\/sites\/8\/2023\/04\/Lattes-295x300.png\" alt=\"\" width=\"24\" height=\"25\" srcset=\"https:\/\/portal.uern.br\/assu\/dec\/wp-content\/uploads\/sites\/8\/2023\/04\/Lattes-295x300.png 295w, https:\/\/portal.uern.br\/assu\/dec\/wp-content\/uploads\/sites\/8\/2023\/04\/Lattes-150x150.png 150w, https:\/\/portal.uern.br\/assu\/dec\/wp-content\/uploads\/sites\/8\/2023\/04\/Lattes.png 503w\" sizes=\"(max-width: 24px) 100vw, 24px\" \/><\/a><\/td>\n<\/tr>\n<tr style=\"height: 24px\">\n<td style=\"width: 51.3583%;height: 24px\">Prof. Dr. Francisco Danilo da Silva Ferreira<\/td>\n<td style=\"width: 26.6294%;height: 24px\">franciscodanilo@uern.br<\/td>\n<td style=\"width: 5.68501%;height: 24px\"><a href=\"http:\/\/lattes.cnpq.br\/5853716202908172\" target=\"_blank\" rel=\"noopener\"><img decoding=\"async\" class=\"alignnone wp-image-553\" src=\"https:\/\/portal.uern.br\/assu\/dec\/wp-content\/uploads\/sites\/8\/2023\/04\/Lattes-295x300.png\" alt=\"\" width=\"24\" height=\"25\" srcset=\"https:\/\/portal.uern.br\/assu\/dec\/wp-content\/uploads\/sites\/8\/2023\/04\/Lattes-295x300.png 295w, https:\/\/portal.uern.br\/assu\/dec\/wp-content\/uploads\/sites\/8\/2023\/04\/Lattes-150x150.png 150w, https:\/\/portal.uern.br\/assu\/dec\/wp-content\/uploads\/sites\/8\/2023\/04\/Lattes.png 503w\" sizes=\"(max-width: 24px) 100vw, 24px\" \/><\/a><\/td>\n<\/tr>\n<tr style=\"height: 24px\">\n<td style=\"width: 51.3583%;height: 24px\">Prof\u00aa. Ma. Herica Gabriela Rodrigues de Ara\u00fajo Ribeiro<\/td>\n<td style=\"width: 26.6294%;height: 24px\">hericaaraujo@uern.br<\/td>\n<td style=\"width: 5.68501%;height: 24px\"><a href=\"http:\/\/lattes.cnpq.br\/6462060626890308\" target=\"_blank\" rel=\"noopener\"><img decoding=\"async\" class=\"alignnone wp-image-553\" src=\"https:\/\/portal.uern.br\/assu\/dec\/wp-content\/uploads\/sites\/8\/2023\/04\/Lattes-295x300.png\" alt=\"\" width=\"24\" height=\"25\" srcset=\"https:\/\/portal.uern.br\/assu\/dec\/wp-content\/uploads\/sites\/8\/2023\/04\/Lattes-295x300.png 295w, https:\/\/portal.uern.br\/assu\/dec\/wp-content\/uploads\/sites\/8\/2023\/04\/Lattes-150x150.png 150w, https:\/\/portal.uern.br\/assu\/dec\/wp-content\/uploads\/sites\/8\/2023\/04\/Lattes.png 503w\" sizes=\"(max-width: 24px) 100vw, 24px\" \/><\/a><\/td>\n<\/tr>\n<tr style=\"height: 24px\">\n<td style=\"width: 51.3583%;height: 24px\">Prof\u00aa. Ma. Ionara Jane de Ara\u00fajo<\/td>\n<td style=\"width: 26.6294%;height: 24px\">ionarajane@uern.br<\/td>\n<td style=\"width: 5.68501%;height: 24px\"><a href=\"http:\/\/lattes.cnpq.br\/7456256148782986\" target=\"_blank\" rel=\"noopener\"><img decoding=\"async\" class=\"alignnone wp-image-553\" src=\"https:\/\/portal.uern.br\/assu\/dec\/wp-content\/uploads\/sites\/8\/2023\/04\/Lattes-295x300.png\" alt=\"\" width=\"24\" height=\"25\" srcset=\"https:\/\/portal.uern.br\/assu\/dec\/wp-content\/uploads\/sites\/8\/2023\/04\/Lattes-295x300.png 295w, https:\/\/portal.uern.br\/assu\/dec\/wp-content\/uploads\/sites\/8\/2023\/04\/Lattes-150x150.png 150w, https:\/\/portal.uern.br\/assu\/dec\/wp-content\/uploads\/sites\/8\/2023\/04\/Lattes.png 503w\" sizes=\"(max-width: 24px) 100vw, 24px\" \/><\/a><\/td>\n<\/tr>\n<tr style=\"height: 24px\">\n<td style=\"width: 51.3583%;height: 24px\">Prof. Dr. Jaime dos Santos da Silva<\/td>\n<td style=\"width: 26.6294%;height: 24px\">jaimesantos@uern.br<\/td>\n<td style=\"width: 5.68501%;height: 24px\"><a href=\"http:\/\/lattes.cnpq.br\/9206018225069080\" target=\"_blank\" rel=\"noopener\"><img decoding=\"async\" class=\"alignnone wp-image-553\" src=\"https:\/\/portal.uern.br\/assu\/dec\/wp-content\/uploads\/sites\/8\/2023\/04\/Lattes-295x300.png\" alt=\"\" width=\"24\" height=\"25\" srcset=\"https:\/\/portal.uern.br\/assu\/dec\/wp-content\/uploads\/sites\/8\/2023\/04\/Lattes-295x300.png 295w, https:\/\/portal.uern.br\/assu\/dec\/wp-content\/uploads\/sites\/8\/2023\/04\/Lattes-150x150.png 150w, https:\/\/portal.uern.br\/assu\/dec\/wp-content\/uploads\/sites\/8\/2023\/04\/Lattes.png 503w\" sizes=\"(max-width: 24px) 100vw, 24px\" \/><\/a><\/td>\n<\/tr>\n<tr style=\"height: 24px\">\n<td style=\"width: 51.3583%;height: 24px\">Prof. Me. Joacir Rufino de Aquino<\/td>\n<td style=\"width: 26.6294%;height: 24px\">joaciraquino@uern.br<\/td>\n<td style=\"width: 5.68501%;height: 24px\"><a href=\"http:\/\/lattes.cnpq.br\/7727801529182319\" target=\"_blank\" rel=\"noopener\"><img decoding=\"async\" class=\"alignnone wp-image-553\" src=\"https:\/\/portal.uern.br\/assu\/dec\/wp-content\/uploads\/sites\/8\/2023\/04\/Lattes-295x300.png\" alt=\"\" width=\"24\" height=\"25\" srcset=\"https:\/\/portal.uern.br\/assu\/dec\/wp-content\/uploads\/sites\/8\/2023\/04\/Lattes-295x300.png 295w, https:\/\/portal.uern.br\/assu\/dec\/wp-content\/uploads\/sites\/8\/2023\/04\/Lattes-150x150.png 150w, https:\/\/portal.uern.br\/assu\/dec\/wp-content\/uploads\/sites\/8\/2023\/04\/Lattes.png 503w\" sizes=\"(max-width: 24px) 100vw, 24px\" \/><\/a><\/td>\n<\/tr>\n<tr style=\"height: 24px\">\n<td style=\"width: 51.3583%;height: 24px\">Prof. Me. Jos\u00e9 Ant\u00f4nio Nunes de Souza<\/td>\n<td style=\"width: 26.6294%;height: 24px\">joseantonio@uern.br<\/td>\n<td style=\"width: 5.68501%;height: 24px\"><a href=\"http:\/\/lattes.cnpq.br\/4126095812087450\" target=\"_blank\" rel=\"noopener\"><img decoding=\"async\" class=\"alignnone wp-image-553\" src=\"https:\/\/portal.uern.br\/assu\/dec\/wp-content\/uploads\/sites\/8\/2023\/04\/Lattes-295x300.png\" alt=\"\" width=\"24\" height=\"25\" srcset=\"https:\/\/portal.uern.br\/assu\/dec\/wp-content\/uploads\/sites\/8\/2023\/04\/Lattes-295x300.png 295w, https:\/\/portal.uern.br\/assu\/dec\/wp-content\/uploads\/sites\/8\/2023\/04\/Lattes-150x150.png 150w, https:\/\/portal.uern.br\/assu\/dec\/wp-content\/uploads\/sites\/8\/2023\/04\/Lattes.png 503w\" sizes=\"(max-width: 24px) 100vw, 24px\" \/><\/a><\/td>\n<\/tr>\n<tr style=\"height: 24px\">\n<td style=\"width: 51.3583%;height: 24px\">Prof. Me. Maur\u00edcio Miranda<\/td>\n<td style=\"width: 26.6294%;height: 24px\">mauriciomiranda@uern.br<\/td>\n<td style=\"width: 5.68501%;height: 24px\"><a href=\"http:\/\/lattes.cnpq.br\/5426254342270037\" target=\"_blank\" rel=\"noopener\"><img decoding=\"async\" class=\"alignnone wp-image-553\" src=\"https:\/\/portal.uern.br\/assu\/dec\/wp-content\/uploads\/sites\/8\/2023\/04\/Lattes-295x300.png\" alt=\"\" width=\"24\" height=\"25\" srcset=\"https:\/\/portal.uern.br\/assu\/dec\/wp-content\/uploads\/sites\/8\/2023\/04\/Lattes-295x300.png 295w, https:\/\/portal.uern.br\/assu\/dec\/wp-content\/uploads\/sites\/8\/2023\/04\/Lattes-150x150.png 150w, https:\/\/portal.uern.br\/assu\/dec\/wp-content\/uploads\/sites\/8\/2023\/04\/Lattes.png 503w\" sizes=\"(max-width: 24px) 100vw, 24px\" \/><\/a><\/td>\n<\/tr>\n<tr style=\"height: 24px\">\n<td style=\"width: 51.3583%;height: 24px\">Prof. Dr. Rodolfo Herald da Costa Campos<\/td>\n<td style=\"width: 26.6294%;height: 24px\">rodolfocampos@uern.br<\/td>\n<td style=\"width: 5.68501%;height: 24px\"><a href=\"http:\/\/lattes.cnpq.br\/9682110792982499\" target=\"_blank\" rel=\"noopener\"><img decoding=\"async\" class=\"alignnone wp-image-553\" src=\"https:\/\/portal.uern.br\/assu\/dec\/wp-content\/uploads\/sites\/8\/2023\/04\/Lattes-295x300.png\" alt=\"\" width=\"24\" height=\"25\" srcset=\"https:\/\/portal.uern.br\/assu\/dec\/wp-content\/uploads\/sites\/8\/2023\/04\/Lattes-295x300.png 295w, https:\/\/portal.uern.br\/assu\/dec\/wp-content\/uploads\/sites\/8\/2023\/04\/Lattes-150x150.png 150w, https:\/\/portal.uern.br\/assu\/dec\/wp-content\/uploads\/sites\/8\/2023\/04\/Lattes.png 503w\" sizes=\"(max-width: 24px) 100vw, 24px\" \/><\/a><\/td>\n<\/tr>\n<tr style=\"height: 24px\">\n<td style=\"width: 51.3583%;height: 24px\">Prof. Dr. William Gledson e Silva<\/td>\n<td style=\"width: 26.6294%;height: 24px\">williamgledson@uern.br<\/td>\n<td style=\"width: 5.68501%;height: 24px\"><a href=\"http:\/\/lattes.cnpq.br\/8040374420778707\" target=\"_blank\" rel=\"noopener\"><img decoding=\"async\" class=\"alignnone wp-image-553\" src=\"https:\/\/portal.uern.br\/assu\/dec\/wp-content\/uploads\/sites\/8\/2023\/04\/Lattes-295x300.png\" alt=\"\" width=\"24\" height=\"25\" srcset=\"https:\/\/portal.uern.br\/assu\/dec\/wp-content\/uploads\/sites\/8\/2023\/04\/Lattes-295x300.png 295w, https:\/\/portal.uern.br\/assu\/dec\/wp-content\/uploads\/sites\/8\/2023\/04\/Lattes-150x150.png 150w, https:\/\/portal.uern.br\/assu\/dec\/wp-content\/uploads\/sites\/8\/2023\/04\/Lattes.png 503w\" sizes=\"(max-width: 24px) 100vw, 24px\" \/><\/a><\/td>\n<\/tr>\n<tr style=\"height: 25px\">\n<td style=\"width: 51.3583%;height: 25px\">Prof. Me. Willy Farias Albuquerque<\/td>\n<td style=\"width: 26.6294%;height: 25px\">willyfarias@uern.br<\/td>\n<td style=\"width: 5.68501%;height: 25px\"><a href=\"http:\/\/lattes.cnpq.br\/1535246340157990\" target=\"_blank\" rel=\"noopener\"><img decoding=\"async\" class=\"alignnone wp-image-553\" src=\"https:\/\/portal.uern.br\/assu\/dec\/wp-content\/uploads\/sites\/8\/2023\/04\/Lattes-295x300.png\" alt=\"\" width=\"24\" height=\"25\" srcset=\"https:\/\/portal.uern.br\/assu\/dec\/wp-content\/uploads\/sites\/8\/2023\/04\/Lattes-295x300.png 295w, https:\/\/portal.uern.br\/assu\/dec\/wp-content\/uploads\/sites\/8\/2023\/04\/Lattes-150x150.png 150w, https:\/\/portal.uern.br\/assu\/dec\/wp-content\/uploads\/sites\/8\/2023\/04\/Lattes.png 503w\" sizes=\"(max-width: 24px) 100vw, 24px\" \/><\/a><\/td>\n<\/tr>\n<tr style=\"height: 24px\">\n<td style=\"width: 51.3583%;height: 24px\">TNS Antonio Rodolfo Ara\u00fajo Marcos<\/td>\n<td style=\"width: 26.6294%;height: 24px\">antoniorodolfo@uern.br<\/td>\n<td style=\"width: 5.68501%;height: 24px\"><a href=\"http:\/\/lattes.cnpq.br\/2666911257203493\" target=\"_blank\" rel=\"noopener\"><img decoding=\"async\" class=\"alignnone wp-image-553\" src=\"https:\/\/portal.uern.br\/assu\/dec\/wp-content\/uploads\/sites\/8\/2023\/04\/Lattes-295x300.png\" alt=\"\" width=\"24\" height=\"25\" srcset=\"https:\/\/portal.uern.br\/assu\/dec\/wp-content\/uploads\/sites\/8\/2023\/04\/Lattes-295x300.png 295w, https:\/\/portal.uern.br\/assu\/dec\/wp-content\/uploads\/sites\/8\/2023\/04\/Lattes-150x150.png 150w, https:\/\/portal.uern.br\/assu\/dec\/wp-content\/uploads\/sites\/8\/2023\/04\/Lattes.png 503w\" sizes=\"(max-width: 24px) 100vw, 24px\" \/><\/a><\/td>\n<\/tr>\n<\/tbody>\n<\/table>\n<p>&nbsp;<\/p>\n<ul>\n<li><strong><strong>NDE <\/strong><\/strong>(Portaria-SEI n\u00ba 110, de 10 de mar\u00e7o de 2025)<strong>\u00a0<\/strong>\n<ul>\n<li>Professor Jos\u00e9 Ant\u00f4nio Nunes de Souza;<\/li>\n<li>Professor Francisco Danilo da Silva Ferreira;<\/li>\n<li>Professor William Gledson e Silva;<\/li>\n<li>Professora Herica Gabriela Rodrigues de Ara\u00fajo Ribeiro;<\/li>\n<li>Professor Jaime dos Santos da Silva;<\/li>\n<li>Professor Rodolfo Herald da Costa Campos;<\/li>\n<li>Professor Joacir Rufino de Aquino.<\/li>\n<\/ul>\n<\/li>\n<\/ul>\n<p>&nbsp;<\/p>\n","protected":false},"excerpt":{"rendered":"<p>Chefe: Prof\u00aa. Herica Gabriela Rodrigues de Ara\u00fajo Ribeiro Subchefe: Prof. William Gledson e Silva &nbsp; Prof. Me. Di\u00f3genes Pinheiro de Medeiros J\u00fanior diogenespinheiro@uern.br Prof. Me. Fagner Moura da Costa fagnermoura@uern.br Prof. Dr. Francisco Danilo da Silva Ferreira franciscodanilo@uern.br Prof\u00aa. Ma. Herica Gabriela Rodrigues de Ara\u00fajo Ribeiro hericaaraujo@uern.br Prof\u00aa. Ma. Ionara Jane de Ara\u00fajo ionarajane@uern.br Prof. [&hellip;]<\/p>\n","protected":false},"author":1,"featured_media":0,"parent":0,"menu_order":0,"comment_status":"closed","ping_status":"closed","template":"","meta":{"footnotes":""},"class_list":["post-514","page","type-page","status-publish","hentry"],"_links":{"self":[{"href":"https:\/\/portal.uern.br\/assu\/dec\/wp-json\/wp\/v2\/pages\/514","targetHints":{"allow":["GET"]}}],"collection":[{"href":"https:\/\/portal.uern.br\/assu\/dec\/wp-json\/wp\/v2\/pages"}],"about":[{"href":"https:\/\/portal.uern.br\/assu\/dec\/wp-json\/wp\/v2\/types\/page"}],"author":[{"embeddable":true,"href":"https:\/\/portal.uern.br\/assu\/dec\/wp-json\/wp\/v2\/users\/1"}],"replies":[{"embeddable":true,"href":"https:\/\/portal.uern.br\/assu\/dec\/wp-json\/wp\/v2\/comments?post=514"}],"version-history":[{"count":13,"href":"https:\/\/portal.uern.br\/assu\/dec\/wp-json\/wp\/v2\/pages\/514\/revisions"}],"predecessor-version":[{"id":1155,"href":"https:\/\/portal.uern.br\/assu\/dec\/wp-json\/wp\/v2\/pages\/514\/revisions\/1155"}],"wp:attachment":[{"href":"https:\/\/portal.uern.br\/assu\/dec\/wp-json\/wp\/v2\/media?parent=514"}],"curies":[{"name":"wp","href":"https:\/\/api.w.org\/{rel}","templated":true}]}}