{"id":512,"date":"2023-03-29T08:04:41","date_gmt":"2023-03-29T11:04:41","guid":{"rendered":"https:\/\/portal.uern.br\/assu\/dec\/?page_id=512"},"modified":"2024-10-18T19:07:28","modified_gmt":"2024-10-18T22:07:28","slug":"o-curso","status":"publish","type":"page","link":"https:\/\/portal.uern.br\/assu\/dec\/","title":{"rendered":"Apresenta\u00e7\u00e3o"},"content":{"rendered":"<p><span style=\"font-size: 14pt\"><strong><b>Curso: Ci\u00eancias Econ\u00f4micas<\/b><\/strong><\/span><\/p>\n<p><strong>Campus Avan\u00e7ado de Ass\u00fa \/ UERN<\/strong><\/p>\n<p><strong>C\u00f3digo<\/strong>: ACE1001<\/p>\n<p><strong>Modalidade<\/strong>: Bacharelado.<\/p>\n<p><strong>Carga hor\u00e1ria total do curso<\/strong>: 3360 horas.<\/p>\n<p><strong>Turno<\/strong>: Noturno.<\/p>\n<p><strong>Tempo m\u00e9dio de integraliza\u00e7\u00e3o<\/strong>: 5 anos.<\/p>\n<p><strong>Tempo m\u00e1ximo de integraliza\u00e7\u00e3o<\/strong>: 7 anos.<\/p>\n<p><strong>E-mail<\/strong>: <a href=\"mailto:dec_assu@uern.br\" target=\"_blank\" rel=\"noopener\">dec_assu@uern.br<\/a><\/p>\n<p><strong>Contato:<\/strong> 84 3312-8849 (<a href=\"https:\/\/api.whatsapp.com\/send?phone=558433128849\" target=\"_blank\" rel=\"noopener\">Whatsapp<\/a>)<\/p>\n<p><strong>Instagram<\/strong>: <a href=\"https:\/\/www.instagram.com\/economiauernassu\/\" target=\"_blank\" rel=\"noopener\">@economiauernassu<\/a><\/p>\n<p>&nbsp;<\/p>\n","protected":false},"excerpt":{"rendered":"<p>Curso: Ci\u00eancias Econ\u00f4micas Campus Avan\u00e7ado de Ass\u00fa \/ UERN C\u00f3digo: ACE1001 Modalidade: Bacharelado. Carga hor\u00e1ria total do curso: 3360 horas. Turno: Noturno. Tempo m\u00e9dio de integraliza\u00e7\u00e3o: 5 anos. Tempo m\u00e1ximo de integraliza\u00e7\u00e3o: 7 anos. E-mail: dec_assu@uern.br Contato: 84 3312-8849 (Whatsapp) Instagram: @economiauernassu &nbsp;<\/p>\n","protected":false},"author":1,"featured_media":0,"parent":0,"menu_order":0,"comment_status":"closed","ping_status":"closed","template":"","meta":{"footnotes":""},"class_list":["post-512","page","type-page","status-publish","hentry"],"_links":{"self":[{"href":"https:\/\/portal.uern.br\/assu\/dec\/wp-json\/wp\/v2\/pages\/512","targetHints":{"allow":["GET"]}}],"collection":[{"href":"https:\/\/portal.uern.br\/assu\/dec\/wp-json\/wp\/v2\/pages"}],"about":[{"href":"https:\/\/portal.uern.br\/assu\/dec\/wp-json\/wp\/v2\/types\/page"}],"author":[{"embeddable":true,"href":"https:\/\/portal.uern.br\/assu\/dec\/wp-json\/wp\/v2\/users\/1"}],"replies":[{"embeddable":true,"href":"https:\/\/portal.uern.br\/assu\/dec\/wp-json\/wp\/v2\/comments?post=512"}],"version-history":[{"count":15,"href":"https:\/\/portal.uern.br\/assu\/dec\/wp-json\/wp\/v2\/pages\/512\/revisions"}],"predecessor-version":[{"id":1060,"href":"https:\/\/portal.uern.br\/assu\/dec\/wp-json\/wp\/v2\/pages\/512\/revisions\/1060"}],"wp:attachment":[{"href":"https:\/\/portal.uern.br\/assu\/dec\/wp-json\/wp\/v2\/media?parent=512"}],"curies":[{"name":"wp","href":"https:\/\/api.w.org\/{rel}","templated":true}]}}