{"id":1076,"date":"2024-12-12T16:09:23","date_gmt":"2024-12-12T19:09:23","guid":{"rendered":"https:\/\/portal.uern.br\/assu\/dec\/?page_id=1076"},"modified":"2026-02-26T16:11:09","modified_gmt":"2026-02-26T19:11:09","slug":"boletim-economico","status":"publish","type":"page","link":"https:\/\/portal.uern.br\/assu\/dec\/boletim-economico\/","title":{"rendered":"Boletim Econ\u00f4mico"},"content":{"rendered":"<ul style=\"list-style-type: square\">\n<li><strong>Cesta b\u00e1sica &#8211; Ass\u00fa \/ RN<\/strong><\/li>\n<\/ul>\n<p>O Grupo de Altos Estudos Econ\u00f4micos do Departamento de Economia da UERN \u2013 Campus Avan\u00e7ado de Ass\u00fa, realizou um levantamento de pre\u00e7os da cesta b\u00e1sica de alimentos no com\u00e9rcio da cidade, com o objetivo de analisar o custo m\u00e9dio e a varia\u00e7\u00e3o nos pre\u00e7os da cesta b\u00e1sica. A pesquisa, conduzida pelos estudantes do Curso de Ci\u00eancias Econ\u00f4micas, acompanhar\u00e1 mensalmente os pre\u00e7os de quinze itens que comp\u00f5em a cesta b\u00e1sica, considerados essenciais para o sustento das fam\u00edlias durante o m\u00eas.<\/p>\n<ul>\n<li style=\"list-style-type: none\">\n<ul>\n<li><a href=\"https:\/\/portal.uern.br\/assu\/dec\/wp-content\/uploads\/sites\/8\/2026\/02\/Boletim-Economico-Dezembro-2025.pdf\" target=\"_blank\" rel=\"noopener\">Edi\u00e7\u00e3o Dezembro 2025<\/a><\/li>\n<li><a href=\"https:\/\/portal.uern.br\/assu\/dec\/wp-content\/uploads\/sites\/8\/2026\/02\/Boletim-Economico-Novembro-2025.pdf\" target=\"_blank\" rel=\"noopener\">Edi\u00e7\u00e3o Novembro 2025<\/a><\/li>\n<li><a href=\"https:\/\/portal.uern.br\/assu\/dec\/wp-content\/uploads\/sites\/8\/2025\/12\/Boletim-Economico-Outubro-2025.pdf\" target=\"_blank\" rel=\"noopener\">Edi\u00e7\u00e3o Outubro 2025<\/a><\/li>\n<li><a href=\"https:\/\/portal.uern.br\/assu\/dec\/wp-content\/uploads\/sites\/8\/2025\/12\/Boletim-Economico-Setembro-2025_.pdf\" target=\"_blank\" rel=\"noopener\">Edi\u00e7\u00e3o Setembro 2025<\/a><\/li>\n<li><a href=\"https:\/\/portal.uern.br\/assu\/dec\/wp-content\/uploads\/sites\/8\/2025\/10\/Boletim-Economico-Agosto-2025.pdf\" target=\"_blank\" rel=\"noopener\">Edi\u00e7\u00e3o Agosto 2025<\/a><\/li>\n<li><a href=\"https:\/\/portal.uern.br\/assu\/dec\/wp-content\/uploads\/sites\/8\/2025\/10\/Boletim-Economico-Julho-2025.pdf\" target=\"_blank\" rel=\"noopener\">Edi\u00e7\u00e3o Julho 2025<\/a><\/li>\n<li><a href=\"https:\/\/portal.uern.br\/assu\/dec\/wp-content\/uploads\/sites\/8\/2025\/08\/Boletim-Economico-Junho.pdf\" target=\"_blank\" rel=\"noopener\">Edi\u00e7\u00e3o Junho 2025<\/a><\/li>\n<li><a href=\"https:\/\/portal.uern.br\/assu\/dec\/wp-content\/uploads\/sites\/8\/2025\/07\/Boletim-Economico-Maio.pdf\" target=\"_blank\" rel=\"noopener\">Edi\u00e7\u00e3o Maio 2025<\/a><\/li>\n<li><a href=\"https:\/\/portal.uern.br\/assu\/dec\/wp-content\/uploads\/sites\/8\/2025\/05\/Boletim-Economico-Abril-2025.pdf\" target=\"_blank\" rel=\"noopener\">Edi\u00e7\u00e3o Abril 2025<\/a><\/li>\n<li><a href=\"https:\/\/portal.uern.br\/assu\/dec\/wp-content\/uploads\/sites\/8\/2025\/04\/Boletim-Economico-Marco-2025.pdf\" target=\"_blank\" rel=\"noopener\">Edi\u00e7\u00e3o Mar\u00e7o 2025<\/a><\/li>\n<li><a href=\"https:\/\/portal.uern.br\/assu\/dec\/wp-content\/uploads\/sites\/8\/2025\/03\/Boletim-Economico-Fevereiro.pdf\" target=\"_blank\" rel=\"noopener\">Edi\u00e7\u00e3o Fevereiro 2025<\/a><\/li>\n<li><a href=\"https:\/\/portal.uern.br\/assu\/dec\/wp-content\/uploads\/sites\/8\/2025\/02\/Boletim-Economico-Janeiro.pdf\" target=\"_blank\" rel=\"noopener\">Edi\u00e7\u00e3o Janeiro 2025<\/a><\/li>\n<li><a href=\"https:\/\/portal.uern.br\/assu\/dec\/wp-content\/uploads\/sites\/8\/2025\/01\/Boletim-Economico-Dezembro.pdf\" target=\"_blank\" rel=\"noopener\">Edi\u00e7\u00e3o Dezembro 2024<\/a><\/li>\n<li><a href=\"https:\/\/portal.uern.br\/assu\/dec\/wp-content\/uploads\/sites\/8\/2024\/12\/Boletim-Economico-Novembro.pdf\" target=\"_blank\" rel=\"noopener\">Edi\u00e7\u00e3o Novembro 2024<\/a><\/li>\n<\/ul>\n<\/li>\n<\/ul>\n<p>&nbsp;<\/p>\n<p>&nbsp;<\/p>\n","protected":false},"excerpt":{"rendered":"<p>Cesta b\u00e1sica &#8211; Ass\u00fa \/ RN O Grupo de Altos Estudos Econ\u00f4micos do Departamento de Economia da UERN \u2013 Campus Avan\u00e7ado de Ass\u00fa, realizou um levantamento de pre\u00e7os da cesta b\u00e1sica de alimentos no com\u00e9rcio da cidade, com o objetivo de analisar o custo m\u00e9dio e a varia\u00e7\u00e3o nos pre\u00e7os da cesta b\u00e1sica. A pesquisa, [&hellip;]<\/p>\n","protected":false},"author":4,"featured_media":0,"parent":0,"menu_order":0,"comment_status":"closed","ping_status":"closed","template":"","meta":{"footnotes":""},"class_list":["post-1076","page","type-page","status-publish","hentry"],"_links":{"self":[{"href":"https:\/\/portal.uern.br\/assu\/dec\/wp-json\/wp\/v2\/pages\/1076","targetHints":{"allow":["GET"]}}],"collection":[{"href":"https:\/\/portal.uern.br\/assu\/dec\/wp-json\/wp\/v2\/pages"}],"about":[{"href":"https:\/\/portal.uern.br\/assu\/dec\/wp-json\/wp\/v2\/types\/page"}],"author":[{"embeddable":true,"href":"https:\/\/portal.uern.br\/assu\/dec\/wp-json\/wp\/v2\/users\/4"}],"replies":[{"embeddable":true,"href":"https:\/\/portal.uern.br\/assu\/dec\/wp-json\/wp\/v2\/comments?post=1076"}],"version-history":[{"count":20,"href":"https:\/\/portal.uern.br\/assu\/dec\/wp-json\/wp\/v2\/pages\/1076\/revisions"}],"predecessor-version":[{"id":1146,"href":"https:\/\/portal.uern.br\/assu\/dec\/wp-json\/wp\/v2\/pages\/1076\/revisions\/1146"}],"wp:attachment":[{"href":"https:\/\/portal.uern.br\/assu\/dec\/wp-json\/wp\/v2\/media?parent=1076"}],"curies":[{"name":"wp","href":"https:\/\/api.w.org\/{rel}","templated":true}]}}