{"id":1062,"date":"2024-10-31T19:32:03","date_gmt":"2024-10-31T22:32:03","guid":{"rendered":"https:\/\/portal.uern.br\/assu\/dec\/?page_id=1062"},"modified":"2026-04-17T17:29:09","modified_gmt":"2026-04-17T20:29:09","slug":"programas-formativos","status":"publish","type":"page","link":"https:\/\/portal.uern.br\/assu\/dec\/programas-formativos\/","title":{"rendered":"Programas Formativos"},"content":{"rendered":"<ul style=\"list-style-type: square\">\n<li><strong>Programa Institucional de Monitoria &#8211; PIM<\/strong><\/li>\n<\/ul>\n<p>&nbsp;<\/p>\n<ul>\n<li style=\"list-style-type: none\">\n<ul style=\"list-style-type: disc\">\n<li>2026.1\n<ul style=\"list-style-type: circle\">\n<li>Economia Matem\u00e1tica I<\/li>\n<\/ul>\n<\/li>\n<\/ul>\n<\/li>\n<\/ul>\n<ul>\n<li style=\"list-style-type: none\">\n<ul style=\"list-style-type: disc\">\n<li>2025.2\n<ul style=\"list-style-type: circle\">\n<li>Economia Matem\u00e1tica<\/li>\n<li>Estat\u00edstica I<\/li>\n<li>Hist\u00f3ria do Pensamento Econ\u00f4mico<\/li>\n<li>Teoria Macroecon\u00f4mica II<\/li>\n<\/ul>\n<\/li>\n<\/ul>\n<\/li>\n<\/ul>\n<ul>\n<li style=\"list-style-type: none\">\n<ul style=\"list-style-type: disc\">\n<li>2025.1\n<ul style=\"list-style-type: circle\">\n<li>Introdu\u00e7\u00e3o \u00e0 Economia<\/li>\n<\/ul>\n<\/li>\n<\/ul>\n<\/li>\n<\/ul>\n<ul>\n<li style=\"list-style-type: none\">\n<ul style=\"list-style-type: disc\">\n<li>2024.2\n<ul style=\"list-style-type: circle\">\n<li>Empreendedorismo<\/li>\n<li>Estat\u00edstica I<\/li>\n<li>Teoria Macroecon\u00f4mica II<\/li>\n<\/ul>\n<\/li>\n<\/ul>\n<\/li>\n<\/ul>\n<ul>\n<li style=\"list-style-type: none\">\n<ul style=\"list-style-type: disc\">\n<li>2024.1\n<ul style=\"list-style-type: circle\">\n<li>Economia Matem\u00e1tica II<\/li>\n<\/ul>\n<\/li>\n<\/ul>\n<\/li>\n<\/ul>\n","protected":false},"excerpt":{"rendered":"<p>Programa Institucional de Monitoria &#8211; PIM &nbsp; 2026.1 Economia Matem\u00e1tica I 2025.2 Economia Matem\u00e1tica Estat\u00edstica I Hist\u00f3ria do Pensamento Econ\u00f4mico Teoria Macroecon\u00f4mica II 2025.1 Introdu\u00e7\u00e3o \u00e0 Economia 2024.2 Empreendedorismo Estat\u00edstica I Teoria Macroecon\u00f4mica II 2024.1 Economia Matem\u00e1tica II<\/p>\n","protected":false},"author":4,"featured_media":0,"parent":0,"menu_order":0,"comment_status":"closed","ping_status":"closed","template":"","meta":{"footnotes":""},"class_list":["post-1062","page","type-page","status-publish","hentry"],"_links":{"self":[{"href":"https:\/\/portal.uern.br\/assu\/dec\/wp-json\/wp\/v2\/pages\/1062","targetHints":{"allow":["GET"]}}],"collection":[{"href":"https:\/\/portal.uern.br\/assu\/dec\/wp-json\/wp\/v2\/pages"}],"about":[{"href":"https:\/\/portal.uern.br\/assu\/dec\/wp-json\/wp\/v2\/types\/page"}],"author":[{"embeddable":true,"href":"https:\/\/portal.uern.br\/assu\/dec\/wp-json\/wp\/v2\/users\/4"}],"replies":[{"embeddable":true,"href":"https:\/\/portal.uern.br\/assu\/dec\/wp-json\/wp\/v2\/comments?post=1062"}],"version-history":[{"count":6,"href":"https:\/\/portal.uern.br\/assu\/dec\/wp-json\/wp\/v2\/pages\/1062\/revisions"}],"predecessor-version":[{"id":1157,"href":"https:\/\/portal.uern.br\/assu\/dec\/wp-json\/wp\/v2\/pages\/1062\/revisions\/1157"}],"wp:attachment":[{"href":"https:\/\/portal.uern.br\/assu\/dec\/wp-json\/wp\/v2\/media?parent=1062"}],"curies":[{"name":"wp","href":"https:\/\/api.w.org\/{rel}","templated":true}]}}