{"id":1046,"date":"2024-10-18T18:39:33","date_gmt":"2024-10-18T21:39:33","guid":{"rendered":"https:\/\/portal.uern.br\/assu\/dec\/?page_id=1046"},"modified":"2025-07-21T09:16:19","modified_gmt":"2025-07-21T12:16:19","slug":"monografias","status":"publish","type":"page","link":"https:\/\/portal.uern.br\/assu\/dec\/monografias\/","title":{"rendered":"Monografias"},"content":{"rendered":"<p>A monografia \u00e9 atividade obrigat\u00f3ria para a conclus\u00e3o do curso de bacharelado em Ci\u00eancias Econ\u00f4micas pela UERN Ass\u00fa.<\/p>\n<p>O acervo de monografias f\u00edsicas e em formato digital do curso est\u00e1 dispon\u00edvel para consulta no site <a href=\"http:\/\/siabi.uern.br\/\" target=\"_blank\" rel=\"noopener\">SIABI\/UERN<\/a>, ou ainda, pelo site <a href=\"https:\/\/portal.uern.br\/dsib\/tccs-digitais-drive-com-arquivos-ate-2024\/\" target=\"_blank\" rel=\"noopener\">TCCs Digitais da Biblioteca da UERN<\/a>.<\/p>\n<p>&nbsp;<\/p>\n<ul>\n<li><strong>2025<\/strong><\/li>\n<\/ul>\n<p><strong>EFICI\u00caNCIA DOS GASTOS P\u00daBLICOS HOSPITALARES DOS MUNIC\u00cdPIOS POTIGUARES: UMA AN\u00c1LISE PARA OS ANOS 2020 \u2013 2021.<\/strong><\/p>\n<p>Autor(a): Clarisse Lacerda Ara\u00fajo<\/p>\n<p>Orientador(a): Prof. Me. Jos\u00e9 Ant\u00f4nio Nunes de Souza<\/p>\n<p>&nbsp;<\/p>\n<p><strong>PESQUISA, INOVA\u00c7\u00c3O E CRESCIMENTO ECON\u00d4MICO: EVID\u00caNCIAS RECENTES PARA OS PA\u00cdSES DA OCDE.<\/strong><\/p>\n<p>Autor(a): Eclysson Almeida de Farias<\/p>\n<p>Orientador(a): Prof. Me. Jos\u00e9 Ant\u00f4nio Nunes de Souza<\/p>\n<p>&nbsp;<\/p>\n<p><strong>A IND\u00daSTRIA SALINEIRA POTIGUAR: UMA AN\u00c1LISE DO POTENCIAL E DAS OPORTUNIDADES DE EXPORTA\u00c7\u00c3O<\/strong><\/p>\n<p>Autor(a): Kenia Dantas de Souza<\/p>\n<p>Orientador(a): Prof\u00aa. Herica Gabriela R. de Ara\u00fajo Ribeiro<\/p>\n<p>&nbsp;<\/p>\n<p><strong>DIFERENCIAL DE DESEMPENHO ENTRE RA\u00c7A\/COR: UMA AN\u00c1LISE COMPARATIVA DO EXAME NACIONAL DO ENSINO M\u00c9DIO (ENEM)<\/strong><\/p>\n<p>Autor(a): Marmore Kely Pereira da Silva<\/p>\n<p>Orientador(a): Prof. Dr. Francisco Danilo da Silva Ferreira<\/p>\n<p>&nbsp;<\/p>\n<p><strong>DIFEREN\u00c7A SALARIAL NO RIO GRANDE DO NORTE: UMA AN\u00c1LISE DE G\u00caNERO<\/strong><\/p>\n<p>Autor(a): Railson Roberto da Silva<\/p>\n<p>Orientador(a): Prof. Dr. Francisco Danilo da Silva Ferreira<\/p>\n<p>&nbsp;<\/p>\n<ul>\n<li><strong><b>2024<\/b><\/strong><\/li>\n<\/ul>\n<p><strong>\u00cdNDICE DE DESENVOLVIMENTO SUSTENT\u00c1VEL PARA MUNIC\u00cdPIOS (IDSM): APLICA\u00c7\u00c3O NA REGI\u00c3O DO VALE DO A\u00c7U<\/strong><\/p>\n<p>Autor(a): Alriane Silvestre da Silva<\/p>\n<p>Orientador(a): Prof\u00aa. Ms. Ionara Jane de Ara\u00fajo<\/p>\n<p>&nbsp;<\/p>\n<p><strong><b>DISCRIMINA\u00c7\u00c3O SALARIAL POR RA\u00c7A E GEN\u00caRO NO MUNICIPIO DE SANTANA DOS MATOS\/RN<\/b><\/strong><\/p>\n<p>Autor(a): Arthur Anderson Cruz Moreira<\/p>\n<p>Orientador(a): Prof\u00aa. Dr\u00aa. Marta Aur\u00e9lia Dantas de Lacerda<\/p>\n<p>&nbsp;<\/p>\n<p><strong><b>IMPACTO DO AUX\u00cdLIO EMERGENCIAL A SOBRE A OFERTA DA M\u00c3O DE OBRA NO RIO GRANDE DO NORTE<\/b><\/strong><\/p>\n<p>Autor(a): Clara de Assis Dantas da Silva<\/p>\n<p>Orientador(a): Prof. Dr. Francisco Danilo da Silva Ferreira<\/p>\n<p>&nbsp;<\/p>\n<p><strong><b>EFEITOS DA CRISE DA COVID-19 NA IND\u00daSTRIA SALINEIRA NO MUNIC\u00cdPIO DE MACAU-RN<\/b><\/strong><\/p>\n<p>Autor(a): Cleiton Sandro Beserra Evangelista<\/p>\n<p>Orientador(a): Prof. Me. Jos\u00e9 Ant\u00f4nio Nunes de Souza.<\/p>\n<p>&nbsp;<\/p>\n<p><strong><b>PARTICIPA\u00c7\u00c3O MUNICIPAL E DOS SETORES ECON\u00d4MICOS NO PRODUTO INTERNO BRUTO DO RIO GRANDE DO NORTE NO PERIODO DE 2002 A 2020<\/b><\/strong><\/p>\n<p>Autor(a): Dannyel de Sousa Santiago<\/p>\n<p>Orientador(a): Prof. Me. Jos\u00e9 Ant\u00f4nio Nunes de Souza<\/p>\n<p>&nbsp;<\/p>\n<p><strong><b>ESTUDO DE CASO SOBRE O G\u00c1S NATURAL (10<\/b><\/strong><strong><sup><b>3<\/b><\/sup><\/strong><strong><b>M<\/b><\/strong><strong><sup><b>3<\/b><\/sup><\/strong><strong><b>) PARA O RIO GRANDE DO NORTE (RN) NO PER\u00cdODO DE 2000 &#8211; 2022<\/b><\/strong><\/p>\n<p>Autor(a): Francisca Ver\u00f4nica Bezerra de Oliveira Gomes<\/p>\n<p>Orientador(a): Prof. Dr. Willian Gledson E Silva<\/p>\n<p>&nbsp;<\/p>\n<p><strong><b>PERFIL SOCIOECON\u00d4MICO DA AGRICULTURA FAMILIAR EM ASS\u00da\/RN: UMA AN\u00c1LISE A PARTIR DO CENSO AGROPECU\u00c1RIO DE 2017.<\/b><\/strong><\/p>\n<p>Autor(a): Guilherme de Lira Alexandre<\/p>\n<p>Orientador(a): Prof\u00aa. Ma. Ionara Jane de Ara\u00fajo.<\/p>\n<p><strong><b>\u00a0<\/b><\/strong><\/p>\n<p><strong>EFEITO DA TAXA DE JUROS NA INFLA\u00c7\u00c3O BRASILEIRA NO REGIME DE METAS DE INFLA\u00c7\u00c3O: UMA ANALISE A PARTIR DO MODELO DE TR\u00caS EQUA\u00c7\u00d5ES<\/strong><\/p>\n<p>Autor(a):\u00a0 \u00cdcaro Felipe Santos Rocha<\/p>\n<p>Orientador(a): Prof. Me. Jos\u00e9 Ant\u00f4nio Nunes de Souza<\/p>\n<p>&nbsp;<\/p>\n<p><strong>EFEITO DA ATIVIDADE TUR\u00cdSTICA NO PRODUTO INTERNO BRUTO: UMA AN\u00c1LISE A PARTIR DE DADOSEM PAINEL PARA OS ESTADOS DA REGI\u00c3O NORDESTE<\/strong><\/p>\n<p>Autor(a): Jecycleide Ramos de Sousa<\/p>\n<p>Orientador(a): Prof. Me. J\u00f3se Ant\u00f4nio Nunes de Souza<\/p>\n<p>&nbsp;<\/p>\n<p><strong><b>AN\u00c1LISE DOS INVESTIMENTOS GOVERNAMENTAIS EM PESQUISA E DESENVOLVIMENTO NOS ANOS DE 2012-2019<\/b><\/strong><\/p>\n<p>Autor(a): Jeferson Dantas da Silva<\/p>\n<p>Orientador(a): Prof. Dr. Francisco Danilo da Silva Ferreira<\/p>\n<p>&nbsp;<\/p>\n<p><strong>DIFERENCIAL DE DESEMPENHO ENTRE JOVENS DAS ESCOLAS P\u00daBLICAS E PRIVADAS: UMA AN\u00c1LISE DO EXAME NACIONAL DO ENSINO M\u00c9DIO (ENEM)<\/strong><\/p>\n<p>Autor(a): Jos\u00e9 Augusto Pelonha Greg\u00f3rio Filho<\/p>\n<p>Orientador(a): Prof. Dr. Francisco Danilo da Silva Ferreira.<\/p>\n<p>&nbsp;<\/p>\n<p><strong>Constru\u00e7\u00e3o e an\u00e1lise do \u00cdndice de Desenvolvimento Rural Sustent\u00e1vel para o estado do Rio Grande do Norte<\/strong><\/p>\n<p>Autor(a): Juliana de Brito Rocha<\/p>\n<p>Orientador(a): Profa. Ms. Ionara Jane de Ara\u00fajo<\/p>\n<p>&nbsp;<\/p>\n<p><strong><b>MAPEAMENTO DA POBREZA E DESIGUALDADE DO PIB PER CAPITA: UM ESTUDO DE CASO DO RIO GRANDE DO NORTE DE 2010 A 2020<\/b><\/strong><\/p>\n<p>Autor(a): Maelly Joana da Silva Alves<\/p>\n<p>Orientador(a): Prof. Me. Willy Farias Albuquerque<\/p>\n<p>&nbsp;<\/p>\n<p><strong><b>CARCINICULTURA NO ESTADO DO RIO GRANDE DO NORTE: O ESTADO DA ARTE ENTRE OS ANOS DE 2011 E 2021<\/b><\/strong><\/p>\n<p>Autor(a): Maria Fl\u00e1via Ribeiro do Nascimento<\/p>\n<p>Orientador(a): Prof. Me. Willy Farias Albuquerque.<\/p>\n<p>&nbsp;<\/p>\n<p><strong>GASTOS P\u00daBLICOS EM EDUCA\u00c7\u00c3O NO RIO GRANDE DO NORTE: UMA AVALIA\u00c7\u00c3O A PARTIR DO IDEB 2023<\/strong><\/p>\n<p>Autor(a): Maria Vit\u00f3ria Gomes dos Santos<\/p>\n<p>Orientador(a): Prof. Me. Jos\u00e9 Ant\u00f4nio Nunes de Souza<\/p>\n<p>&nbsp;<\/p>\n<p><strong>EFICI\u00caNCIA ESPORTIVA E FINANCEIRA: UMA AN\u00c1LISE DOS CLUBES NO CAMPEONATO BRASILEIRO DA S\u00c9RIE A DE 2023<\/strong><\/p>\n<p>Autor(a): Silas Heduardo de Souza e Silva<\/p>\n<p>Orientador(a): Prof. Dr. Francisco Danilo da Silva<\/p>\n<p>&nbsp;<\/p>\n<p><strong>A ECONOMIA SALINEIRA DO RIO GRANDE DO NORTE: AN\u00c1LISE DAS POL\u00cdTICAS P\u00daBLICAS E EXPORTA\u00c7\u00d5ES NO PER\u00cdODO DE 2010 A 2023<\/strong><\/p>\n<p>Autor(a): Vit\u00f3ria Eliza Matias Leonez<\/p>\n<p>Orientador(a): Prof. Me. Herica Gabriela R. de Ara\u00fajo Ribeiro<\/p>\n<p>&nbsp;<\/p>\n<ul>\n<li><strong><b>2023<\/b><\/strong><\/li>\n<\/ul>\n<p>&nbsp;<\/p>\n<p><strong><b>AN\u00c1LISE ECON\u00d4MICA DA PRODU\u00c7\u00c3O E GEST\u00c3O DO LIXO URBANO NO BRASIL E REGI\u00d5ES (2009-2021)<\/b><\/strong><\/p>\n<p>Autor(a): Emanoela Carneiro Nunes<\/p>\n<p>Orientador(a): Prof. Me. Joacir Rufino de Aquino<\/p>\n<p>&nbsp;<\/p>\n<p><strong><b>OS ENTRAVES ECON\u00d4MICOS DA CARCINICULTURA NO RIO GRANDE DO NORTE<\/b><\/strong><\/p>\n<p>Autor(a): Francisco Akillis Nascimento<\/p>\n<p>Orientador(a): Prof. Dr. Jaime dos Santos da Silva.<\/p>\n<p>&nbsp;<\/p>\n<p><strong><b>AN\u00c1LISE DA PARTICIPA\u00c7\u00c3O FEMININA NO MERCADO DE TRABALHO DO RIO GRANDE DO NORTE (2012-2019)<\/b><\/strong><\/p>\n<p>Autor(a): Gabrielly Matias de Lima Assis<\/p>\n<p>Orientador(a): Prof. Ms. Joacir Rufino de Aquino<\/p>\n<p>&nbsp;<\/p>\n<p><strong><b>AN\u00c1LISE DO PROCESSO DE (DES)INDUSTRIALIZA\u00c7\u00c3O NO RIO GRANDE DO NORTE<\/b><\/strong><\/p>\n<p>Autor(a): Jocielle Viviane Soares de Souza<\/p>\n<p>Orientador(a): Prof. Ms. Joacir Rufino de Aquino<\/p>\n<p>&nbsp;<\/p>\n<p><strong><b>COOPERA\u00c7\u00c3O EDUCACIONAL: UMA AN\u00c1LISE DO PROGRAMA DE ESTUDANTES-CONV\u00caNIO DE P\u00d3S-GRADUA\u00c7\u00c3O (PEC-PG) A LUZ DO \u201cBRAIN DRAIN&#8221;<\/b><\/strong><\/p>\n<p>Autor(a): Maria Heloisy Almeida de Moura<\/p>\n<p>Orientador(a): Prof\u00aa. Ma. Herica Gabriela Rodrigues de Ara\u00fajo Ribeiro<\/p>\n<p>&nbsp;<\/p>\n<p><strong><b>CESTA B\u00c1SICA X SAL\u00c1RIO M\u00cdNIMO EM NATAL\/RN DURANTE A PANDEMIA DA COVID-19 (2020-2022)<\/b><\/strong><\/p>\n<p>Autor(a): Mikarla Roberta Lobato Delfino<\/p>\n<p>Orientador(a): Prof\u00aa Ma. H\u00e9rica Gabriela R. de Ara\u00fajo Ribeiro<\/p>\n<p>&nbsp;<\/p>\n<ul>\n<li><strong><b>2022<\/b><\/strong><\/li>\n<\/ul>\n<p>&nbsp;<\/p>\n<p><strong><b>DETERMINANTES DAS RECEITAS CORRENTES MUNICIPAIS DO RIO GRANDE DO NORTE NO ANO DE 2019<\/b><\/strong><\/p>\n<p>Autor(a): Abimael Felipe de Ara\u00fajo Olivera<\/p>\n<p>Orientador(a): Prof. Me. Jos\u00e9 Ant\u00f4nio Nunes de Souza<\/p>\n<p>&nbsp;<\/p>\n<p><strong><b>PROGRAMAS SOCIAIS E DESIGUALDADE DE RENDA NA REGI\u00c3O NORDESTE: UMA AN\u00c1LISE DO PROGRAMA BOLSA FAMILIA NO PERIODO DE 2012 A 2019<\/b><\/strong><\/p>\n<p>Autor(a): Auriane Silva Bezerra<\/p>\n<p>Orientador(a): Prof. Me. Jos\u00e9 Ant\u00f4nio Nunes de Souza<\/p>\n<p>&nbsp;<\/p>\n<p><strong><b>UMA AN\u00c1LISE SOBRE A FORMA\u00c7\u00c3O DO SPREAD BANC\u00c1RIO NO BRASIL NO PER\u00cdODO DE 2012 A 2021<\/b><\/strong><\/p>\n<p>Autor(a): \u00c9rika Sousa da Silveira Meneses<\/p>\n<p>Orientador(a): Prof\u00aa. Ma. H\u00e9rica Gabriela R. Ara\u00fajo Ribeiro<\/p>\n<p>&nbsp;<\/p>\n<p><strong><b>OMNICHANNEL COMO ESTRAT\u00c9GIA DE INOVA\u00c7\u00c3O: O CASO DAS LOJAS RENNER NO BRASIL<\/b><\/strong><\/p>\n<p>Autor(a): Gabriela da Silveira Queiroz<\/p>\n<p>Orientador(a): Prof. Jos\u00e9 Ant\u00f4nio Nunes de Souza.<\/p>\n<p>&nbsp;<\/p>\n<p><strong><b>ENDIVIDAMENTO E INADIMPL\u00caNCIA EM UM CONTEXTO DE PANDEMIA: UMA AN\u00c1LISE PARA A REGI\u00c3O NORDESTE<\/b><\/strong><\/p>\n<p>Autor(a): Renan Rafael Ferreira de Moura<\/p>\n<p>Orientador(a): Prof\u00aa. Me. H\u00e9rica Gabriela R. de Ara\u00fajo Ribeiro<\/p>\n","protected":false},"excerpt":{"rendered":"<p>A monografia \u00e9 atividade obrigat\u00f3ria para a conclus\u00e3o do curso de bacharelado em Ci\u00eancias Econ\u00f4micas pela UERN Ass\u00fa. O acervo de monografias f\u00edsicas e em formato digital do curso est\u00e1 dispon\u00edvel para consulta no site SIABI\/UERN, ou ainda, pelo site TCCs Digitais da Biblioteca da UERN. &nbsp; 2025 EFICI\u00caNCIA DOS GASTOS P\u00daBLICOS HOSPITALARES DOS MUNIC\u00cdPIOS [&hellip;]<\/p>\n","protected":false},"author":4,"featured_media":0,"parent":0,"menu_order":0,"comment_status":"closed","ping_status":"closed","template":"","meta":{"footnotes":""},"class_list":["post-1046","page","type-page","status-publish","hentry"],"_links":{"self":[{"href":"https:\/\/portal.uern.br\/assu\/dec\/wp-json\/wp\/v2\/pages\/1046","targetHints":{"allow":["GET"]}}],"collection":[{"href":"https:\/\/portal.uern.br\/assu\/dec\/wp-json\/wp\/v2\/pages"}],"about":[{"href":"https:\/\/portal.uern.br\/assu\/dec\/wp-json\/wp\/v2\/types\/page"}],"author":[{"embeddable":true,"href":"https:\/\/portal.uern.br\/assu\/dec\/wp-json\/wp\/v2\/users\/4"}],"replies":[{"embeddable":true,"href":"https:\/\/portal.uern.br\/assu\/dec\/wp-json\/wp\/v2\/comments?post=1046"}],"version-history":[{"count":9,"href":"https:\/\/portal.uern.br\/assu\/dec\/wp-json\/wp\/v2\/pages\/1046\/revisions"}],"predecessor-version":[{"id":1113,"href":"https:\/\/portal.uern.br\/assu\/dec\/wp-json\/wp\/v2\/pages\/1046\/revisions\/1113"}],"wp:attachment":[{"href":"https:\/\/portal.uern.br\/assu\/dec\/wp-json\/wp\/v2\/media?parent=1046"}],"curies":[{"name":"wp","href":"https:\/\/api.w.org\/{rel}","templated":true}]}}