{"id":7,"date":"2022-10-19T14:32:39","date_gmt":"2022-10-19T17:32:39","guid":{"rendered":"https:\/\/paisdemossoro.com.br\/wordpress\/ajur\/?page_id=7"},"modified":"2022-10-19T14:32:39","modified_gmt":"2022-10-19T17:32:39","slug":"atribuicoes","status":"publish","type":"page","link":"https:\/\/portal.uern.br\/ajur\/atribuicoes\/","title":{"rendered":"Atribui\u00e7\u00f5es"},"content":{"rendered":"<p><strong>Atribui\u00e7\u00f5es da Assessoria Jur\u00eddica:<\/strong><\/p>\n<ul>\n<li>exercer as fun\u00e7\u00f5es de assessoria e consultoria jur\u00eddica no \u00e2mbito da Fuern\/Uern, mediante provoca\u00e7\u00e3o do Presidente\/Reitor, Vice-Presidente\/Vice-Reitor, chefe de gabinete da Reitoria, pr\u00f3-reitores ou diretores de unidade universit\u00e1rias;<\/li>\n<\/ul>\n<p>&nbsp;<\/p>\n<ul>\n<li>expedir orienta\u00e7\u00e3o normativa sobre a interpreta\u00e7\u00e3o dos atos normativos internos, uniformizando o entendimento dos diversos setores;<\/li>\n<\/ul>\n<p>&nbsp;<\/p>\n<ul>\n<li>atuar, em conjunto com outros \u00f3rg\u00e3os do Estado do Rio Grande do Norte, na elabora\u00e7\u00e3o de propostas de atos normativos que ser\u00e3o submetidas ao Poder Executivo e ao Poder Legislativo do Estado do Rio Grande do Norte;<\/li>\n<\/ul>\n<p>&nbsp;<\/p>\n<ul>\n<li>efetuar a revis\u00e3o final no que diz respeito \u00e0 t\u00e9cnica legislativa, \u00e0 constitucionalidade e \u00e0 legalidade das resolu\u00e7\u00f5es internas;<\/li>\n<\/ul>\n<p>&nbsp;<\/p>\n<ul>\n<li>examinar, previamente: editais de licita\u00e7\u00e3o, bem como os termos dos respectivos contratos, aditivos e prorroga\u00e7\u00f5es;<\/li>\n<\/ul>\n<p>&nbsp;<\/p>\n<ul>\n<li>os procedimentos de dispensa e de inexigibilidade de licita\u00e7\u00e3o;<\/li>\n<\/ul>\n<p>&nbsp;<\/p>\n<ul>\n<li>os textos de editais de sele\u00e7\u00e3o p\u00fablica, conv\u00eanios e instrumentos cong\u00eaneres a serem firmados pela Fuern\/Uern;<\/li>\n<\/ul>\n<p>&nbsp;<\/p>\n<ul>\n<li>elaborar estudos e preparar informa\u00e7\u00f5es de natureza jur\u00eddica, por solicita\u00e7\u00e3o do Presidente\/Reitor;<\/li>\n<\/ul>\n<p>&nbsp;<\/p>\n<ul>\n<li>orientar quanto \u00e0 forma pela qual devam ser prestadas informa\u00e7\u00f5es e cumpridas decis\u00f5es judiciais e requisi\u00e7\u00f5es do Minist\u00e9rio P\u00fablico ou determina\u00e7\u00f5es do Tribunal de Contas do Estado do Rio Grande do Norte;<\/li>\n<\/ul>\n<p>&nbsp;<\/p>\n<ul>\n<li>examinar, quando solicitada, processos administrativos disciplinares, recursos, pedidos de reconsidera\u00e7\u00e3o, de revis\u00e3o, e outros atos jur\u00eddicos;<\/li>\n<\/ul>\n<p>&nbsp;<\/p>\n<ul>\n<li>fornecer subs\u00eddios \u00e0 atua\u00e7\u00e3o da Procuradoria do Estado do Rio Grande do Norte, nos assuntos em que haja interesse direto da Fuern\/Uern;<\/li>\n<\/ul>\n<p>&nbsp;<\/p>\n<ul>\n<li>promover o interc\u00e2mbio de informa\u00e7\u00f5es com a Procuradoria do Estado do Rio Grande do Norte e com \u00f3rg\u00e3os jur\u00eddicos do Poder Executivo e do Legislativo.<\/li>\n<\/ul>\n","protected":false},"excerpt":{"rendered":"<p>Atribui\u00e7\u00f5es da Assessoria Jur\u00eddica: exercer as fun\u00e7\u00f5es de assessoria e consultoria jur\u00eddica no \u00e2mbito da Fuern\/Uern, mediante provoca\u00e7\u00e3o do Presidente\/Reitor, Vice-Presidente\/Vice-Reitor, chefe de gabinete da Reitoria, pr\u00f3-reitores ou diretores de unidade universit\u00e1rias; &nbsp; expedir orienta\u00e7\u00e3o normativa sobre a interpreta\u00e7\u00e3o dos atos normativos internos, uniformizando o entendimento dos diversos setores; &nbsp; atuar, em conjunto com outros [&hellip;]<\/p>\n","protected":false},"author":1,"featured_media":0,"parent":0,"menu_order":0,"comment_status":"closed","ping_status":"closed","template":"","meta":[],"_links":{"self":[{"href":"https:\/\/portal.uern.br\/ajur\/wp-json\/wp\/v2\/pages\/7"}],"collection":[{"href":"https:\/\/portal.uern.br\/ajur\/wp-json\/wp\/v2\/pages"}],"about":[{"href":"https:\/\/portal.uern.br\/ajur\/wp-json\/wp\/v2\/types\/page"}],"author":[{"embeddable":true,"href":"https:\/\/portal.uern.br\/ajur\/wp-json\/wp\/v2\/users\/1"}],"replies":[{"embeddable":true,"href":"https:\/\/portal.uern.br\/ajur\/wp-json\/wp\/v2\/comments?post=7"}],"version-history":[{"count":2,"href":"https:\/\/portal.uern.br\/ajur\/wp-json\/wp\/v2\/pages\/7\/revisions"}],"predecessor-version":[{"id":9,"href":"https:\/\/portal.uern.br\/ajur\/wp-json\/wp\/v2\/pages\/7\/revisions\/9"}],"wp:attachment":[{"href":"https:\/\/portal.uern.br\/ajur\/wp-json\/wp\/v2\/media?parent=7"}],"curies":[{"name":"wp","href":"https:\/\/api.w.org\/{rel}","templated":true}]}}