{"id":5,"date":"2022-10-19T14:26:04","date_gmt":"2022-10-19T17:26:04","guid":{"rendered":"https:\/\/paisdemossoro.com.br\/wordpress\/ajur\/?page_id=5"},"modified":"2025-07-01T10:39:39","modified_gmt":"2025-07-01T13:39:39","slug":"apresentacao","status":"publish","type":"page","link":"https:\/\/portal.uern.br\/ajur\/","title":{"rendered":"Apresenta\u00e7\u00e3o"},"content":{"rendered":"<p>Na Universidade do Estado do Rio Grande do Norte, a Assessoria Jur\u00eddica \u00e9 \u00f3rg\u00e3o auxiliar da Presid\u00eancia da Funda\u00e7\u00e3o Universidade do Estado do Rio Grande do Norte, relativamente aos assuntos jur\u00eddicos em que haja interesse da institui\u00e7\u00e3o. \u00c9 respons\u00e1vel pela assessoria e consultoria jur\u00eddica no \u00e2mbito da Fuern\/Uern, mediante provoca\u00e7\u00e3o do Presidente\/Reitor, Vice-Presidente\/Vice-Reitor, chefe de gabinete da Reitoria, pr\u00f3-reitores ou diretores de unidade universit\u00e1rias.<\/p>\n<p>Busca preservar a adequa\u00e7\u00e3o legal dos procedimentos administrativos internos garantindo mais seguran\u00e7a no desempenho da miss\u00e3o institucional. Atuando na busca cont\u00ednua da plena higidez jur\u00eddica dos processos e na ampla e integral defesa dos interesses institucionais.<\/p>\n<p>No exerc\u00edcio de suas atividades, a AJUR norteia-se pelos princ\u00edpios da legalidade, impessoalidade, moralidade, publicidade e efici\u00eancia, sem preju\u00edzo da celeridade e do compromisso com a democracia.<\/p>\n<ul>\n<li><strong>Endere\u00e7o<\/strong>:\u00a0<span style=\"color: #000000\">Rua Almino Afonso, 478 &#8211; Centro &#8211; Mossor\u00f3\/RN | CEP: 59.610-210<\/span><\/li>\n<li><strong>Hor\u00e1rio de atendimento presencial<\/strong>: de segunda a sexta, das 07h30min \u00e0s 17h30min<\/li>\n<li><strong>E-mail<\/strong>: ajur@uern.br<\/li>\n<\/ul>\n","protected":false},"excerpt":{"rendered":"<p>Na Universidade do Estado do Rio Grande do Norte, a Assessoria Jur\u00eddica \u00e9 \u00f3rg\u00e3o auxiliar da Presid\u00eancia da Funda\u00e7\u00e3o Universidade do Estado do Rio Grande do Norte, relativamente aos assuntos jur\u00eddicos em que haja interesse da institui\u00e7\u00e3o. \u00c9 respons\u00e1vel pela assessoria e consultoria jur\u00eddica no \u00e2mbito da Fuern\/Uern, mediante provoca\u00e7\u00e3o do Presidente\/Reitor, Vice-Presidente\/Vice-Reitor, chefe de [&hellip;]<\/p>\n","protected":false},"author":1,"featured_media":0,"parent":0,"menu_order":0,"comment_status":"closed","ping_status":"closed","template":"","meta":[],"_links":{"self":[{"href":"https:\/\/portal.uern.br\/ajur\/wp-json\/wp\/v2\/pages\/5"}],"collection":[{"href":"https:\/\/portal.uern.br\/ajur\/wp-json\/wp\/v2\/pages"}],"about":[{"href":"https:\/\/portal.uern.br\/ajur\/wp-json\/wp\/v2\/types\/page"}],"author":[{"embeddable":true,"href":"https:\/\/portal.uern.br\/ajur\/wp-json\/wp\/v2\/users\/1"}],"replies":[{"embeddable":true,"href":"https:\/\/portal.uern.br\/ajur\/wp-json\/wp\/v2\/comments?post=5"}],"version-history":[{"count":3,"href":"https:\/\/portal.uern.br\/ajur\/wp-json\/wp\/v2\/pages\/5\/revisions"}],"predecessor-version":[{"id":658,"href":"https:\/\/portal.uern.br\/ajur\/wp-json\/wp\/v2\/pages\/5\/revisions\/658"}],"wp:attachment":[{"href":"https:\/\/portal.uern.br\/ajur\/wp-json\/wp\/v2\/media?parent=5"}],"curies":[{"name":"wp","href":"https:\/\/api.w.org\/{rel}","templated":true}]}}