{"id":99697,"date":"2023-05-03T07:53:48","date_gmt":"2023-05-03T10:53:48","guid":{"rendered":"https:\/\/portal.uern.br\/acessoainformacao\/?page_id=99697"},"modified":"2025-10-02T13:14:26","modified_gmt":"2025-10-02T16:14:26","slug":"pesquisa-inovacao-e-pos-graduacao","status":"publish","type":"page","link":"https:\/\/portal.uern.br\/acessoainformacao\/pesquisa-inovacao-e-pos-graduacao\/","title":{"rendered":"Pesquisa, Inova\u00e7\u00e3o e P\u00f3s-gradua\u00e7\u00e3o"},"content":{"rendered":"<div class=\"flex-1 overflow-hidden\">\n<div class=\"react-scroll-to-bottom--css-ebcfo-79elbk h-full\">\n<div class=\"react-scroll-to-bottom--css-ebcfo-1n7m0yu\">\n<div class=\"flex flex-col pb-9 text-sm\">\n<div class=\"w-full text-token-text-primary\" data-testid=\"conversation-turn-3\">\n<div class=\"px-4 py-2 justify-center text-base md:gap-6 m-auto\">\n<div class=\"flex flex-1 text-base mx-auto gap-3 md:px-5 lg:px-1 xl:px-5 md:max-w-3xl lg:max-w-[40rem] xl:max-w-[48rem] group final-completion\">\n<div class=\"relative flex w-full flex-col lg:w-[calc(100%-115px)] agent-turn\">\n<div class=\"flex-col gap-1 md:gap-3\">\n<div class=\"flex flex-grow flex-col max-w-full\">\n<div class=\"min-h-[20px] text-message flex flex-col items-start gap-3 whitespace-pre-wrap break-words [.text-message+&amp;]:mt-5 overflow-x-auto\" data-message-author-role=\"assistant\" data-message-id=\"a61bedc1-ef2e-427b-b740-f248089655d9\">\n<div class=\"markdown prose w-full break-words dark:prose-invert light\">\n<p>Nesta p\u00e1gina ser\u00e3o apresentados dados de Pesquisa, Inova\u00e7\u00e3o e P\u00f3s-Gradua\u00e7\u00e3o da Universidade do Estado do Rio Grande do Norte (UERN).<\/p>\n<p>A pesquisa e inova\u00e7\u00e3o na UERN destacam-se pelos recursos anuais destinados ao Programa Institucional de Bolsas de Inicia\u00e7\u00e3o Cient\u00edfica (PIBIC UERN), refletindo o investimento cont\u00ednuo na promo\u00e7\u00e3o da pesquisa acad\u00eamica. A institui\u00e7\u00e3o concede um significativo n\u00famero de bolsas PIBIC, demonstrando o comprometimento com o desenvolvimento de talentos e a forma\u00e7\u00e3o de novos pesquisadores. Al\u00e9m disso, os recursos anuais provenientes do Conselho Nacional de Desenvolvimento Cient\u00edfico e Tecnol\u00f3gico (CNPQ) destinados aos programas PIBIC, \u00a0Inicia\u00e7\u00e3o em Desenvolvimento Tecnol\u00f3gico e Inova\u00e7\u00e3o (PIBITI) e PIBIC &#8211; Ensino M\u00e9dio (PIBIC &#8211; EM) evidenciam a inser\u00e7\u00e3o da UERN no cen\u00e1rio nacional de fomento \u00e0 pesquisa. A universidade tamb\u00e9m se destaca pelo n\u00famero de bolsas PIBIC &#8211; EM, incentivando a participa\u00e7\u00e3o de estudantes do ensino m\u00e9dio em projetos de pesquisa desde as etapas iniciais da forma\u00e7\u00e3o acad\u00eamica.<\/p>\n<p><a href=\"https:\/\/lookerstudio.google.com\/reporting\/3bd09592-e3b4-4151-8772-0efcb50813bd\">Confira todos os N\u00fameros de Pesquisa<\/a><\/p>\n<p><iframe class=\"flourish-embed-iframe\" style=\"width: 100%;height: 600px\" src=\"https:\/\/flo.uri.sh\/visualisation\/25434135\/embed\" frameborder=\"0\" scrolling=\"no\"><\/iframe><\/p>\n<p>Fonte dos dados: Pr\u00f3-Reitoria de P\u00f3s-Gradua\u00e7\u00e3o (PROPEG)*<\/p>\n<p><iframe class=\"flourish-embed-iframe\" style=\"width: 100%;height: 600px\" src=\"https:\/\/flo.uri.sh\/visualisation\/25434491\/embed\" frameborder=\"0\" scrolling=\"no\"><\/iframe><\/p>\n<p>Fonte dos dados: Pr\u00f3-Reitoria de P\u00f3s-Gradua\u00e7\u00e3o (PROPEG)*<\/p>\n<p>A preocupa\u00e7\u00e3o com a propriedade intelectual \u00e9 vis\u00edvel nos registros de programas de computador, dep\u00f3sitos de patentes no Instituto Nacional da Propriedade Industrial (INPI), emiss\u00e3o de cartas patentes e registros de marca. A presen\u00e7a ativa em incubadoras refor\u00e7a o papel da UERN como agente propulsor de inova\u00e7\u00e3o. A produ\u00e7\u00e3o cient\u00edfica \u00e9 robusta, refletida no n\u00famero de peri\u00f3dicos, artigos publicados, grupos de pesquisa e projetos institucionalizados, consolidando a universidade como um polo de excel\u00eancia em pesquisa e inova\u00e7\u00e3o. A exist\u00eancia de laborat\u00f3rios institucionalizados refor\u00e7a a infraestrutura dispon\u00edvel para o desenvolvimento de pesquisas de ponta.<\/p>\n<p><a href=\"https:\/\/lookerstudio.google.com\/reporting\/f9f03b6d-9c25-407e-a77b-4b77f1496c77\">Confira todos os N\u00fameros de Inova\u00e7\u00e3o<\/a><\/p>\n<p>Quando se fala de P\u00f3s-Gradua\u00e7\u00e3o, na UERN \u00e9 poss\u00edvel encontrar cursos de Doutorado, Mestrado, al\u00e9m de cursos de Especializa\u00e7\u00e3o. A distribui\u00e7\u00e3o dos cursos nos diversos campi da UERN evidencia a abrang\u00eancia geogr\u00e1fica da institui\u00e7\u00e3o. Nos \u00faltimos anos, a universidade tamb\u00e9m tem formado um n\u00famero expressivo de discentes com uma significativa quantidade de bolsas, incluindo as de Mestrado, Doutorado e P\u00f3s-Doutorado, financiadas pela Coordena\u00e7\u00e3o de Aperfei\u00e7oamento de Pessoal de N\u00edvel Superior (CAPES) e Conselho Nacional de Desenvolvimento Cient\u00edfico e Tecnol\u00f3gico (CNPQ), indicando o comprometimento da UERN com a produ\u00e7\u00e3o cient\u00edfica e a forma\u00e7\u00e3o qualificada de seus discentes e docentes.<\/p>\n<p><a href=\"https:\/\/lookerstudio.google.com\/reporting\/b5978987-916c-4487-a2e1-371efb7bb553\">Confira todos os N\u00fameros de P\u00f3s-Gradua\u00e7\u00e3o<\/a><\/p>\n<\/div>\n<\/div>\n<\/div>\n<\/div>\n<\/div>\n<\/div>\n<\/div>\n<\/div>\n<\/div>\n<\/div>\n<\/div>\n<\/div>\n<hr \/>\n<p>*Os dados possuem atualiza\u00e7\u00e3o din\u00e2mica sob responsabilidade dos servidores da PROPEG: Cl\u00e1udio Lopes de Vasconcelos e Georgia Maria Pinto N\u00f3brega e Freitas<\/p>\n","protected":false},"excerpt":{"rendered":"<p>Nesta p\u00e1gina ser\u00e3o apresentados dados de Pesquisa, Inova\u00e7\u00e3o e P\u00f3s-Gradua\u00e7\u00e3o da Universidade do Estado do Rio Grande do Norte (UERN). A pesquisa e inova\u00e7\u00e3o na UERN destacam-se pelos recursos anuais destinados ao Programa Institucional de Bolsas de Inicia\u00e7\u00e3o Cient\u00edfica (PIBIC UERN), refletindo o investimento cont\u00ednuo na promo\u00e7\u00e3o da pesquisa acad\u00eamica. A institui\u00e7\u00e3o concede um significativo [&hellip;]<\/p>\n","protected":false},"author":1,"featured_media":0,"parent":0,"menu_order":0,"comment_status":"closed","ping_status":"closed","template":"","meta":[],"_links":{"self":[{"href":"https:\/\/portal.uern.br\/acessoainformacao\/wp-json\/wp\/v2\/pages\/99697"}],"collection":[{"href":"https:\/\/portal.uern.br\/acessoainformacao\/wp-json\/wp\/v2\/pages"}],"about":[{"href":"https:\/\/portal.uern.br\/acessoainformacao\/wp-json\/wp\/v2\/types\/page"}],"author":[{"embeddable":true,"href":"https:\/\/portal.uern.br\/acessoainformacao\/wp-json\/wp\/v2\/users\/1"}],"replies":[{"embeddable":true,"href":"https:\/\/portal.uern.br\/acessoainformacao\/wp-json\/wp\/v2\/comments?post=99697"}],"version-history":[{"count":25,"href":"https:\/\/portal.uern.br\/acessoainformacao\/wp-json\/wp\/v2\/pages\/99697\/revisions"}],"predecessor-version":[{"id":100798,"href":"https:\/\/portal.uern.br\/acessoainformacao\/wp-json\/wp\/v2\/pages\/99697\/revisions\/100798"}],"wp:attachment":[{"href":"https:\/\/portal.uern.br\/acessoainformacao\/wp-json\/wp\/v2\/media?parent=99697"}],"curies":[{"name":"wp","href":"https:\/\/api.w.org\/{rel}","templated":true}]}}