{"id":99695,"date":"2023-05-03T07:53:34","date_gmt":"2023-05-03T10:53:34","guid":{"rendered":"https:\/\/portal.uern.br\/acessoainformacao\/?page_id=99695"},"modified":"2025-02-05T09:23:43","modified_gmt":"2025-02-05T12:23:43","slug":"ensino-de-graduacao","status":"publish","type":"page","link":"https:\/\/portal.uern.br\/acessoainformacao\/ensino-de-graduacao\/","title":{"rendered":"Ensino de Gradua\u00e7\u00e3o"},"content":{"rendered":"<p>A Pr\u00f3-Reitoria de Ensino de Gradua\u00e7\u00e3o \u2013 PROEG busca atender as demandas relativas \u00e0 educa\u00e7\u00e3o superior, tendo como metas articular as pol\u00edticas de cria\u00e7\u00e3o e avalia\u00e7\u00e3o dos cursos de gradua\u00e7\u00e3o, promover a atualiza\u00e7\u00e3o did\u00e1tico-pedag\u00f3gica do corpo docente e elaborar pol\u00edtica de avalia\u00e7\u00e3o e acompanhamento do processo de ensino-aprendizagem nos cursos de gradua\u00e7\u00e3o.<\/p>\n<p>Destas metas decorrem a\u00e7\u00f5es como: supervis\u00e3o, coordena\u00e7\u00e3o, programa\u00e7\u00e3o e execu\u00e7\u00e3o de atividades inerentes \u00e0 gradua\u00e7\u00e3o na UERN, viabilizando as matr\u00edculas dos alunos e controle acad\u00eamico, expedi\u00e7\u00e3o de diplomas, assessoramento e acompanhamento das unidades universit\u00e1rias na oferta de cursos e programas de apoio \u00e0 forma\u00e7\u00e3o e \u00e0 inclus\u00e3o.<\/p>\n<p>\u00c9 constitu\u00edda pelas seguintes Diretorias:\u00a0Diretoria de Cursos e Inova\u00e7\u00e3o Curricular \u2013 DCIC e Diretoria de Admiss\u00e3o, Registro e Controle acad\u00eamico \u2013 DIRCA.<\/p>\n<p><a href=\"https:\/\/lookerstudio.google.com\/reporting\/de024b30-0bff-454a-89fc-415170b02386\">Confira todos os n\u00fameros de Ensino de Gradua\u00e7\u00e3o<\/a><\/p>\n<p><iframe class=\"flourish-embed-iframe\" style=\"width: 100%;height: 600px\" src=\"https:\/\/flo.uri.sh\/visualisation\/19052933\/embed\" frameborder=\"0\" scrolling=\"no\"><\/iframe><\/p>\n<p>Fonte dos dados: Pr\u00f3-Reitoria de Ensino de Gradua\u00e7\u00e3o (PROEG)*<\/p>\n<p>&nbsp;<\/p>\n<p><strong>CONTATOS:<\/strong><\/p>\n<p><strong>Gabinete\/ Secret\u00e1ria:<\/strong>\u00a0proeg@uern.br<\/p>\n<p>Telefone: (84) 3315-3000<\/p>\n<p><strong>DIRCA:<\/strong>\u00a0sec.dirca@uern.br<\/p>\n<p><em>Setor de admiss\u00e3o acad\u00eamica:<\/em>\u00a0admissao.dirca@uern.br, telefone: 3315-2169<\/p>\n<p><em>Setor de Arquivo:<\/em>\u00a0arquivo.dirca@uern.br<\/p>\n<p><em>Setor de diplomas:<\/em>\u00a0diplomas.dirca@uern.br, telefone: 3315-2168<\/p>\n<p><em>Setor de Controle Acad\u00eamico:<\/em>\u00a0sae.dirca@uern.br<\/p>\n<p><em>Protocolo:<\/em>\u00a0protoloco.dirca@uern.br<\/p>\n<p><strong>DCIC:<\/strong>\u00a0dcic.proeg@uern.br<\/p>\n<p>Telefone: 3315-2223<\/p>\n<p><em>Departamento de Sistemas Acad\u00eamicos<\/em>: sigaa.proeg@uern.br, telefone: 3315 3034<\/p>\n<p><em>Departamento de Est\u00e1gio Obrigat\u00f3rios:<\/em>\u00a0docenciauniversitaria.proeg@uern.br, telefone: 3315 2223<\/p>\n<p><em>Departamento de Gradua\u00e7\u00e3o e Cursos T\u00e9cnicos<\/em>: cursosdegradua\u00e7\u00e3o@uern.br, telefone: 3315-2223<\/p>\n<p><em>PARFOR<\/em>: parfor@uern.br, telefone: 3316-1420<\/p>\n<p><em>PIM<\/em>: pim@uern.br, telefone: 3315-3025<\/p>\n<p><em>PIBID:<\/em>\u00a0pibid@uern.br, telefone: 3315-2205<\/p>\n<p><em>PRP<\/em>: prp@uern.br, telefone: 3315-3025<\/p>\n<p><em>Projetos de Ensino:<\/em>\u00a0peg@uern.br, telefone: 3315-3025<\/p>\n<hr \/>\n<p>*Os dados possuem atualiza\u00e7\u00e3o din\u00e2mica sob responsabilidade dos servidores da PROEG: Rosa Maria Rodrigues Lopes e Venaide Maia Dantas.<\/p>\n","protected":false},"excerpt":{"rendered":"<p>A Pr\u00f3-Reitoria de Ensino de Gradua\u00e7\u00e3o \u2013 PROEG busca atender as demandas relativas \u00e0 educa\u00e7\u00e3o superior, tendo como metas articular as pol\u00edticas de cria\u00e7\u00e3o e avalia\u00e7\u00e3o dos cursos de gradua\u00e7\u00e3o, promover a atualiza\u00e7\u00e3o did\u00e1tico-pedag\u00f3gica do corpo docente e elaborar pol\u00edtica de avalia\u00e7\u00e3o e acompanhamento do processo de ensino-aprendizagem nos cursos de gradua\u00e7\u00e3o. Destas metas decorrem [&hellip;]<\/p>\n","protected":false},"author":1,"featured_media":0,"parent":0,"menu_order":0,"comment_status":"closed","ping_status":"closed","template":"","meta":[],"_links":{"self":[{"href":"https:\/\/portal.uern.br\/acessoainformacao\/wp-json\/wp\/v2\/pages\/99695"}],"collection":[{"href":"https:\/\/portal.uern.br\/acessoainformacao\/wp-json\/wp\/v2\/pages"}],"about":[{"href":"https:\/\/portal.uern.br\/acessoainformacao\/wp-json\/wp\/v2\/types\/page"}],"author":[{"embeddable":true,"href":"https:\/\/portal.uern.br\/acessoainformacao\/wp-json\/wp\/v2\/users\/1"}],"replies":[{"embeddable":true,"href":"https:\/\/portal.uern.br\/acessoainformacao\/wp-json\/wp\/v2\/comments?post=99695"}],"version-history":[{"count":13,"href":"https:\/\/portal.uern.br\/acessoainformacao\/wp-json\/wp\/v2\/pages\/99695\/revisions"}],"predecessor-version":[{"id":100738,"href":"https:\/\/portal.uern.br\/acessoainformacao\/wp-json\/wp\/v2\/pages\/99695\/revisions\/100738"}],"wp:attachment":[{"href":"https:\/\/portal.uern.br\/acessoainformacao\/wp-json\/wp\/v2\/media?parent=99695"}],"curies":[{"name":"wp","href":"https:\/\/api.w.org\/{rel}","templated":true}]}}