{"id":99693,"date":"2023-05-03T07:53:17","date_gmt":"2023-05-03T10:53:17","guid":{"rendered":"https:\/\/portal.uern.br\/acessoainformacao\/?page_id=99693"},"modified":"2024-09-30T07:54:05","modified_gmt":"2024-09-30T10:54:05","slug":"assuntos-estudantis","status":"publish","type":"page","link":"https:\/\/portal.uern.br\/acessoainformacao\/assuntos-estudantis\/","title":{"rendered":"Assuntos Estudantis"},"content":{"rendered":"<h3><strong>PRAE &#8211; Pr\u00f3-Reitoria de Assuntos Estudantis<\/strong><\/h3>\n<p>Criada em 19 de junho de 2018, a PRAE \u00e9 o marco de consolida\u00e7\u00e3o da assist\u00eancia estudantil como centralidade estrat\u00e9gica de combate \u00e0s desigualdades sociais e regionais, respeito \u00e0 diversidade e de inclus\u00e3o social que promova a garantia do pleno acesso, perman\u00eancia e sucesso dos (as) estudantes na UERN.<\/p>\n<p><a href=\"https:\/\/lookerstudio.google.com\/reporting\/4a893bb6-52de-4947-86a2-02be50552847\">Confira todos os N\u00fameros de Assuntos Estudantis<\/a><\/p>\n<p><iframe class=\"flourish-embed-iframe\" style=\"width: 100%;height: 600px\" src=\"https:\/\/flo.uri.sh\/visualisation\/18509483\/embed\" frameborder=\"0\" scrolling=\"no\"><span data-mce-type=\"bookmark\" style=\"width: 0px;overflow: hidden;line-height: 0\" class=\"mce_SELRES_start\">\ufeff<\/span><\/iframe><\/p>\n<p>Fonte dos dados: Pr\u00f3-Reitoria de Assuntos Estudantis (PRAE)*<\/p>\n<p><iframe class=\"flourish-embed-iframe\" style=\"width: 100%;height: 600px\" src=\"https:\/\/flo.uri.sh\/visualisation\/18509607\/embed\" frameborder=\"0\" scrolling=\"no\"><\/iframe><\/p>\n<div style=\"margin-top: 4px !important;text-align: left\">Fonte dos dados: Pr\u00f3-Reitoria de Assuntos Estudantis (PRAE)*<\/div>\n<div><\/div>\n<div>\n<p data-raofz=\"16\"><strong>Endere\u00e7o:\u00a0<\/strong>Campus Central L, BR 110 \u2013 KM 46 \u2013 Rua Prof. Ant\u00f4nio Campos, s\/n \u2013 Costa e Silva \u2013 CEP: 59.633-010 \u2013 Mossor\u00f3\/RN.<\/p>\n<p data-raofz=\"16\"><strong>Hor\u00e1rio de atendimento:\u00a0<\/strong>de segunda a sexta, das 7h \u00e0s 20h30min.<\/p>\n<p data-raofz=\"16\"><strong>Contato:\u00a0<\/strong>prae@uern.br\u00a0<strong>Tel:<\/strong>\u00a0(84) 3315-2185<\/p>\n<p data-raofz=\"16\"><strong>Gabinete da Pr\u00f3-Reitoria\u00a0\u2013\u00a0<\/strong>gab.prae@uern.br<\/p>\n<p data-raofz=\"16\"><strong>Gabinete da Pr\u00f3-Reitoria Adjunta \u2013\u00a0<\/strong>adj.prae@uern.br<\/p>\n<p data-raofz=\"16\"><strong>Assessoria \u2013\u00a0<\/strong>assessoria.prae@uern.br<\/p>\n<p data-raofz=\"16\"><strong>Diretoria de Assuntos Estudantis \u2013\u00a0<\/strong>dae.prae@uern.rn<\/p>\n<p data-raofz=\"16\"><strong>Setor de Aten\u00e7\u00e3o a Sa\u00fade e Qualidade de Vida Estudantil \u2013\u00a0<\/strong>seas.prae@uern.br<\/p>\n<p data-raofz=\"16\"><strong>Setor de A\u00e7\u00f5es Afirmativas e Assist\u00eancia Estudantil<\/strong>\u00a0\u2013 sae.prae@uern.br<\/p>\n<p data-raofz=\"16\"><strong>Setor de Est\u00e1gio N\u00e3o Obrigat\u00f3rio<\/strong>\u00a0\u2013 sec.prae@uern.br<\/p>\n<p data-raofz=\"16\"><strong>Setor de Esportes e Eventos<\/strong>\u00a0\u2013 esporte.prae@uern.br<\/p>\n<p data-raofz=\"16\"><strong>Secretaria da PRAE<\/strong>\u00a0\u2013 prae@uern.br<\/p>\n<p data-raofz=\"16\"><strong>Redes Sociais<\/strong><\/p>\n<ul>\n<li data-raofz=\"16\">Acesse informa\u00e7\u00f5es no canal p\u00fablico do Telegram PRAEUERN \u2013\u00a0<a role=\"link\" href=\"https:\/\/t.me\/PRAEUERN\" data-raofz=\"16\">Clique aqui.<\/a><\/li>\n<li data-raofz=\"16\">Acompanhe o nosso Instagram \u2013\u00a0<a role=\"link\" href=\"https:\/\/www.instagram.com\/prae.uern\/?hl=pt-br\" rel=\"noopener\" data-raofz=\"16\">Clique aqui.<\/a><\/li>\n<\/ul>\n<\/div>\n<hr \/>\n<p>*Os dados possuem atualiza\u00e7\u00e3o din\u00e2mica sob responsabilidade dos servidores da PRAE:\u00a0 J\u00e9ssica de F\u00e1tima Vianna e Luiz Joaquim Diniz da Silva.<\/p>\n","protected":false},"excerpt":{"rendered":"<p>PRAE &#8211; Pr\u00f3-Reitoria de Assuntos Estudantis Criada em 19 de junho de 2018, a PRAE \u00e9 o marco de consolida\u00e7\u00e3o da assist\u00eancia estudantil como centralidade estrat\u00e9gica de combate \u00e0s desigualdades sociais e regionais, respeito \u00e0 diversidade e de inclus\u00e3o social que promova a garantia do pleno acesso, perman\u00eancia e sucesso dos (as) estudantes na UERN. [&hellip;]<\/p>\n","protected":false},"author":1,"featured_media":0,"parent":0,"menu_order":0,"comment_status":"closed","ping_status":"closed","template":"","meta":[],"_links":{"self":[{"href":"https:\/\/portal.uern.br\/acessoainformacao\/wp-json\/wp\/v2\/pages\/99693"}],"collection":[{"href":"https:\/\/portal.uern.br\/acessoainformacao\/wp-json\/wp\/v2\/pages"}],"about":[{"href":"https:\/\/portal.uern.br\/acessoainformacao\/wp-json\/wp\/v2\/types\/page"}],"author":[{"embeddable":true,"href":"https:\/\/portal.uern.br\/acessoainformacao\/wp-json\/wp\/v2\/users\/1"}],"replies":[{"embeddable":true,"href":"https:\/\/portal.uern.br\/acessoainformacao\/wp-json\/wp\/v2\/comments?post=99693"}],"version-history":[{"count":21,"href":"https:\/\/portal.uern.br\/acessoainformacao\/wp-json\/wp\/v2\/pages\/99693\/revisions"}],"predecessor-version":[{"id":100656,"href":"https:\/\/portal.uern.br\/acessoainformacao\/wp-json\/wp\/v2\/pages\/99693\/revisions\/100656"}],"wp:attachment":[{"href":"https:\/\/portal.uern.br\/acessoainformacao\/wp-json\/wp\/v2\/media?parent=99693"}],"curies":[{"name":"wp","href":"https:\/\/api.w.org\/{rel}","templated":true}]}}