{"id":99689,"date":"2023-05-03T07:52:49","date_gmt":"2023-05-03T10:52:49","guid":{"rendered":"https:\/\/portal.uern.br\/acessoainformacao\/?page_id=99689"},"modified":"2024-09-24T08:14:25","modified_gmt":"2024-09-24T11:14:25","slug":"obras-e-engenharia","status":"publish","type":"page","link":"https:\/\/portal.uern.br\/acessoainformacao\/obras-e-engenharia\/","title":{"rendered":"Obras e Engenharia"},"content":{"rendered":"<p>Na se\u00e7\u00e3o de Obras e Engenharia, voc\u00ea encontrar\u00e1 dados detalhados sobre nossas atividades e projetos de constru\u00e7\u00e3o e engenharia. Essa se\u00e7\u00e3o abrange atualiza\u00e7\u00f5es sobre o andamento de obras em execu\u00e7\u00e3o.<\/p>\n<p style=\"text-align: left\">Nosso objetivo \u00e9 promover a transpar\u00eancia e fornecer informa\u00e7\u00f5es claras sobre nossas a\u00e7\u00f5es, demonstrando nosso compromisso em realizar obras e servi\u00e7os de engenharia de forma eficiente, respons\u00e1vel e de acordo com os padr\u00f5es estabelecidos pela legisla\u00e7\u00e3o vigente.<\/p>\n<p>Navegue pelo dashboard a seguir para verificar o andamento e os n\u00fameros de nossas obras:<\/p>\n<p style=\"text-align: center\"><iframe style=\"border: 0\" src=\"https:\/\/lookerstudio.google.com\/embed\/reporting\/34506faa-930e-40b3-923f-40322887b232\/page\/p_4i2t8qu0id\" width=\"800\" height=\"600\" frameborder=\"0\" allowfullscreen=\"allowfullscreen\"><span data-mce-type=\"bookmark\" style=\"width: 0px;overflow: hidden;line-height: 0\" class=\"mce_SELRES_start\">\ufeff<\/span><\/iframe><\/p>\n<p>As informa\u00e7\u00f5es sobre Obras e Servi\u00e7os da Superintend\u00eancia de Obras e Engenharia \u2013 SOBE podem ser encontradas nos seguintes links:<\/p>\n<p><a href=\"https:\/\/portal.uern.br\/sobe\/servicos\/\">Rela\u00e7\u00e3o de Obras e Servi\u00e7os<\/a><\/p>\n<p><strong>Superintendente: <\/strong>Sara Barroso de Oliveira Almeida<\/p>\n<p data-raofz=\"16\"><strong>Endere\u00e7o eletr\u00f4nico:<\/strong>\u00a0\u2709\u00a0infraestrutura@uern.br<\/p>\n<p data-raofz=\"16\"><strong>Telefone:<\/strong>\u00a0\ud83d\udcde (84) 3315-2186<\/p>\n<p data-raofz=\"16\"><strong>Endere\u00e7o:<\/strong>\u00a0Rua Almino Afonso, 478, Centro, Mossor\u00f3, CEP 59.610-210<\/p>\n<p data-raofz=\"16\"><strong>Hor\u00e1rio de funcionamento:<\/strong>\u00a0Segunda \u00e0 sexta, 8h \u00e0s 14h.<\/p>\n","protected":false},"excerpt":{"rendered":"<p>Na se\u00e7\u00e3o de Obras e Engenharia, voc\u00ea encontrar\u00e1 dados detalhados sobre nossas atividades e projetos de constru\u00e7\u00e3o e engenharia. Essa se\u00e7\u00e3o abrange atualiza\u00e7\u00f5es sobre o andamento de obras em execu\u00e7\u00e3o. Nosso objetivo \u00e9 promover a transpar\u00eancia e fornecer informa\u00e7\u00f5es claras sobre nossas a\u00e7\u00f5es, demonstrando nosso compromisso em realizar obras e servi\u00e7os de engenharia de forma [&hellip;]<\/p>\n","protected":false},"author":1,"featured_media":0,"parent":0,"menu_order":0,"comment_status":"closed","ping_status":"closed","template":"","meta":[],"_links":{"self":[{"href":"https:\/\/portal.uern.br\/acessoainformacao\/wp-json\/wp\/v2\/pages\/99689"}],"collection":[{"href":"https:\/\/portal.uern.br\/acessoainformacao\/wp-json\/wp\/v2\/pages"}],"about":[{"href":"https:\/\/portal.uern.br\/acessoainformacao\/wp-json\/wp\/v2\/types\/page"}],"author":[{"embeddable":true,"href":"https:\/\/portal.uern.br\/acessoainformacao\/wp-json\/wp\/v2\/users\/1"}],"replies":[{"embeddable":true,"href":"https:\/\/portal.uern.br\/acessoainformacao\/wp-json\/wp\/v2\/comments?post=99689"}],"version-history":[{"count":11,"href":"https:\/\/portal.uern.br\/acessoainformacao\/wp-json\/wp\/v2\/pages\/99689\/revisions"}],"predecessor-version":[{"id":100627,"href":"https:\/\/portal.uern.br\/acessoainformacao\/wp-json\/wp\/v2\/pages\/99689\/revisions\/100627"}],"wp:attachment":[{"href":"https:\/\/portal.uern.br\/acessoainformacao\/wp-json\/wp\/v2\/media?parent=99689"}],"curies":[{"name":"wp","href":"https:\/\/api.w.org\/{rel}","templated":true}]}}