{"id":99681,"date":"2023-05-03T07:47:46","date_gmt":"2023-05-03T10:47:46","guid":{"rendered":"https:\/\/portal.uern.br\/acessoainformacao\/?page_id=99681"},"modified":"2025-05-19T07:30:16","modified_gmt":"2025-05-19T10:30:16","slug":"uern-em-numeros","status":"publish","type":"page","link":"https:\/\/portal.uern.br\/acessoainformacao\/uern-em-numeros\/","title":{"rendered":"Uern em N\u00fameros"},"content":{"rendered":"<p>A Universidade do Estado do Rio Grande do Norte (UERN) deu um passo significativo em dire\u00e7\u00e3o \u00e0 moderniza\u00e7\u00e3o da gest\u00e3o e \u00e0 promo\u00e7\u00e3o da transpar\u00eancia com o lan\u00e7amento do &#8220;UERN em N\u00fameros&#8221;. Esta nova ferramenta, que utiliza a Plataforma Google e sua Tecnologia de Business Intelligence, oferece dados detalhados e acess\u00edveis sobre diversos aspectos da institui\u00e7\u00e3o, como gradua\u00e7\u00e3o, p\u00f3s-gradua\u00e7\u00e3o, inova\u00e7\u00e3o, a\u00e7\u00f5es afirmativas e outros indicadores essenciais.<\/p>\n<p>Com o &#8220;UERN em N\u00fameros&#8221;, a UERN n\u00e3o apenas facilita o acesso \u00e0 informa\u00e7\u00e3o, mas tamb\u00e9m promove a compreens\u00e3o dos dados por parte da sociedade, refor\u00e7ando seu compromisso com a responsabilidade social. Esta ferramenta \u00e9 uma poderosa aliada no planejamento estrat\u00e9gico e na tomada de decis\u00f5es, evidenciando a inova\u00e7\u00e3o presente na gest\u00e3o universit\u00e1ria.<\/p>\n<p>Al\u00e9m de proporcionar transpar\u00eancia e acessibilidade ao p\u00fablico externo, o &#8220;UERN em N\u00fameros&#8221; desempenha um papel fundamental na integra\u00e7\u00e3o das unidades gestoras da universidade. Atrav\u00e9s da tecnologia de Business Intelligence da plataforma Google, gestores de diferentes setores podem acessar e compartilhar dados em tempo real, promovendo uma comunica\u00e7\u00e3o eficiente e um alinhamento estrat\u00e9gico entre as unidades. Essa integra\u00e7\u00e3o fortalece a tomada de decis\u00f5es baseadas em informa\u00e7\u00f5es precisas e atualizadas, contribuindo para o desempenho institucional da UERN.<\/p>\n<p>Essa solu\u00e7\u00e3o inovadora teve origem no Escrit\u00f3rio de Processos da UERN e foi cuidadosamente complementada e desenhada para aplica\u00e7\u00e3o em toda a universidade pela Assessoria de Governan\u00e7a e Transpar\u00eancia. O &#8220;UERN em N\u00fameros&#8221; reflete o esfor\u00e7o colaborativo de diversas unidades para melhorar a gest\u00e3o e a comunica\u00e7\u00e3o interna. A Superintend\u00eancia de Obras SOBE j\u00e1 implementou essa solu\u00e7\u00e3o, demonstrando sua efic\u00e1cia e aplicabilidade em diferentes \u00e1reas da institui\u00e7\u00e3o.<\/p>\n<p><a href=\"https:\/\/portal.uern.br\/acessoainformacao\/assuntos-estudantis\/\">ASSUNTOS ESTUDANTIS<\/a><\/p>\n<p><a href=\"https:\/\/portal.uern.br\/acessoainformacao\/ensino-de-graduacao\/\">ENSINO DE GRADUA\u00c7\u00c3O<\/a><\/p>\n<p><a href=\"https:\/\/portal.uern.br\/acessoainformacao\/pesquisa-inovacao-e-pos-graduacao\/\">PESQUISA, P\u00d3S-GRADUA\u00c7\u00c3O e INOVA\u00c7\u00c3O<\/a><\/p>\n<p><a href=\"https:\/\/portal.uern.br\/acessoainformacao\/extensao\/\">EXTENS\u00c3O<\/a><\/p>\n<p><a href=\"https:\/\/portal.uern.br\/acessoainformacao\/internacionalizacao\/\">INTERNACIONALIZA\u00c7\u00c3O<\/a><\/p>\n<p><a href=\"https:\/\/portal.uern.br\/acessoainformacao\/inclusao\/\">INCLUS\u00c3O<\/a><\/p>\n<p><a href=\"https:\/\/portal.uern.br\/acessoainformacao\/acoes-afirmativas\/\">A\u00c7\u00d5ES AFIRMATIVAS<\/a><\/p>\n<p><a href=\"https:\/\/portal.uern.br\/acessoainformacao\/progep\/\">QUADRO DE VAGAS<\/a><\/p>\n","protected":false},"excerpt":{"rendered":"<p>A Universidade do Estado do Rio Grande do Norte (UERN) deu um passo significativo em dire\u00e7\u00e3o \u00e0 moderniza\u00e7\u00e3o da gest\u00e3o e \u00e0 promo\u00e7\u00e3o da transpar\u00eancia com o lan\u00e7amento do &#8220;UERN em N\u00fameros&#8221;. Esta nova ferramenta, que utiliza a Plataforma Google e sua Tecnologia de Business Intelligence, oferece dados detalhados e acess\u00edveis sobre diversos aspectos da [&hellip;]<\/p>\n","protected":false},"author":1,"featured_media":0,"parent":0,"menu_order":0,"comment_status":"closed","ping_status":"closed","template":"","meta":[],"_links":{"self":[{"href":"https:\/\/portal.uern.br\/acessoainformacao\/wp-json\/wp\/v2\/pages\/99681"}],"collection":[{"href":"https:\/\/portal.uern.br\/acessoainformacao\/wp-json\/wp\/v2\/pages"}],"about":[{"href":"https:\/\/portal.uern.br\/acessoainformacao\/wp-json\/wp\/v2\/types\/page"}],"author":[{"embeddable":true,"href":"https:\/\/portal.uern.br\/acessoainformacao\/wp-json\/wp\/v2\/users\/1"}],"replies":[{"embeddable":true,"href":"https:\/\/portal.uern.br\/acessoainformacao\/wp-json\/wp\/v2\/comments?post=99681"}],"version-history":[{"count":6,"href":"https:\/\/portal.uern.br\/acessoainformacao\/wp-json\/wp\/v2\/pages\/99681\/revisions"}],"predecessor-version":[{"id":100762,"href":"https:\/\/portal.uern.br\/acessoainformacao\/wp-json\/wp\/v2\/pages\/99681\/revisions\/100762"}],"wp:attachment":[{"href":"https:\/\/portal.uern.br\/acessoainformacao\/wp-json\/wp\/v2\/media?parent=99681"}],"curies":[{"name":"wp","href":"https:\/\/api.w.org\/{rel}","templated":true}]}}