{"id":99676,"date":"2023-05-03T07:41:21","date_gmt":"2023-05-03T10:41:21","guid":{"rendered":"https:\/\/portal.uern.br\/acessoainformacao\/?page_id=99676"},"modified":"2024-10-24T09:30:27","modified_gmt":"2024-10-24T12:30:27","slug":"acesso-a-informacao","status":"publish","type":"page","link":"https:\/\/portal.uern.br\/acessoainformacao\/","title":{"rendered":"Apresenta\u00e7\u00e3o"},"content":{"rendered":"<p><span style=\"font-weight: 400\">Em atendimento ao <a href=\"https:\/\/portal.uern.br\/acessoainformacao\/wp-content\/uploads\/sites\/23\/2024\/10\/Decreto-RN-31316_2022-portal-acesso-a-informacao.pdf\">Decreto N\u00ba 31.316, de 24 de Mar\u00e7o de 2022<\/a> do Governo no Estado do Rio Grande do Norte, o portal \u201cAcesso \u00e0 Informa\u00e7\u00e3o\u201d da UERN \u00e9 uma plataforma que fornece informa\u00e7\u00f5es claras sobre as atividades da universidade. Os menus organizados facilitam a busca por dados, abrangendo a\u00e7\u00f5es, programas, licita\u00e7\u00f5es, contratos, receitas, despesas e conv\u00eanios.<\/span><\/p>\n<p><span style=\"font-weight: 400\">O portal tamb\u00e9m inclui informa\u00e7\u00f5es sobre participa\u00e7\u00e3o da sociedade, Portal da Transpar\u00eancia do Poder Executivo, servi\u00e7o de informa\u00e7\u00e3o ao cidad\u00e3o, perguntas frequentes e carta de servi\u00e7os. A Assessoria de Governan\u00e7a e Transpar\u00eancia \u00e9 respons\u00e1vel pelo portal, visando cumprir a legisla\u00e7\u00e3o e princ\u00edpios de transpar\u00eancia. O objetivo \u00e9 promover a cidadania e a democracia por meio do acesso a informa\u00e7\u00f5es claras sobre a UERN.<\/span><span style=\"font-weight: 400\"><br \/>\n<\/span><span style=\"font-weight: 400\"><br \/>\n<\/span><span style=\"font-weight: 400\">A Assessoria \u00e9 composta pelos setores de Governan\u00e7a, Transpar\u00eancia e Escrit\u00f3rio de Processos:<\/span><\/p>\n<p>&nbsp;<\/p>\n<p><img fetchpriority=\"high\" decoding=\"async\" class=\"size-medium wp-image-100355 aligncenter\" src=\"https:\/\/portal.uern.br\/acessoainformacao\/wp-content\/uploads\/sites\/23\/2023\/09\/Organograma-AGT-300x284.png\" alt=\"\" width=\"300\" height=\"284\" srcset=\"https:\/\/portal.uern.br\/acessoainformacao\/wp-content\/uploads\/sites\/23\/2023\/09\/Organograma-AGT-300x284.png 300w, https:\/\/portal.uern.br\/acessoainformacao\/wp-content\/uploads\/sites\/23\/2023\/09\/Organograma-AGT.png 397w\" sizes=\"(max-width: 300px) 100vw, 300px\" \/><\/p>\n<p><strong>Assessora de Governan\u00e7a e Transpar\u00eancia:<\/strong> Prof. Ma. J\u00e9ssica Neiva de Figueiredo Leite Araujo<br \/>\n<strong>Endere\u00e7o:<\/strong> Rua Almino Afonso, n\u00ba 478 \u2013 Centro \u2013 CEP:59.610-210 \u2013 Mossor\u00f3-RN.<br \/>\n<strong>Hor\u00e1rio de atendimento ao p\u00fablico:<\/strong> de segunda a sexta, das 8h \u00e0s 12h<br \/>\n<strong>Email para contato:<\/strong> agt@uern.br<\/p>\n<p><strong>Escrit\u00f3rio de Processos:<\/strong> Hugo Ferreira dos Santos<br \/>\n<strong>Endere\u00e7o:<\/strong> Avenida Jo\u00e3o Medeiros Filho, n\u00ba 3419 \u2013 Potengi \u2013 CEP:59.122-365 \u2013 Natal-RN.<br \/>\n<strong>Hor\u00e1rio de atendimento ao p\u00fablico:<\/strong> de segunda a sexta, das 8h \u00e0s 12h<br \/>\n<strong>Email para contato:<\/strong> escritorio.processos@uern.br<\/p>\n","protected":false},"excerpt":{"rendered":"<p>Em atendimento ao Decreto N\u00ba 31.316, de 24 de Mar\u00e7o de 2022 do Governo no Estado do Rio Grande do Norte, o portal \u201cAcesso \u00e0 Informa\u00e7\u00e3o\u201d da UERN \u00e9 uma plataforma que fornece informa\u00e7\u00f5es claras sobre as atividades da universidade. Os menus organizados facilitam a busca por dados, abrangendo a\u00e7\u00f5es, programas, licita\u00e7\u00f5es, contratos, receitas, despesas [&hellip;]<\/p>\n","protected":false},"author":1,"featured_media":0,"parent":0,"menu_order":0,"comment_status":"closed","ping_status":"closed","template":"","meta":[],"_links":{"self":[{"href":"https:\/\/portal.uern.br\/acessoainformacao\/wp-json\/wp\/v2\/pages\/99676"}],"collection":[{"href":"https:\/\/portal.uern.br\/acessoainformacao\/wp-json\/wp\/v2\/pages"}],"about":[{"href":"https:\/\/portal.uern.br\/acessoainformacao\/wp-json\/wp\/v2\/types\/page"}],"author":[{"embeddable":true,"href":"https:\/\/portal.uern.br\/acessoainformacao\/wp-json\/wp\/v2\/users\/1"}],"replies":[{"embeddable":true,"href":"https:\/\/portal.uern.br\/acessoainformacao\/wp-json\/wp\/v2\/comments?post=99676"}],"version-history":[{"count":8,"href":"https:\/\/portal.uern.br\/acessoainformacao\/wp-json\/wp\/v2\/pages\/99676\/revisions"}],"predecessor-version":[{"id":100699,"href":"https:\/\/portal.uern.br\/acessoainformacao\/wp-json\/wp\/v2\/pages\/99676\/revisions\/100699"}],"wp:attachment":[{"href":"https:\/\/portal.uern.br\/acessoainformacao\/wp-json\/wp\/v2\/media?parent=99676"}],"curies":[{"name":"wp","href":"https:\/\/api.w.org\/{rel}","templated":true}]}}