{"id":99656,"date":"2023-04-24T20:02:08","date_gmt":"2023-04-24T23:02:08","guid":{"rendered":"https:\/\/portal.uern.br\/acessoainformacao\/?page_id=99656"},"modified":"2023-10-05T09:55:27","modified_gmt":"2023-10-05T12:55:27","slug":"servico-de-informacao-ao-cidadao","status":"publish","type":"page","link":"https:\/\/portal.uern.br\/acessoainformacao\/servico-de-informacao-ao-cidadao\/","title":{"rendered":"Servi\u00e7o de informa\u00e7\u00e3o ao cidad\u00e3o"},"content":{"rendered":"<p>Na p\u00e1gina\u00a0 &#8220;Servi\u00e7o de Informa\u00e7\u00e3o ao Cidad\u00e3o&#8221;, a UERN tem o compromisso de fornecer acesso amplo e transparente \u00e0s informa\u00e7\u00f5es p\u00fablicas. Conforme estabelecido pela Lei de Acesso \u00e0 Informa\u00e7\u00e3o, a institui\u00e7\u00e3o disponibiliza canais espec\u00edficos para solicita\u00e7\u00f5es de informa\u00e7\u00f5es, assegurando que os cidad\u00e3os possam exercer seu direito de acesso de maneira f\u00e1cil e eficiente.<\/p>\n<p>A UERN se empenha em responder prontamente \u00e0s solicita\u00e7\u00f5es, seguindo os prazos e procedimentos estabelecidos. A transpar\u00eancia e o compromisso com a presta\u00e7\u00e3o de contas s\u00e3o prioridades para promover uma rela\u00e7\u00e3o aberta e confiante com a sociedade.<\/p>\n<p><a href=\"https:\/\/portal.uern.br\/contatos\/\"><span style=\"font-weight: 400\">Contatos Institucionais<\/span><\/a><\/p>\n<p><a href=\"http:\/\/portal.uern.br\/wp-content\/uploads\/2020\/09\/UERN_Carta-de-servi%C3%A7os-corrigido.pdf\"><span style=\"font-weight: 400\">Hor\u00e1rio de Atendimento<\/span><\/a><\/p>\n<p><a href=\"https:\/\/portal.uern.br\/perguntas-frequentes\/\"><span style=\"font-weight: 400\">Perguntas e Respostas Frequentes<\/span><\/a><\/p>\n<p><a href=\"http:\/\/portal.uern.br\/wp-content\/uploads\/2020\/09\/UERN_Carta-de-servi%C3%A7os-corrigido.pdf\"><span style=\"font-weight: 400\">Carta de Servi\u00e7os<\/span><\/a><\/p>\n<p><a href=\"https:\/\/portal.uern.br\/gabinete\/sistemas\/\"><span style=\"font-weight: 400\">Sistemas<\/span><\/a><\/p>\n<p><a href=\"https:\/\/portal.uern.br\/ouviuern\/\"><span style=\"font-weight: 400\">Ouvidoria<\/span><\/a><\/p>\n<p>&nbsp;<\/p>\n","protected":false},"excerpt":{"rendered":"<p>Na p\u00e1gina\u00a0 &#8220;Servi\u00e7o de Informa\u00e7\u00e3o ao Cidad\u00e3o&#8221;, a UERN tem o compromisso de fornecer acesso amplo e transparente \u00e0s informa\u00e7\u00f5es p\u00fablicas. Conforme estabelecido pela Lei de Acesso \u00e0 Informa\u00e7\u00e3o, a institui\u00e7\u00e3o disponibiliza canais espec\u00edficos para solicita\u00e7\u00f5es de informa\u00e7\u00f5es, assegurando que os cidad\u00e3os possam exercer seu direito de acesso de maneira f\u00e1cil e eficiente. A UERN [&hellip;]<\/p>\n","protected":false},"author":1,"featured_media":0,"parent":0,"menu_order":0,"comment_status":"closed","ping_status":"closed","template":"","meta":[],"_links":{"self":[{"href":"https:\/\/portal.uern.br\/acessoainformacao\/wp-json\/wp\/v2\/pages\/99656"}],"collection":[{"href":"https:\/\/portal.uern.br\/acessoainformacao\/wp-json\/wp\/v2\/pages"}],"about":[{"href":"https:\/\/portal.uern.br\/acessoainformacao\/wp-json\/wp\/v2\/types\/page"}],"author":[{"embeddable":true,"href":"https:\/\/portal.uern.br\/acessoainformacao\/wp-json\/wp\/v2\/users\/1"}],"replies":[{"embeddable":true,"href":"https:\/\/portal.uern.br\/acessoainformacao\/wp-json\/wp\/v2\/comments?post=99656"}],"version-history":[{"count":4,"href":"https:\/\/portal.uern.br\/acessoainformacao\/wp-json\/wp\/v2\/pages\/99656\/revisions"}],"predecessor-version":[{"id":100402,"href":"https:\/\/portal.uern.br\/acessoainformacao\/wp-json\/wp\/v2\/pages\/99656\/revisions\/100402"}],"wp:attachment":[{"href":"https:\/\/portal.uern.br\/acessoainformacao\/wp-json\/wp\/v2\/media?parent=99656"}],"curies":[{"name":"wp","href":"https:\/\/api.w.org\/{rel}","templated":true}]}}