{"id":99654,"date":"2023-04-24T20:01:27","date_gmt":"2023-04-24T23:01:27","guid":{"rendered":"https:\/\/portal.uern.br\/acessoainformacao\/?page_id=99654"},"modified":"2023-10-05T09:53:10","modified_gmt":"2023-10-05T12:53:10","slug":"informacoes-classificadas","status":"publish","type":"page","link":"https:\/\/portal.uern.br\/acessoainformacao\/informacoes-classificadas\/","title":{"rendered":"Informa\u00e7\u00f5es classificadas"},"content":{"rendered":"<p>Na p\u00e1gina &#8220;Informa\u00e7\u00f5es Classificadas&#8221;, a UERN segue o Decreto Estadual pertinente para proteger informa\u00e7\u00f5es sigilosas, sens\u00edveis ou estrat\u00e9gicas. Essas informa\u00e7\u00f5es s\u00e3o restritas e requerem medidas de seguran\u00e7a e procedimentos espec\u00edficos. A classifica\u00e7\u00e3o adequada, o controle de acesso e a confidencialidade s\u00e3o priorizados.<\/p>\n<p>O acesso \u00e9 permitido apenas a pessoas autorizadas, seguindo os crit\u00e9rios de classifica\u00e7\u00e3o. A UERN se compromete a promover a transpar\u00eancia dentro dos limites legais, protegendo as informa\u00e7\u00f5es classificadas e cumprindo suas responsabilidades institucionais.<\/p>\n<p><a href=\"https:\/\/portal.uern.br\/ouviuern\/legislacao\/\"><span style=\"font-weight: 400\">Legisla\u00e7\u00e3o<\/span><\/a><\/p>\n<p><a href=\"https:\/\/portal.uern.br\/ouviuern\/relatorios\/\"><span style=\"font-weight: 400\">Relat\u00f3rio Anual<\/span><\/a><\/p>\n<p><a href=\"http:\/\/portal.uern.br\/wp-content\/uploads\/2021\/08\/LGPD-arquivo-PDF-final.pdf\"><span style=\"font-weight: 400\">Privacidade e Prote\u00e7\u00e3o dos dados<\/span><\/a><\/p>\n<p><a href=\"https:\/\/portal.uern.br\/ouviuern\/relatorios\/\"><span style=\"font-weight: 400\">Pedidos de Informa\u00e7\u00f5es de forma Eletr\u00f4nica (e-SIC)<\/span><\/a><\/p>\n","protected":false},"excerpt":{"rendered":"<p>Na p\u00e1gina &#8220;Informa\u00e7\u00f5es Classificadas&#8221;, a UERN segue o Decreto Estadual pertinente para proteger informa\u00e7\u00f5es sigilosas, sens\u00edveis ou estrat\u00e9gicas. Essas informa\u00e7\u00f5es s\u00e3o restritas e requerem medidas de seguran\u00e7a e procedimentos espec\u00edficos. A classifica\u00e7\u00e3o adequada, o controle de acesso e a confidencialidade s\u00e3o priorizados. O acesso \u00e9 permitido apenas a pessoas autorizadas, seguindo os crit\u00e9rios de classifica\u00e7\u00e3o. [&hellip;]<\/p>\n","protected":false},"author":1,"featured_media":0,"parent":0,"menu_order":0,"comment_status":"closed","ping_status":"closed","template":"","meta":[],"_links":{"self":[{"href":"https:\/\/portal.uern.br\/acessoainformacao\/wp-json\/wp\/v2\/pages\/99654"}],"collection":[{"href":"https:\/\/portal.uern.br\/acessoainformacao\/wp-json\/wp\/v2\/pages"}],"about":[{"href":"https:\/\/portal.uern.br\/acessoainformacao\/wp-json\/wp\/v2\/types\/page"}],"author":[{"embeddable":true,"href":"https:\/\/portal.uern.br\/acessoainformacao\/wp-json\/wp\/v2\/users\/1"}],"replies":[{"embeddable":true,"href":"https:\/\/portal.uern.br\/acessoainformacao\/wp-json\/wp\/v2\/comments?post=99654"}],"version-history":[{"count":4,"href":"https:\/\/portal.uern.br\/acessoainformacao\/wp-json\/wp\/v2\/pages\/99654\/revisions"}],"predecessor-version":[{"id":100400,"href":"https:\/\/portal.uern.br\/acessoainformacao\/wp-json\/wp\/v2\/pages\/99654\/revisions\/100400"}],"wp:attachment":[{"href":"https:\/\/portal.uern.br\/acessoainformacao\/wp-json\/wp\/v2\/media?parent=99654"}],"curies":[{"name":"wp","href":"https:\/\/api.w.org\/{rel}","templated":true}]}}