{"id":99652,"date":"2023-04-24T20:00:46","date_gmt":"2023-04-24T23:00:46","guid":{"rendered":"https:\/\/portal.uern.br\/acessoainformacao\/?page_id=99652"},"modified":"2023-10-05T09:50:10","modified_gmt":"2023-10-05T12:50:10","slug":"pessoal","status":"publish","type":"page","link":"https:\/\/portal.uern.br\/acessoainformacao\/pessoal\/","title":{"rendered":"Pessoal"},"content":{"rendered":"<p><span style=\"font-weight: 400\">Aqui est\u00e3o as informa\u00e7\u00f5es relacionadas aos recursos humanos (RH) da Universidade, ou seja, o capital humano da Institui\u00e7\u00e3o. No tocante ao pessoal \u00e9 poss\u00edvel encontrar informa\u00e7\u00f5es relacionadas ao recrutamento, sele\u00e7\u00e3o, desenvolvimento, reten\u00e7\u00e3o e bem-estar dos servidores:<\/span><\/p>\n<p>I &#8211; matr\u00edcula e CPF, ocultando os tr\u00eas primeiros d\u00edgitos e os dois d\u00edgitos verificadores;<\/p>\n<p>II &#8211; nome completo;<\/p>\n<p>III &#8211; cargo e fun\u00e7\u00e3o;<\/p>\n<p>IV &#8211; lota\u00e7\u00e3o;<\/p>\n<p>V &#8211; regime jur\u00eddico;<\/p>\n<p>VI &#8211; jornada de trabalho;<\/p>\n<p>VII &#8211; ato de nomea\u00e7\u00e3o ou contrata\u00e7\u00e3o e respectiva data de publica\u00e7\u00e3o;<\/p>\n<p>VIII &#8211; cargo efetivo ou permanente ou emprego permanente;<\/p>\n<p>IX &#8211; \u00f3rg\u00e3o ou entidade de origem, no caso de servidor requisitado ou cedido;<\/p>\n<p>X &#8211; remunera\u00e7\u00e3o individualizada; e<\/p>\n<p>XI &#8211; \u00edntegra dos editais de concurso p\u00fablico.<\/p>\n<p><strong>Confira todas as informa\u00e7\u00f5es nos link a seguir:\u00a0<\/strong><\/p>\n<p><a href=\"https:\/\/www.uern.br\/controledepaginas\/prorhae-documentos\/arquivos\/0478manual_de_rotinas_uern.pdf\"><span style=\"font-weight: 400\">Compet\u00eancias e Atribui\u00e7\u00f5es de Cargos<\/span><\/a><\/p>\n<p><a href=\"https:\/\/portal.uern.br\/portaldatransparencia\/gratificacoes\/\"><span style=\"font-weight: 400\">Cargos Comissionados e Fun\u00e7\u00f5es Gratificadas da FUERN<\/span><\/a><\/p>\n<p><a href=\"https:\/\/www.uern.br\/controledepaginas\/prorhae-documentos\/arquivos\/0478manual_de_rotinas_uern.pdf\"><span style=\"font-weight: 400\">Manual de Cargos, Fun\u00e7\u00f5es e Rotinas Administrativas<\/span><\/a><\/p>\n<p><a href=\"https:\/\/portal.uern.br\/portaldatransparencia\/\"><span style=\"font-weight: 400\">Rendimento Bruto de Servidores Efetivos Ativos e Inativos<\/span><\/a><\/p>\n<p><a href=\"https:\/\/www.planalto.gov.br\/ccivil_03\/_ato2011-2014\/2011\/lei\/l12527.htm\"><span style=\"font-weight: 400\">Lei Federal n\u00ba 12.257\/2011<\/span><\/a><\/p>\n<p><a href=\"http:\/\/adcon.rn.gov.br\/ACERVO\/control\/DOC\/DOC000000000015194.PDF\"><span style=\"font-weight: 400\">Decreto Estadual n\u00ba 22.868\/2012<\/span><\/a><\/p>\n<p><a href=\"http:\/\/portal.uern.br\/wp-content\/uploads\/2021\/08\/LGPD-arquivo-PDF-final.pdf\"><span style=\"font-weight: 400\">Privacidade e Prote\u00e7\u00e3o dos dados<\/span><\/a><\/p>\n<p><a href=\"https:\/\/prorhae.uern.br\/default.asp?item=progep-concursos\"><span style=\"font-weight: 400\">Concursos<\/span><\/a><\/p>\n<p><a href=\"https:\/\/www.uern.br\/uernemnumeros\/default.asp?item=uern-em-numeros-recursos-humanos\"><span style=\"font-weight: 400\">Rela\u00e7\u00e3o de Servidores<\/span><\/a><\/p>\n<p><a href=\"https:\/\/portal.uern.br\/progep\/capacitacao-e-treinamento\/\"><span style=\"font-weight: 400\">Capacita\u00e7\u00e3o e Treinamento de Servidores<\/span><\/a><\/p>\n","protected":false},"excerpt":{"rendered":"<p>Aqui est\u00e3o as informa\u00e7\u00f5es relacionadas aos recursos humanos (RH) da Universidade, ou seja, o capital humano da Institui\u00e7\u00e3o. No tocante ao pessoal \u00e9 poss\u00edvel encontrar informa\u00e7\u00f5es relacionadas ao recrutamento, sele\u00e7\u00e3o, desenvolvimento, reten\u00e7\u00e3o e bem-estar dos servidores: I &#8211; matr\u00edcula e CPF, ocultando os tr\u00eas primeiros d\u00edgitos e os dois d\u00edgitos verificadores; II &#8211; nome completo; [&hellip;]<\/p>\n","protected":false},"author":1,"featured_media":0,"parent":0,"menu_order":0,"comment_status":"closed","ping_status":"closed","template":"","meta":[],"_links":{"self":[{"href":"https:\/\/portal.uern.br\/acessoainformacao\/wp-json\/wp\/v2\/pages\/99652"}],"collection":[{"href":"https:\/\/portal.uern.br\/acessoainformacao\/wp-json\/wp\/v2\/pages"}],"about":[{"href":"https:\/\/portal.uern.br\/acessoainformacao\/wp-json\/wp\/v2\/types\/page"}],"author":[{"embeddable":true,"href":"https:\/\/portal.uern.br\/acessoainformacao\/wp-json\/wp\/v2\/users\/1"}],"replies":[{"embeddable":true,"href":"https:\/\/portal.uern.br\/acessoainformacao\/wp-json\/wp\/v2\/comments?post=99652"}],"version-history":[{"count":5,"href":"https:\/\/portal.uern.br\/acessoainformacao\/wp-json\/wp\/v2\/pages\/99652\/revisions"}],"predecessor-version":[{"id":100398,"href":"https:\/\/portal.uern.br\/acessoainformacao\/wp-json\/wp\/v2\/pages\/99652\/revisions\/100398"}],"wp:attachment":[{"href":"https:\/\/portal.uern.br\/acessoainformacao\/wp-json\/wp\/v2\/media?parent=99652"}],"curies":[{"name":"wp","href":"https:\/\/api.w.org\/{rel}","templated":true}]}}