{"id":99648,"date":"2023-04-24T19:55:45","date_gmt":"2023-04-24T22:55:45","guid":{"rendered":"https:\/\/portal.uern.br\/acessoainformacao\/?page_id=99648"},"modified":"2023-10-05T09:28:01","modified_gmt":"2023-10-05T12:28:01","slug":"receitas-e-despesas","status":"publish","type":"page","link":"https:\/\/portal.uern.br\/acessoainformacao\/receitas-e-despesas\/","title":{"rendered":"Receitas e Despesas"},"content":{"rendered":"<p><span style=\"font-weight: 400\">Aqui est\u00e3o nossos fluxos de entrada e sa\u00edda de recursos financeiros essenciais para a gest\u00e3o financeira e cont\u00e1bil, permitindo o acompanhamento e controle desses recursos em nossas atividades para garantir a sustentabilidade financeira da nossa Institui\u00e7\u00e3o.<\/span><\/p>\n<p><strong>Receitas\u00a0<\/strong><\/p>\n<p>I &#8211; previs\u00e3o das receitas;<\/p>\n<p>II &#8211; receitas realizadas;<\/p>\n<p>III &#8211; receitas lan\u00e7adas;<\/p>\n<p>IV &#8211; categoria das receitas; e<\/p>\n<p>V &#8211; origem das receitas.<\/p>\n<p><strong>Despesas<\/strong>:<\/p>\n<p>I &#8211; Quadro de Detalhamento de Programas, por unidade or\u00e7ament\u00e1ria, contendo:<\/p>\n<p style=\"padding-left: 40px\">a) classifica\u00e7\u00e3o or\u00e7ament\u00e1ria;<\/p>\n<p style=\"padding-left: 40px\">b) or\u00e7amento atualizado, levando em considera\u00e7\u00e3o os recursos consignados por programa na lei or\u00e7ament\u00e1ria anual e em seus cr\u00e9ditos adicionais;<\/p>\n<p style=\"padding-left: 40px\">c) valor liquidado no ano considerado, para exerc\u00edcios encerrados, e valor liquidado at\u00e9 o m\u00eas considerado, para o exerc\u00edcio corrente; d) valor pago no ano considerado, para exerc\u00edcios encerrados, e valor pago at\u00e9 o m\u00eas considerado, para o exerc\u00edcio corrente;<\/p>\n<p style=\"padding-left: 40px\">e) percentual dos recursos liquidados comparados aos autorizados;<\/p>\n<p style=\"padding-left: 40px\">f) percentual dos recursos pagos comparados aos autorizados;<\/p>\n<p>II &#8211; Quadro de Execu\u00e7\u00e3o de Despesas, por unidade or\u00e7ament\u00e1ria, contendo:<\/p>\n<p style=\"padding-left: 40px\">a) descri\u00e7\u00e3o da natureza das despesas;<\/p>\n<p style=\"padding-left: 40px\">b) valor liquidado no ano considerado, para exerc\u00edcios encerrados, e valor liquidado at\u00e9 o m\u00eas considerado, para o exerc\u00edcio corrente; c) valor pago no ano considerado, para exerc\u00edcios encerrados, e valor pago at\u00e9 o m\u00eas considerado, para o exerc\u00edcio corrente;<\/p>\n<p>III &#8211; despesas com di\u00e1rias e passagens pagas a servidores p\u00fablicos em viagens a trabalho ou a colaboradores eventuais em viagens no interesse da Administra\u00e7\u00e3o para cada trecho, contendo: a) \u00f3rg\u00e3os ou entidades envolvidas; b) unidade gestora; c) dados do servidor: nome, matr\u00edcula e cargo; d) origem e destino de todos os trechos da viagem; e) per\u00edodo da viagem; f) motivo da viagem; g) meio de transporte; h) classe e valor da passagem; i) n\u00famero de di\u00e1rias e valor total das di\u00e1rias; e j) valor total da viagem.<\/p>\n<p><strong>Voc\u00ea pode conferir tudo isso melhor em nossas Pr\u00f3-Reitorias e nos Links a seguir:<\/strong><\/p>\n<p><span style=\"font-weight: 400\">Pr\u00f3-Reitoria de Planejamento, Or\u00e7amento e Finan\u00e7as (<a href=\"https:\/\/portal.uern.br\/proplan\/\">PROPLAN<\/a>):<\/span><\/p>\n<p><span style=\"font-weight: 400\">Pr\u00f3-Reitoria de Administra\u00e7\u00e3o (<a href=\"https:\/\/portal.uern.br\/proad\/\">PROAD<\/a>):<\/span><\/p>\n<p><a href=\"https:\/\/proad.uern.br\/default.asp?item=proad-apresentacao\"><span style=\"font-weight: 400\">https:\/\/proad.uern.br\/default.asp?item=proad-apresentacao<\/span><\/a><span style=\"font-weight: 400\">\u00a0<\/span><\/p>\n<p><a href=\"https:\/\/www.uern.br\/controledepaginas\/propeg-captacaoderecursos-legislacao\/arquivos\/4724portaria_293.2020_gp_fuern_dia%C2%A1rias.pdf\"><span style=\"font-weight: 400\">Valores de Di\u00e1rias<\/span><\/a><\/p>\n<p><a href=\"https:\/\/portal.uern.br\/relatorio-de-gestao\/\"><span style=\"font-weight: 400\">Balan\u00e7o Geral do ano e Relat\u00f3rio de Gest\u00e3o<\/span><\/a><\/p>\n<p><a href=\"https:\/\/portal.uern.br\/proplan\/ppa-2020-2023\/\"><span style=\"font-weight: 400\">Plano Plurianual (PPA), Diretrizes Or\u00e7ament\u00e1rias (LDO) e Lei Or\u00e7ament\u00e1ria (LOA)<\/span><\/a><\/p>\n<p>&nbsp;<\/p>\n","protected":false},"excerpt":{"rendered":"<p>Aqui est\u00e3o nossos fluxos de entrada e sa\u00edda de recursos financeiros essenciais para a gest\u00e3o financeira e cont\u00e1bil, permitindo o acompanhamento e controle desses recursos em nossas atividades para garantir a sustentabilidade financeira da nossa Institui\u00e7\u00e3o. Receitas\u00a0 I &#8211; previs\u00e3o das receitas; II &#8211; receitas realizadas; III &#8211; receitas lan\u00e7adas; IV &#8211; categoria das receitas; [&hellip;]<\/p>\n","protected":false},"author":1,"featured_media":0,"parent":0,"menu_order":0,"comment_status":"closed","ping_status":"closed","template":"","meta":[],"_links":{"self":[{"href":"https:\/\/portal.uern.br\/acessoainformacao\/wp-json\/wp\/v2\/pages\/99648"}],"collection":[{"href":"https:\/\/portal.uern.br\/acessoainformacao\/wp-json\/wp\/v2\/pages"}],"about":[{"href":"https:\/\/portal.uern.br\/acessoainformacao\/wp-json\/wp\/v2\/types\/page"}],"author":[{"embeddable":true,"href":"https:\/\/portal.uern.br\/acessoainformacao\/wp-json\/wp\/v2\/users\/1"}],"replies":[{"embeddable":true,"href":"https:\/\/portal.uern.br\/acessoainformacao\/wp-json\/wp\/v2\/comments?post=99648"}],"version-history":[{"count":6,"href":"https:\/\/portal.uern.br\/acessoainformacao\/wp-json\/wp\/v2\/pages\/99648\/revisions"}],"predecessor-version":[{"id":100392,"href":"https:\/\/portal.uern.br\/acessoainformacao\/wp-json\/wp\/v2\/pages\/99648\/revisions\/100392"}],"wp:attachment":[{"href":"https:\/\/portal.uern.br\/acessoainformacao\/wp-json\/wp\/v2\/media?parent=99648"}],"curies":[{"name":"wp","href":"https:\/\/api.w.org\/{rel}","templated":true}]}}