{"id":99646,"date":"2023-04-24T19:52:38","date_gmt":"2023-04-24T22:52:38","guid":{"rendered":"https:\/\/portal.uern.br\/acessoainformacao\/?page_id=99646"},"modified":"2024-12-16T10:59:17","modified_gmt":"2024-12-16T13:59:17","slug":"convenios-e-transferencias","status":"publish","type":"page","link":"https:\/\/portal.uern.br\/acessoainformacao\/convenios-e-transferencias\/","title":{"rendered":"Conv\u00eanios e Transfer\u00eancias"},"content":{"rendered":"<p><span style=\"font-weight: 400\">Os Conv\u00eanios e Repasses governamentais s\u00e3o mecanismos utilizados por outros \u00f3rg\u00e3os p\u00fablicos para transferir recursos financeiros ou outros tipos de apoio para a nossa Institui\u00e7\u00e3o com o objetivo de promover a realiza\u00e7\u00e3o de atividades de interesse p\u00fablico, ligados ao papel institucional e social da UERN. Em ambos os casos, s\u00e3o seguidas as normas e regulamentos estabelecidos, prestadas as contas dos recursos recebidos e apresentados os resultados claros e mensur\u00e1veis em rela\u00e7\u00e3o aos objetivos propostos, garantindo a transpar\u00eancia, a efici\u00eancia e a efic\u00e1cia na utiliza\u00e7\u00e3o dos recursos p\u00fablicos.<\/span><\/p>\n<p><span style=\"font-weight: 400\">Confira nossas Emendas Parlamentares:<\/span><\/p>\n<p><a href=\"https:\/\/portal.uern.br\/proplan\"><span style=\"font-weight: 400\">https:\/\/portal.uern.br\/proplan<\/span><\/a><\/p>\n<p><span style=\"font-weight: 400\">Acesse nossos Servi\u00e7os de Sa\u00fade:\u00a0<\/span><\/p>\n<p><a href=\"https:\/\/portal.uern.br\/progep\/auxilio-saude\/\"><span style=\"font-weight: 400\">https:\/\/portal.uern.br\/progep\/auxilio-saude\/<\/span><\/a><\/p>\n","protected":false},"excerpt":{"rendered":"<p>Os Conv\u00eanios e Repasses governamentais s\u00e3o mecanismos utilizados por outros \u00f3rg\u00e3os p\u00fablicos para transferir recursos financeiros ou outros tipos de apoio para a nossa Institui\u00e7\u00e3o com o objetivo de promover a realiza\u00e7\u00e3o de atividades de interesse p\u00fablico, ligados ao papel institucional e social da UERN. Em ambos os casos, s\u00e3o seguidas as normas e regulamentos [&hellip;]<\/p>\n","protected":false},"author":1,"featured_media":0,"parent":0,"menu_order":0,"comment_status":"closed","ping_status":"closed","template":"","meta":[],"_links":{"self":[{"href":"https:\/\/portal.uern.br\/acessoainformacao\/wp-json\/wp\/v2\/pages\/99646"}],"collection":[{"href":"https:\/\/portal.uern.br\/acessoainformacao\/wp-json\/wp\/v2\/pages"}],"about":[{"href":"https:\/\/portal.uern.br\/acessoainformacao\/wp-json\/wp\/v2\/types\/page"}],"author":[{"embeddable":true,"href":"https:\/\/portal.uern.br\/acessoainformacao\/wp-json\/wp\/v2\/users\/1"}],"replies":[{"embeddable":true,"href":"https:\/\/portal.uern.br\/acessoainformacao\/wp-json\/wp\/v2\/comments?post=99646"}],"version-history":[{"count":4,"href":"https:\/\/portal.uern.br\/acessoainformacao\/wp-json\/wp\/v2\/pages\/99646\/revisions"}],"predecessor-version":[{"id":100733,"href":"https:\/\/portal.uern.br\/acessoainformacao\/wp-json\/wp\/v2\/pages\/99646\/revisions\/100733"}],"wp:attachment":[{"href":"https:\/\/portal.uern.br\/acessoainformacao\/wp-json\/wp\/v2\/media?parent=99646"}],"curies":[{"name":"wp","href":"https:\/\/api.w.org\/{rel}","templated":true}]}}