{"id":99644,"date":"2023-04-24T19:51:16","date_gmt":"2023-04-24T22:51:16","guid":{"rendered":"https:\/\/portal.uern.br\/acessoainformacao\/?page_id=99644"},"modified":"2023-10-05T09:05:22","modified_gmt":"2023-10-05T12:05:22","slug":"controle-interno-e-externo","status":"publish","type":"page","link":"https:\/\/portal.uern.br\/acessoainformacao\/controle-interno-e-externo\/","title":{"rendered":"Controle interno e externo"},"content":{"rendered":"<p data-raofz=\"16\">A Unidade de Controle Interno da UERN (UCI\/UERN) \u00e9 um \u00f3rg\u00e3o de natureza instrumental, parte do Sistema Integrado de Controle Interno do Poder Executivo, que \u00e9 o conjunto de \u00f3rg\u00e3os, fun\u00e7\u00f5es e atividades previstas na Lei Complementar n\u00b0 638\/2018-RN, sendo composto pela Controladoria-Geral do Estado (CONTROL), como \u00d3rg\u00e3o Central, e pelas Unidades de Controle Interno (UCI), de car\u00e1ter permanente, e abrange toda a Administra\u00e7\u00e3o P\u00fablica Direta e Indireta do Estado do Rio Grande do Norte.\u00a0A Unidade de Controle Interno da UERN foi instalada oficialmente no ano de 2006, com a responsabilidade de realizar a fiscaliza\u00e7\u00e3o cont\u00e1bil, financeira, or\u00e7ament\u00e1ria, operacional e patrimonial no \u00e2mbito da universidade, bem como avaliar os resultados obtidos pela administra\u00e7\u00e3o.<\/p>\n<p data-raofz=\"16\">Confira mais sobre o nosso <a href=\"https:\/\/portal.uern.br\/uci\/\">Controle Interno<\/a>.<\/p>\n<p><span style=\"font-weight: 400\">J\u00e1 o controle externo \u00e9 exercido por um processo de supervis\u00e3o e auditoria realizado por entidades governamentais, como \u00f3rg\u00e3os de controle, ag\u00eancias reguladoras, tribunais de contas, entre outros, totalmente independentes da UERN. A fun\u00e7\u00e3o principal do controle externo \u00e9 monitorar e avaliar a legalidade, efici\u00eancia, efic\u00e1cia e economicidade das nossas atividades, al\u00e9m disso, o controle externo tamb\u00e9m ajuda a promover a transpar\u00eancia, a presta\u00e7\u00e3o de contas e a boa governan\u00e7a.<\/span><\/p>\n<p><span style=\"font-weight: 400\">Confira nossas <a href=\"http:\/\/portal.uern.br\/wp-content\/uploads\/2021\/08\/LGPD-arquivo-PDF-final.pdf\">Diretrizes para Tratamento de Dados Pessoais (LGPD)<\/a> no \u00c2mbito da UERN.<\/span><\/p>\n","protected":false},"excerpt":{"rendered":"<p>A Unidade de Controle Interno da UERN (UCI\/UERN) \u00e9 um \u00f3rg\u00e3o de natureza instrumental, parte do Sistema Integrado de Controle Interno do Poder Executivo, que \u00e9 o conjunto de \u00f3rg\u00e3os, fun\u00e7\u00f5es e atividades previstas na Lei Complementar n\u00b0 638\/2018-RN, sendo composto pela Controladoria-Geral do Estado (CONTROL), como \u00d3rg\u00e3o Central, e pelas Unidades de Controle Interno [&hellip;]<\/p>\n","protected":false},"author":1,"featured_media":0,"parent":0,"menu_order":0,"comment_status":"closed","ping_status":"closed","template":"","meta":[],"_links":{"self":[{"href":"https:\/\/portal.uern.br\/acessoainformacao\/wp-json\/wp\/v2\/pages\/99644"}],"collection":[{"href":"https:\/\/portal.uern.br\/acessoainformacao\/wp-json\/wp\/v2\/pages"}],"about":[{"href":"https:\/\/portal.uern.br\/acessoainformacao\/wp-json\/wp\/v2\/types\/page"}],"author":[{"embeddable":true,"href":"https:\/\/portal.uern.br\/acessoainformacao\/wp-json\/wp\/v2\/users\/1"}],"replies":[{"embeddable":true,"href":"https:\/\/portal.uern.br\/acessoainformacao\/wp-json\/wp\/v2\/comments?post=99644"}],"version-history":[{"count":5,"href":"https:\/\/portal.uern.br\/acessoainformacao\/wp-json\/wp\/v2\/pages\/99644\/revisions"}],"predecessor-version":[{"id":100385,"href":"https:\/\/portal.uern.br\/acessoainformacao\/wp-json\/wp\/v2\/pages\/99644\/revisions\/100385"}],"wp:attachment":[{"href":"https:\/\/portal.uern.br\/acessoainformacao\/wp-json\/wp\/v2\/media?parent=99644"}],"curies":[{"name":"wp","href":"https:\/\/api.w.org\/{rel}","templated":true}]}}